{"id":3134,"date":"2017-06-10T08:24:41","date_gmt":"2017-06-10T13:24:41","guid":{"rendered":"https:\/\/rivierafam.com.mx\/about\/"},"modified":"2024-06-29T16:38:55","modified_gmt":"2024-06-29T21:38:55","slug":"about","status":"publish","type":"page","link":"https:\/\/rivierafam.com.mx\/es\/about\/","title":{"rendered":"Nosotros"},"content":{"rendered":"<div class=\"wpb-content-wrapper\"><p>[vc_row][vc_column width=\u00bb7\/12&#8243;]<div id=\"cz_33596\" class=\"cz_33596 cz_title clr cz_mobile_text_center cz_title_pos_inline\"><div class=\"cz_title_content\"><div class=\"cz_wpe_content\"><h1>Tours Privados en Riviera Maya<\/h1>\n<h2>Sobre nosotros<\/h2>\n<h3><strong>Somos una compa\u00f1\u00eda familiar<\/strong><\/h3>\n<\/div><\/div><\/div><div class=\"cz_gap clr  hide_on_tablet hide_on_mobile\" style=\"height: 40px\"><\/div><div class=\"cz_gap show_on_tablet clr  show_only_tablet\" style=\"height: 80px\"><\/div><div class=\"cz_gap show_on_mobile clr\" style=\"height: 15px\"><\/div><div id=\"cz_51910\" class=\"cz_51910 cz_title clr cz_title_pos_inline\"><div class=\"cz_title_content\"><div class=\"cz_wpe_content\"><p>Somos una empresa de turismo familiar dedicada a compartir la belleza y la cultura de la Riviera Maya a trav\u00e9s de tours privados que se adaptan a su itinerario, asegurando una experiencia personalizada para usted y sus seres queridos.<\/p>\n<p>&nbsp;<\/p>\n<p>Ofrecemos diferentes tours donde podr\u00e1s explorar ruinas antiguas, visitar pueblos tradicionales, vivir aventuras en la jungla y hacer snorkel en arrecifes. Nuestro equipo de gu\u00edas expertos lo mantendr\u00e1 seguro y le ense\u00f1ar\u00e1 sobre la historia y la cultura de la regi\u00f3n.<\/p>\n<p>Adem\u00e1s nuestro equipo trabaja con pasi\u00f3n y un profundo respeto por la naturaleza, esforz\u00e1ndose por brindar aventuras \u00fanicas e inolvidables priorizando la protecci\u00f3n del medio ambiente.<\/p>\n<\/div><\/div><\/div><div class=\"cz_gap clr \" style=\"height: 50px\"><\/div>[vc_row_inner][vc_column_inner width=\u00bb1\/2&#8243;]<ul id=\"cz_39481\" class=\"cz_39481 cz_stylish_list clr cz_sl_icon_hover_flash\"><li class=\"clr\"><div class=\"cz_sl_icon\"><i class=\"fa czico-103-success mr10\" ><\/i><\/div><div><span>Tours privados<\/span><\/div><\/li><li class=\"clr\"><div class=\"cz_sl_icon\"><i class=\"fa czico-103-success mr10\" ><\/i><\/div><div><span>Respetamos a la naturaleza<\/span><\/div><\/li><\/ul>[\/vc_column_inner][vc_column_inner width=\u00bb1\/2&#8243;]<ul id=\"cz_110419\" class=\"cz_110419 cz_stylish_list clr cz_sl_icon_hover_flash\"><li class=\"clr\"><div class=\"cz_sl_icon\"><i class=\"fa czico-103-success mr10\" ><\/i><\/div><div><span>Nos adaptamos a tu itinerario<\/span><\/div><\/li><li class=\"clr\"><div class=\"cz_sl_icon\"><i class=\"fa czico-103-success mr10\" ><\/i><\/div><div><span>Compartimos la cultura local <\/span><\/div><\/li><\/ul>[\/vc_column_inner][\/vc_row_inner][\/vc_column][vc_column width=\u00bb5\/12&#8243;]<div id=\"cz_28947\" data-position=\"top-right\" class=\"cz_28947 cz_image clr cz_image_no_fx center_on_mobile\"><div class=\"\" ><div class=\"cz_image_in\"><div class=\"cz_main_image\"><img loading=\"lazy\" decoding=\"async\" width=\"945\" height=\"945\" src=\"https:\/\/rivierafam.com.mx\/wp-content\/uploads\/2019\/09\/holbox-6.jpg\" class=\"attachment-full\" alt=\"\" title=\"holbox (6)\" srcset=\"https:\/\/rivierafam.com.mx\/wp-content\/uploads\/2019\/09\/holbox-6.jpg 945w, https:\/\/rivierafam.com.mx\/wp-content\/uploads\/2019\/09\/holbox-6-600x600.jpg 600w, https:\/\/rivierafam.com.mx\/wp-content\/uploads\/2019\/09\/holbox-6-100x100.jpg 100w, https:\/\/rivierafam.com.mx\/wp-content\/uploads\/2019\/09\/holbox-6-300x300.jpg 300w, https:\/\/rivierafam.com.mx\/wp-content\/uploads\/2019\/09\/holbox-6-150x150.jpg 150w, https:\/\/rivierafam.com.mx\/wp-content\/uploads\/2019\/09\/holbox-6-768x768.jpg 768w\" sizes=\"auto, (max-width: 945px) 100vw, 945px\" \/><\/div><\/div><\/div><\/div>[\/vc_column][\/vc_row][vc_row][vc_column]<div class=\"cz_gap clr  hide_on_mobile\" style=\"height: 150px\"><\/div><div class=\"cz_gap show_on_mobile clr\" style=\"height: 70px\"><\/div>[\/vc_column][\/vc_row][vc_row][vc_column offset=\u00bbvc_col-lg-6&#8243;]<div id=\"cz_109980\" class=\"cz_109980 cz_title clr cz_title_pos_inline\"><div class=\"cz_title_content\"><div class=\"cz_wpe_content\"><h3>Misi\u00f3n<\/h3>\n<p>&nbsp;<\/p>\n<p>Te ofrecemos una experiencia \u00fanica y segura en la Riviera Maya, combinado con cultura, aventura y naturaleza. Nos dedicamos a proporcionar una atenci\u00f3n personalizada y a crear relaciones duraderas de confianza con nuestros clientes, asegur\u00e1ndonos de que cada viaje sea una experiencia aut\u00e9ntica e inolvidable.<\/p>\n<\/div><\/div><\/div><div class=\"cz_gap clr \" style=\"height: 50px\"><\/div>[\/vc_column][vc_column offset=\u00bbvc_col-lg-6&#8243;]<div id=\"cz_12238\" class=\"cz_12238 cz_title clr cz_title_pos_left\"><div class=\"cz_title_content\"><div class=\"cz_wpe_content\"><h3>Visi\u00f3n<\/h3>\n<p>&nbsp;<\/p>\n<p>Ser reconocidos como la empresa tur\u00edstica l\u00edder en la Riviera Maya, destacando por ofrecer experiencias excepcionales y aut\u00e9nticas. Aspiramos a ser la primera opci\u00f3n de nuestros clientes gracias a nuestra atenci\u00f3n personalizada, la calidad de nuestro servicio y nuestro compromiso con la sostenibilidad y el respeto al medio ambiente.<\/p>\n<\/div><\/div><\/div><div class=\"cz_gap clr \" style=\"height: 50px\"><\/div>[\/vc_column][\/vc_row]<\/p>\n<\/div>","protected":false},"excerpt":{"rendered":"<p>[vc_row][vc_column width=\u00bb7\/12&#8243;][vc_row_inner][vc_column_inner width=\u00bb1\/2&#8243;][\/vc_column_inner][vc_column_inner width=\u00bb1\/2&#8243;][\/vc_column_inner][\/vc_row_inner][\/vc_column][vc_column width=\u00bb5\/12&#8243;][\/vc_column][\/vc_row][vc_row][vc_column][\/vc_column][\/vc_row][vc_row][vc_column offset=\u00bbvc_col-lg-6&#8243;][\/vc_column][vc_column offset=\u00bbvc_col-lg-6&#8243;][\/vc_column][\/vc_row] &#8230; <\/p>\n","protected":false},"author":1,"featured_media":2963,"parent":0,"menu_order":0,"comment_status":"closed","ping_status":"closed","template":"","meta":{"_joinchat":[],"footnotes":""},"class_list":["post-3134","page","type-page","status-publish","has-post-thumbnail","hentry"],"yoast_head":"<!-- This site is optimized with the Yoast SEO plugin v27.4 - https:\/\/yoast.com\/product\/yoast-seo-wordpress\/ -->\n<title>\ud83d\udc35| Tours privados en Riviera Maya - RIVIERA FAM<\/title>\n<meta name=\"description\" content=\"Ofrecemos diferentes tours en los que podr\u00e1s explorar ruinas antiguas, visitar pueblos tradicionales, vivir aventuras en la selva y hacer snorkel en arrecifes.\" \/>\n<meta name=\"robots\" content=\"index, follow, max-snippet:-1, max-image-preview:large, max-video-preview:-1\" \/>\n<link rel=\"canonical\" href=\"https:\/\/rivierafam.com.mx\/es\/about\/\" \/>\n<meta property=\"og:locale\" content=\"es_ES\" \/>\n<meta property=\"og:type\" content=\"article\" \/>\n<meta property=\"og:title\" content=\"\ud83d\udc35| Private tours in Riviera Maya - RIVIERA FAM\" \/>\n<meta property=\"og:description\" content=\"Ofrecemos distintos recorridos en los que puedes explorar ruinas antiguas, visitar pueblos tradicionales, vivir aventuras en la selva y bucear en arrecifes.\" \/>\n<meta property=\"og:url\" content=\"https:\/\/rivierafam.com.mx\/es\/about\/\" \/>\n<meta property=\"og:site_name\" content=\"RIVIERA FAM\" \/>\n<meta property=\"article:publisher\" content=\"https:\/\/www.facebook.com\/rivierasfam\" \/>\n<meta property=\"article:modified_time\" content=\"2024-06-29T21:38:55+00:00\" \/>\n<meta property=\"og:image\" content=\"https:\/\/rivierafam.com.mx\/wp-content\/uploads\/2019\/09\/holbox-6.jpg\" \/>\n\t<meta property=\"og:image:width\" content=\"945\" \/>\n\t<meta property=\"og:image:height\" content=\"945\" \/>\n\t<meta property=\"og:image:type\" content=\"image\/jpeg\" \/>\n<meta name=\"twitter:card\" content=\"summary_large_image\" \/>\n<meta name=\"twitter:label1\" content=\"Tiempo de lectura\" \/>\n\t<meta name=\"twitter:data1\" content=\"2 minutos\" \/>\n<script type=\"application\/ld+json\" class=\"yoast-schema-graph\">{\"@context\":\"https:\\\/\\\/schema.org\",\"@graph\":[{\"@type\":\"WebPage\",\"@id\":\"https:\\\/\\\/rivierafam.com.mx\\\/es\\\/about\\\/\",\"url\":\"https:\\\/\\\/rivierafam.com.mx\\\/es\\\/about\\\/\",\"name\":\"\ud83d\udc35| Tours privados en Riviera Maya - RIVIERA FAM\",\"isPartOf\":{\"@id\":\"https:\\\/\\\/rivierafam.com.mx\\\/#website\"},\"primaryImageOfPage\":{\"@id\":\"https:\\\/\\\/rivierafam.com.mx\\\/es\\\/about\\\/#primaryimage\"},\"image\":{\"@id\":\"https:\\\/\\\/rivierafam.com.mx\\\/es\\\/about\\\/#primaryimage\"},\"thumbnailUrl\":\"https:\\\/\\\/rivierafam.com.mx\\\/wp-content\\\/uploads\\\/2019\\\/09\\\/holbox-6.jpg\",\"datePublished\":\"2017-06-10T13:24:41+00:00\",\"dateModified\":\"2024-06-29T21:38:55+00:00\",\"description\":\"Ofrecemos diferentes tours en los que podr\u00e1s explorar ruinas antiguas, visitar pueblos tradicionales, vivir aventuras en la selva y hacer snorkel en arrecifes.\",\"breadcrumb\":{\"@id\":\"https:\\\/\\\/rivierafam.com.mx\\\/es\\\/about\\\/#breadcrumb\"},\"inLanguage\":\"es\",\"potentialAction\":[{\"@type\":\"ReadAction\",\"target\":[\"https:\\\/\\\/rivierafam.com.mx\\\/es\\\/about\\\/\"]}]},{\"@type\":\"ImageObject\",\"inLanguage\":\"es\",\"@id\":\"https:\\\/\\\/rivierafam.com.mx\\\/es\\\/about\\\/#primaryimage\",\"url\":\"https:\\\/\\\/rivierafam.com.mx\\\/wp-content\\\/uploads\\\/2019\\\/09\\\/holbox-6.jpg\",\"contentUrl\":\"https:\\\/\\\/rivierafam.com.mx\\\/wp-content\\\/uploads\\\/2019\\\/09\\\/holbox-6.jpg\",\"width\":945,\"height\":945},{\"@type\":\"BreadcrumbList\",\"@id\":\"https:\\\/\\\/rivierafam.com.mx\\\/es\\\/about\\\/#breadcrumb\",\"itemListElement\":[{\"@type\":\"ListItem\",\"position\":1,\"name\":\"Portada\",\"item\":\"https:\\\/\\\/rivierafam.com.mx\\\/es\\\/\"},{\"@type\":\"ListItem\",\"position\":2,\"name\":\"Nosotros\"}]},{\"@type\":\"WebSite\",\"@id\":\"https:\\\/\\\/rivierafam.com.mx\\\/#website\",\"url\":\"https:\\\/\\\/rivierafam.com.mx\\\/\",\"name\":\"Tours in Riviera Maya - RIVIERA FAM\",\"description\":\"Private tours and day activities in Riviera Maya\",\"publisher\":{\"@id\":\"https:\\\/\\\/rivierafam.com.mx\\\/#organization\"},\"alternateName\":\"Riviera Fam\",\"potentialAction\":[{\"@type\":\"SearchAction\",\"target\":{\"@type\":\"EntryPoint\",\"urlTemplate\":\"https:\\\/\\\/rivierafam.com.mx\\\/?s={search_term_string}\"},\"query-input\":{\"@type\":\"PropertyValueSpecification\",\"valueRequired\":true,\"valueName\":\"search_term_string\"}}],\"inLanguage\":\"es\"},{\"@type\":\"Organization\",\"@id\":\"https:\\\/\\\/rivierafam.com.mx\\\/#organization\",\"name\":\"Tours in Riviera Maya - RIVIERA FAM\",\"alternateName\":\"Riviera Fam\",\"url\":\"https:\\\/\\\/rivierafam.com.mx\\\/\",\"logo\":{\"@type\":\"ImageObject\",\"inLanguage\":\"es\",\"@id\":\"https:\\\/\\\/rivierafam.com.mx\\\/#\\\/schema\\\/logo\\\/image\\\/\",\"url\":\"https:\\\/\\\/rivierafam.com.mx\\\/wp-content\\\/uploads\\\/2024\\\/06\\\/riviera-fam-logo-negro00012.png\",\"contentUrl\":\"https:\\\/\\\/rivierafam.com.mx\\\/wp-content\\\/uploads\\\/2024\\\/06\\\/riviera-fam-logo-negro00012.png\",\"width\":660,\"height\":957,\"caption\":\"Tours in Riviera Maya - RIVIERA FAM\"},\"image\":{\"@id\":\"https:\\\/\\\/rivierafam.com.mx\\\/#\\\/schema\\\/logo\\\/image\\\/\"},\"sameAs\":[\"https:\\\/\\\/www.facebook.com\\\/rivierasfam\",\"https:\\\/\\\/www.instagram.com\\\/rivierasfam\"]}]}<\/script>\n<!-- \/ Yoast SEO plugin. -->","yoast_head_json":{"title":"\ud83d\udc35| Tours privados en Riviera Maya - RIVIERA FAM","description":"Ofrecemos diferentes tours en los que podr\u00e1s explorar ruinas antiguas, visitar pueblos tradicionales, vivir aventuras en la selva y hacer snorkel en arrecifes.","robots":{"index":"index","follow":"follow","max-snippet":"max-snippet:-1","max-image-preview":"max-image-preview:large","max-video-preview":"max-video-preview:-1"},"canonical":"https:\/\/rivierafam.com.mx\/es\/about\/","og_locale":"es_ES","og_type":"article","og_title":"\ud83d\udc35| Private tours in Riviera Maya - RIVIERA FAM","og_description":"Ofrecemos distintos recorridos en los que puedes explorar ruinas antiguas, visitar pueblos tradicionales, vivir aventuras en la selva y bucear en arrecifes.","og_url":"https:\/\/rivierafam.com.mx\/es\/about\/","og_site_name":"RIVIERA FAM","article_publisher":"https:\/\/www.facebook.com\/rivierasfam","article_modified_time":"2024-06-29T21:38:55+00:00","og_image":[{"width":945,"height":945,"url":"https:\/\/rivierafam.com.mx\/wp-content\/uploads\/2019\/09\/holbox-6.jpg","type":"image\/jpeg"}],"twitter_card":"summary_large_image","twitter_misc":{"Tiempo de lectura":"2 minutos"},"schema":{"@context":"https:\/\/schema.org","@graph":[{"@type":"WebPage","@id":"https:\/\/rivierafam.com.mx\/es\/about\/","url":"https:\/\/rivierafam.com.mx\/es\/about\/","name":"\ud83d\udc35| Tours privados en Riviera Maya - RIVIERA FAM","isPartOf":{"@id":"https:\/\/rivierafam.com.mx\/#website"},"primaryImageOfPage":{"@id":"https:\/\/rivierafam.com.mx\/es\/about\/#primaryimage"},"image":{"@id":"https:\/\/rivierafam.com.mx\/es\/about\/#primaryimage"},"thumbnailUrl":"https:\/\/rivierafam.com.mx\/wp-content\/uploads\/2019\/09\/holbox-6.jpg","datePublished":"2017-06-10T13:24:41+00:00","dateModified":"2024-06-29T21:38:55+00:00","description":"Ofrecemos diferentes tours en los que podr\u00e1s explorar ruinas antiguas, visitar pueblos tradicionales, vivir aventuras en la selva y hacer snorkel en arrecifes.","breadcrumb":{"@id":"https:\/\/rivierafam.com.mx\/es\/about\/#breadcrumb"},"inLanguage":"es","potentialAction":[{"@type":"ReadAction","target":["https:\/\/rivierafam.com.mx\/es\/about\/"]}]},{"@type":"ImageObject","inLanguage":"es","@id":"https:\/\/rivierafam.com.mx\/es\/about\/#primaryimage","url":"https:\/\/rivierafam.com.mx\/wp-content\/uploads\/2019\/09\/holbox-6.jpg","contentUrl":"https:\/\/rivierafam.com.mx\/wp-content\/uploads\/2019\/09\/holbox-6.jpg","width":945,"height":945},{"@type":"BreadcrumbList","@id":"https:\/\/rivierafam.com.mx\/es\/about\/#breadcrumb","itemListElement":[{"@type":"ListItem","position":1,"name":"Portada","item":"https:\/\/rivierafam.com.mx\/es\/"},{"@type":"ListItem","position":2,"name":"Nosotros"}]},{"@type":"WebSite","@id":"https:\/\/rivierafam.com.mx\/#website","url":"https:\/\/rivierafam.com.mx\/","name":"Tours in Riviera Maya - RIVIERA FAM","description":"Private tours and day activities in Riviera Maya","publisher":{"@id":"https:\/\/rivierafam.com.mx\/#organization"},"alternateName":"Riviera Fam","potentialAction":[{"@type":"SearchAction","target":{"@type":"EntryPoint","urlTemplate":"https:\/\/rivierafam.com.mx\/?s={search_term_string}"},"query-input":{"@type":"PropertyValueSpecification","valueRequired":true,"valueName":"search_term_string"}}],"inLanguage":"es"},{"@type":"Organization","@id":"https:\/\/rivierafam.com.mx\/#organization","name":"Tours in Riviera Maya - RIVIERA FAM","alternateName":"Riviera Fam","url":"https:\/\/rivierafam.com.mx\/","logo":{"@type":"ImageObject","inLanguage":"es","@id":"https:\/\/rivierafam.com.mx\/#\/schema\/logo\/image\/","url":"https:\/\/rivierafam.com.mx\/wp-content\/uploads\/2024\/06\/riviera-fam-logo-negro00012.png","contentUrl":"https:\/\/rivierafam.com.mx\/wp-content\/uploads\/2024\/06\/riviera-fam-logo-negro00012.png","width":660,"height":957,"caption":"Tours in Riviera Maya - RIVIERA FAM"},"image":{"@id":"https:\/\/rivierafam.com.mx\/#\/schema\/logo\/image\/"},"sameAs":["https:\/\/www.facebook.com\/rivierasfam","https:\/\/www.instagram.com\/rivierasfam"]}]}},"_links":{"self":[{"href":"https:\/\/rivierafam.com.mx\/es\/wp-json\/wp\/v2\/pages\/3134","targetHints":{"allow":["GET"]}}],"collection":[{"href":"https:\/\/rivierafam.com.mx\/es\/wp-json\/wp\/v2\/pages"}],"about":[{"href":"https:\/\/rivierafam.com.mx\/es\/wp-json\/wp\/v2\/types\/page"}],"author":[{"embeddable":true,"href":"https:\/\/rivierafam.com.mx\/es\/wp-json\/wp\/v2\/users\/1"}],"replies":[{"embeddable":true,"href":"https:\/\/rivierafam.com.mx\/es\/wp-json\/wp\/v2\/comments?post=3134"}],"version-history":[{"count":7,"href":"https:\/\/rivierafam.com.mx\/es\/wp-json\/wp\/v2\/pages\/3134\/revisions"}],"predecessor-version":[{"id":3141,"href":"https:\/\/rivierafam.com.mx\/es\/wp-json\/wp\/v2\/pages\/3134\/revisions\/3141"}],"wp:featuredmedia":[{"embeddable":true,"href":"https:\/\/rivierafam.com.mx\/es\/wp-json\/wp\/v2\/media\/2963"}],"wp:attachment":[{"href":"https:\/\/rivierafam.com.mx\/es\/wp-json\/wp\/v2\/media?parent=3134"}],"curies":[{"name":"wp","href":"https:\/\/api.w.org\/{rel}","templated":true}]}}