{"id":3202,"date":"2024-06-08T13:23:23","date_gmt":"2024-06-08T18:23:23","guid":{"rendered":"https:\/\/rivierafam.com.mx\/terms\/"},"modified":"2024-06-29T18:05:41","modified_gmt":"2024-06-29T23:05:41","slug":"terms","status":"publish","type":"page","link":"https:\/\/rivierafam.com.mx\/es\/terms\/","title":{"rendered":"T\u00e9rminosy pol\u00edtica de cancelaci\u00f3n"},"content":{"rendered":"<h2>T\u00e9rminos y Pol\u00edtica de Cancelaci\u00f3n<\/h2>\n<p>&nbsp;<\/p>\n<p>Fecha de vigencia: 1 de enero de 2023<\/p>\n<p>Al reservar, usted acepta estar sujeto a estos t\u00e9rminos y condiciones. Toda la informaci\u00f3n personal proporcionada a la familia de Riviera permanecer\u00e1 dentro de nuestra organizaci\u00f3n y no ser\u00e1 compartida con ninguna entidad externa.<\/p>\n<p>Las fotograf\u00edas y v\u00eddeos de los invitados tomados durante el recorrido se pueden utilizar con fines promocionales.<\/p>\n<p>Usted acepta tener fondos o cr\u00e9dito suficientes disponibles al momento de realizar dicha reserva para garantizar que podamos cobrar el precio de compra.<\/p>\n<p>&nbsp;<\/p>\n<p>Reserva y pago<\/p>\n<p>&nbsp;<\/p>\n<p>a) Al realizar una reserva usted reconoce que acepta estos t\u00e9rminos y condiciones. Adem\u00e1s, garantiza que tiene 18 a\u00f1os de edad o m\u00e1s y que posee la autoridad legal para celebrar estos t\u00e9rminos de servicio. Se proh\u00edbe cualquier reserva falsa o fraudulenta.<\/p>\n<p>b) Acepta proporcionar informaci\u00f3n precisa y actualizada en el momento de realizar una reserva.<\/p>\n<p>c) Usted acepta tener fondos o cr\u00e9dito suficientes disponibles al momento de realizar dicha reserva para garantizar que podamos cobrar el precio de compra. Despu\u00e9s de realizar su reserva, le enviaremos una confirmaci\u00f3n de la reserva.<\/p>\n<p>&nbsp;<\/p>\n<p>Cambios y cancelaciones por tu parte<\/p>\n<p>&nbsp;<\/p>\n<p>a) Los clientes pueden cancelar y obtener un reembolso durante las primeras 24 horas despu\u00e9s de recibir la confirmaci\u00f3n de la reserva. en caso de que el reembolso sea aprobado por riviera&#8217;s fam y est\u00e9 dentro de las pol\u00edticas, se ejecutar\u00e1 de 24 a 72 horas v\u00eda paypal.<\/p>\n<p>b) Pasadas las 24 horas de recibir la confirmaci\u00f3n de la reserva, la reserva no es reembolsable.<\/p>\n<p>c) Las reservas no son reembolsables, el cliente tiene derecho a reprogramaci\u00f3n o cr\u00e9dito de viaje futuro, v\u00e1lido por un a\u00f1o despu\u00e9s de la fecha de reserva seg\u00fan la confirmaci\u00f3n de la reserva.<\/p>\n<p>d) Si desea realizar alg\u00fan cambio en su reserva deber\u00e1 solicitar dichos cambios lo antes posible y a m\u00e1s tardar 15 d\u00edas antes de la fecha y hora de su reserva. cualquier cambio<\/p>\n<p>est\u00e1 sujeto a disponibilidad, aunque intentaremos satisfacer su solicitud de cambio, no podemos garantizar que podamos hacerlo. si no podemos, tendr\u00e1 la opci\u00f3n de mantener la reserva existente.<\/p>\n<p>e) Al reservar un servicio con el n\u00famero de personas confirmadas, si hay personas que ya no pueden asistir y el n\u00famero de asistentes baja, el precio del servicio podr\u00e1 variar.<\/p>\n<p>&nbsp;<\/p>\n<p>Cambios y cancelaciones por parte de la familia de riviera.<\/p>\n<p>&nbsp;<\/p>\n<p>a) Haremos todos los esfuerzos razonables para proporcionar los servicios de acuerdo con las descripciones proporcionadas por nosotros. Aunque es poco probable que tengamos que realizar cambios en su reserva o cancelar reservas confirmadas, nos reservamos el derecho de hacerlo, a menos que sea necesario o aconsejable. (Debido a riesgos clim\u00e1ticos) si cancelamos su reserva, le proporcionaremos un cr\u00e9dito que podr\u00e1 usar para otro servicio v\u00e1lido por un a\u00f1o despu\u00e9s del d\u00eda de la cancelaci\u00f3n.<\/p>\n","protected":false},"excerpt":{"rendered":"<p>T\u00e9rminos y Pol\u00edtica de Cancelaci\u00f3n &nbsp; Fecha de vigencia: 1 de &#8230; <\/p>\n","protected":false},"author":1,"featured_media":0,"parent":0,"menu_order":0,"comment_status":"closed","ping_status":"closed","template":"","meta":{"_joinchat":[],"footnotes":""},"class_list":["post-3202","page","type-page","status-publish","hentry"],"yoast_head":"<!-- This site is optimized with the Yoast SEO plugin v27.4 - https:\/\/yoast.com\/product\/yoast-seo-wordpress\/ -->\n<title>T\u00e9rminosy pol\u00edtica de cancelaci\u00f3n - RIVIERA FAM<\/title>\n<meta name=\"robots\" content=\"index, follow, max-snippet:-1, max-image-preview:large, max-video-preview:-1\" \/>\n<link rel=\"canonical\" href=\"https:\/\/rivierafam.com.mx\/es\/terms\/\" \/>\n<meta property=\"og:locale\" content=\"es_ES\" \/>\n<meta property=\"og:type\" content=\"article\" \/>\n<meta property=\"og:title\" content=\"T\u00e9rminosy pol\u00edtica de cancelaci\u00f3n - RIVIERA FAM\" \/>\n<meta property=\"og:description\" content=\"T\u00e9rminos y Pol\u00edtica de Cancelaci\u00f3n &nbsp; Fecha de vigencia: 1 de ...\" \/>\n<meta property=\"og:url\" content=\"https:\/\/rivierafam.com.mx\/es\/terms\/\" \/>\n<meta property=\"og:site_name\" content=\"RIVIERA FAM\" \/>\n<meta property=\"article:publisher\" content=\"https:\/\/www.facebook.com\/rivierasfam\" \/>\n<meta property=\"article:modified_time\" content=\"2024-06-29T23:05:41+00:00\" \/>\n<meta property=\"og:image\" content=\"https:\/\/rivierafam.com.mx\/wp-content\/uploads\/2024\/05\/Diseno-sin-titulo.jpg\" \/>\n\t<meta property=\"og:image:width\" content=\"1080\" \/>\n\t<meta property=\"og:image:height\" content=\"1080\" \/>\n\t<meta property=\"og:image:type\" content=\"image\/jpeg\" \/>\n<meta name=\"twitter:card\" content=\"summary_large_image\" \/>\n<meta name=\"twitter:label1\" content=\"Tiempo de lectura\" \/>\n\t<meta name=\"twitter:data1\" content=\"3 minutos\" \/>\n<script type=\"application\/ld+json\" class=\"yoast-schema-graph\">{\"@context\":\"https:\\\/\\\/schema.org\",\"@graph\":[{\"@type\":\"WebPage\",\"@id\":\"https:\\\/\\\/rivierafam.com.mx\\\/es\\\/terms\\\/\",\"url\":\"https:\\\/\\\/rivierafam.com.mx\\\/es\\\/terms\\\/\",\"name\":\"T\u00e9rminosy pol\u00edtica de cancelaci\u00f3n - RIVIERA FAM\",\"isPartOf\":{\"@id\":\"https:\\\/\\\/rivierafam.com.mx\\\/#website\"},\"datePublished\":\"2024-06-08T18:23:23+00:00\",\"dateModified\":\"2024-06-29T23:05:41+00:00\",\"breadcrumb\":{\"@id\":\"https:\\\/\\\/rivierafam.com.mx\\\/es\\\/terms\\\/#breadcrumb\"},\"inLanguage\":\"es\",\"potentialAction\":[{\"@type\":\"ReadAction\",\"target\":[\"https:\\\/\\\/rivierafam.com.mx\\\/es\\\/terms\\\/\"]}]},{\"@type\":\"BreadcrumbList\",\"@id\":\"https:\\\/\\\/rivierafam.com.mx\\\/es\\\/terms\\\/#breadcrumb\",\"itemListElement\":[{\"@type\":\"ListItem\",\"position\":1,\"name\":\"Portada\",\"item\":\"https:\\\/\\\/rivierafam.com.mx\\\/es\\\/\"},{\"@type\":\"ListItem\",\"position\":2,\"name\":\"T\u00e9rminosy pol\u00edtica de cancelaci\u00f3n\"}]},{\"@type\":\"WebSite\",\"@id\":\"https:\\\/\\\/rivierafam.com.mx\\\/#website\",\"url\":\"https:\\\/\\\/rivierafam.com.mx\\\/\",\"name\":\"Tours in Riviera Maya - RIVIERA FAM\",\"description\":\"Private tours and day activities in Riviera Maya\",\"publisher\":{\"@id\":\"https:\\\/\\\/rivierafam.com.mx\\\/#organization\"},\"alternateName\":\"Riviera Fam\",\"potentialAction\":[{\"@type\":\"SearchAction\",\"target\":{\"@type\":\"EntryPoint\",\"urlTemplate\":\"https:\\\/\\\/rivierafam.com.mx\\\/?s={search_term_string}\"},\"query-input\":{\"@type\":\"PropertyValueSpecification\",\"valueRequired\":true,\"valueName\":\"search_term_string\"}}],\"inLanguage\":\"es\"},{\"@type\":\"Organization\",\"@id\":\"https:\\\/\\\/rivierafam.com.mx\\\/#organization\",\"name\":\"Tours in Riviera Maya - RIVIERA FAM\",\"alternateName\":\"Riviera Fam\",\"url\":\"https:\\\/\\\/rivierafam.com.mx\\\/\",\"logo\":{\"@type\":\"ImageObject\",\"inLanguage\":\"es\",\"@id\":\"https:\\\/\\\/rivierafam.com.mx\\\/#\\\/schema\\\/logo\\\/image\\\/\",\"url\":\"https:\\\/\\\/rivierafam.com.mx\\\/wp-content\\\/uploads\\\/2024\\\/06\\\/riviera-fam-logo-negro00012.png\",\"contentUrl\":\"https:\\\/\\\/rivierafam.com.mx\\\/wp-content\\\/uploads\\\/2024\\\/06\\\/riviera-fam-logo-negro00012.png\",\"width\":660,\"height\":957,\"caption\":\"Tours in Riviera Maya - RIVIERA FAM\"},\"image\":{\"@id\":\"https:\\\/\\\/rivierafam.com.mx\\\/#\\\/schema\\\/logo\\\/image\\\/\"},\"sameAs\":[\"https:\\\/\\\/www.facebook.com\\\/rivierasfam\",\"https:\\\/\\\/www.instagram.com\\\/rivierasfam\"]}]}<\/script>\n<!-- \/ Yoast SEO plugin. -->","yoast_head_json":{"title":"T\u00e9rminosy pol\u00edtica de cancelaci\u00f3n - RIVIERA FAM","robots":{"index":"index","follow":"follow","max-snippet":"max-snippet:-1","max-image-preview":"max-image-preview:large","max-video-preview":"max-video-preview:-1"},"canonical":"https:\/\/rivierafam.com.mx\/es\/terms\/","og_locale":"es_ES","og_type":"article","og_title":"T\u00e9rminosy pol\u00edtica de cancelaci\u00f3n - RIVIERA FAM","og_description":"T\u00e9rminos y Pol\u00edtica de Cancelaci\u00f3n &nbsp; Fecha de vigencia: 1 de ...","og_url":"https:\/\/rivierafam.com.mx\/es\/terms\/","og_site_name":"RIVIERA FAM","article_publisher":"https:\/\/www.facebook.com\/rivierasfam","article_modified_time":"2024-06-29T23:05:41+00:00","og_image":[{"width":1080,"height":1080,"url":"https:\/\/rivierafam.com.mx\/wp-content\/uploads\/2024\/05\/Diseno-sin-titulo.jpg","type":"image\/jpeg"}],"twitter_card":"summary_large_image","twitter_misc":{"Tiempo de lectura":"3 minutos"},"schema":{"@context":"https:\/\/schema.org","@graph":[{"@type":"WebPage","@id":"https:\/\/rivierafam.com.mx\/es\/terms\/","url":"https:\/\/rivierafam.com.mx\/es\/terms\/","name":"T\u00e9rminosy pol\u00edtica de cancelaci\u00f3n - RIVIERA FAM","isPartOf":{"@id":"https:\/\/rivierafam.com.mx\/#website"},"datePublished":"2024-06-08T18:23:23+00:00","dateModified":"2024-06-29T23:05:41+00:00","breadcrumb":{"@id":"https:\/\/rivierafam.com.mx\/es\/terms\/#breadcrumb"},"inLanguage":"es","potentialAction":[{"@type":"ReadAction","target":["https:\/\/rivierafam.com.mx\/es\/terms\/"]}]},{"@type":"BreadcrumbList","@id":"https:\/\/rivierafam.com.mx\/es\/terms\/#breadcrumb","itemListElement":[{"@type":"ListItem","position":1,"name":"Portada","item":"https:\/\/rivierafam.com.mx\/es\/"},{"@type":"ListItem","position":2,"name":"T\u00e9rminosy pol\u00edtica de cancelaci\u00f3n"}]},{"@type":"WebSite","@id":"https:\/\/rivierafam.com.mx\/#website","url":"https:\/\/rivierafam.com.mx\/","name":"Tours in Riviera Maya - RIVIERA FAM","description":"Private tours and day activities in Riviera Maya","publisher":{"@id":"https:\/\/rivierafam.com.mx\/#organization"},"alternateName":"Riviera Fam","potentialAction":[{"@type":"SearchAction","target":{"@type":"EntryPoint","urlTemplate":"https:\/\/rivierafam.com.mx\/?s={search_term_string}"},"query-input":{"@type":"PropertyValueSpecification","valueRequired":true,"valueName":"search_term_string"}}],"inLanguage":"es"},{"@type":"Organization","@id":"https:\/\/rivierafam.com.mx\/#organization","name":"Tours in Riviera Maya - RIVIERA FAM","alternateName":"Riviera Fam","url":"https:\/\/rivierafam.com.mx\/","logo":{"@type":"ImageObject","inLanguage":"es","@id":"https:\/\/rivierafam.com.mx\/#\/schema\/logo\/image\/","url":"https:\/\/rivierafam.com.mx\/wp-content\/uploads\/2024\/06\/riviera-fam-logo-negro00012.png","contentUrl":"https:\/\/rivierafam.com.mx\/wp-content\/uploads\/2024\/06\/riviera-fam-logo-negro00012.png","width":660,"height":957,"caption":"Tours in Riviera Maya - RIVIERA FAM"},"image":{"@id":"https:\/\/rivierafam.com.mx\/#\/schema\/logo\/image\/"},"sameAs":["https:\/\/www.facebook.com\/rivierasfam","https:\/\/www.instagram.com\/rivierasfam"]}]}},"_links":{"self":[{"href":"https:\/\/rivierafam.com.mx\/es\/wp-json\/wp\/v2\/pages\/3202","targetHints":{"allow":["GET"]}}],"collection":[{"href":"https:\/\/rivierafam.com.mx\/es\/wp-json\/wp\/v2\/pages"}],"about":[{"href":"https:\/\/rivierafam.com.mx\/es\/wp-json\/wp\/v2\/types\/page"}],"author":[{"embeddable":true,"href":"https:\/\/rivierafam.com.mx\/es\/wp-json\/wp\/v2\/users\/1"}],"replies":[{"embeddable":true,"href":"https:\/\/rivierafam.com.mx\/es\/wp-json\/wp\/v2\/comments?post=3202"}],"version-history":[{"count":8,"href":"https:\/\/rivierafam.com.mx\/es\/wp-json\/wp\/v2\/pages\/3202\/revisions"}],"predecessor-version":[{"id":3210,"href":"https:\/\/rivierafam.com.mx\/es\/wp-json\/wp\/v2\/pages\/3202\/revisions\/3210"}],"wp:attachment":[{"href":"https:\/\/rivierafam.com.mx\/es\/wp-json\/wp\/v2\/media?parent=3202"}],"curies":[{"name":"wp","href":"https:\/\/api.w.org\/{rel}","templated":true}]}}