{"id":2987,"date":"2024-06-06T10:13:10","date_gmt":"2024-06-06T15:13:10","guid":{"rendered":"https:\/\/rivierafam.com.mx\/producto\/atv-tour\/"},"modified":"2024-06-29T15:03:14","modified_gmt":"2024-06-29T20:03:14","slug":"atv-tour","status":"publish","type":"product","link":"https:\/\/rivierafam.com.mx\/es\/producto-es\/atv-tour\/","title":{"rendered":"ATV Tour"},"content":{"rendered":"<p><strong><span class=\"x1c3i2sq x19la9d6 x1fc57z9 xexx8yu x19um543 x18d9i69 x1m6msm x6ikm8r x10wlt62 x19co3pv x1g5zs5t xfibh0p xiy17q3 x1xsqp64\"><span class=\"\">\ud83c\udff5\ufe0f <\/span><\/span>Precio basado en 4 pax<br \/>\n<span class=\"x1c3i2sq x19la9d6 x1fc57z9 xexx8yu x19um543 x18d9i69 x1m6msm x6ikm8r x10wlt62 x19co3pv x1g5zs5t xfibh0p xiy17q3 x1xsqp64\"><span class=\"\">\ud83e\udedb <\/span><\/span>Opciones vegetarianas<br \/>\n\ud83d\udc12 Todas las edades<br \/>\n\ud83d\udd50 Horario sugerido recorrido 8:30 AM<br \/>\n<span class=\"x1c3i2sq x19la9d6 x1fc57z9 xexx8yu x19um543 x18d9i69 x1m6msm x6ikm8r x10wlt62 x19co3pv x1g5zs5t xfibh0p xiy17q3 x1xsqp64\"><span class=\"\">\ud83c\udf4c 5 horas <\/span><\/span><\/strong><\/p>\n<p>\u00bfListo para una excursi\u00f3n por la selva de la Riviera Maya que te dejar\u00e1 boquiabierto? Empieza el d\u00eda con un delicioso desayuno mexicano (\u00a1\u00f1am!), y luego sum\u00e9rgete en la historia con una aut\u00e9ntica ceremonia maya. S\u00fabete a un quad y avanza por la selva como si estuvieras en una pel\u00edcula, explorando cada rinc\u00f3n. Pero espera, \u00a1hay m\u00e1s! Prep\u00e1rate para chapotear no en uno, ni en dos, sino en tres impresionantes cenotes. Si\u00e9ntete como un h\u00e9roe de la selva haciendo rappel en el tercer cenote: \u00a1un momento para Instagram! Y cuando tu barriga empiece a rugir, tenemos un sabroso almuerzo mexicano esper\u00e1ndote.<\/p>\n<p>Ah, y te refrescaremos con bebidas mientras viajas con estilo en nuestros c\u00f3modos y frescos veh\u00edculos equipados con aire acondicionado. Entonces, \u00bfpor qu\u00e9 tengo ganas de ir? Es sencillo: atracciones emocionantes, piscinas secretas y bocados deliciosos? \u00a1Ese es mi tipo de d\u00eda!<\/p>\n<h4>\u00bfQu\u00e9 incluye?<\/h4>\n<p>Desayuno tradicional mexicano.<br \/>\nCeremonia maya.<br \/>\nPaseo en quad por el interior de la selva.<br \/>\nNadar en 3 cenotes diferentes.<br \/>\nRapel en el 3er cenote.<br \/>\nComida tradicional mexicana.<br \/>\nBebidas durante el transporte (cerveza, agua y refrescos).<br \/>\nTransporte privado ida y vuelta. Unidades limpias y seguras equipadas con aire acondicionado.<\/p>\n<h4>\u00bfQu\u00e9 no est\u00e1 incluido?<\/h4>\n<p>Bebidas durante el desayuno y la comida.<br \/>\nPropinas para el personal.<\/p>\n<h4>\u00bfQu\u00e9 necesitas llevar?<\/h4>\n<p>Confirmaci\u00f3n digital de la reserva.<br \/>\nBa\u00f1ador.<br \/>\nToalla.<br \/>\nProtector solar biodegradable.<br \/>\nUn cambio de ropa.<br \/>\nDinero en efectivo para bebidas y propinas.<\/p>\n<p>&nbsp;<\/p>\n<h4><span style=\"color: #bdc001;\">Reserva con el 10% ahora<\/span><br \/>\ny termina de pagar el d\u00eda de tour.\ud83d\udc12<br \/>\n<span style=\"font-size: 15px; font-weight: 200;\">Aceptamos pagos en efectivo y todas las tarjetas de cr\u00e9dito y d\u00e9bito.<\/span><\/h4>\n<p style=\"font-size: 15px;\">Dep\u00f3sito no reembolsable. <strong>Consulta nuestras <a href=\"https:\/\/rivierafam.com.mx\/terms\">pol\u00edticas de cancelaci\u00f3n <\/a><\/strong><\/p>\n","protected":false},"excerpt":{"rendered":"<p><strong><span class=\"x1c3i2sq x19la9d6 x1fc57z9 xexx8yu x19um543 x18d9i69 x1m6msm x6ikm8r x10wlt62 x19co3pv ... \n<\/p>\n","protected":false},"featured_media":2991,"comment_status":"closed","ping_status":"closed","template":"","meta":{"_joinchat":[]},"product_brand":[],"product_cat":[194,192,193],"product_tag":[259,204,205],"mwb_booking_cost":[],"mwb_booking_service":[],"class_list":{"0":"post-2987","1":"product","2":"type-product","3":"status-publish","4":"has-post-thumbnail","6":"product_cat-atv-tours-esp","7":"product_cat-reservar","8":"product_cat-tours-esp","9":"product_tag-atvs-es-2","10":"product_tag-riviera-maya-es","11":"product_tag-tours-es","13":"first","14":"outofstock","15":"virtual","16":"purchasable","17":"product-type-mwb_booking"},"yoast_head":"<!-- This site is optimized with the Yoast SEO plugin v27.4 - https:\/\/yoast.com\/product\/yoast-seo-wordpress\/ -->\n<title>\ud83d\udefa | Tour en ATV&#039;S en la Riviera Maya - Riviera Fam<\/title>\n<meta name=\"description\" content=\"Emb\u00e1rcate en una excursi\u00f3n en quad cargada de adrenalina en la Riviera Maya, recorriendo selvas exuberantes y terrenos escarpados. Vive la emoci\u00f3n de la aventura todoterreno en los paisajes esc\u00e9nicos de M\u00e9xico\" \/>\n<meta name=\"robots\" content=\"index, follow, max-snippet:-1, max-image-preview:large, max-video-preview:-1\" \/>\n<link rel=\"canonical\" href=\"https:\/\/rivierafam.com.mx\/es\/producto-es\/atv-tour\/\" \/>\n<meta property=\"og:locale\" content=\"es_ES\" \/>\n<meta property=\"og:type\" content=\"article\" \/>\n<meta property=\"og:title\" content=\"\ud83d\udefa | ATV Tour in Riviera Maya - Riviera Fam\" \/>\n<meta property=\"og:description\" content=\"Emb\u00e1rcate en una excursi\u00f3n en quad cargada de adrenalina en la Riviera Maya, recorriendo selvas exuberantes y terrenos escarpados. Vive la emoci\u00f3n de la aventura todoterreno en el pintoresco paisaje de M\u00e9xico\" \/>\n<meta property=\"og:url\" content=\"https:\/\/rivierafam.com.mx\/es\/producto-es\/atv-tour\/\" \/>\n<meta property=\"og:site_name\" content=\"RIVIERA FAM\" \/>\n<meta property=\"article:publisher\" content=\"https:\/\/www.facebook.com\/rivierasfam\" \/>\n<meta property=\"article:modified_time\" content=\"2024-06-29T20:03:14+00:00\" \/>\n<meta property=\"og:image\" content=\"https:\/\/rivierafam.com.mx\/wp-content\/uploads\/2024\/06\/atv-5.jpg\" \/>\n\t<meta property=\"og:image:width\" content=\"1080\" \/>\n\t<meta property=\"og:image:height\" content=\"1080\" \/>\n\t<meta property=\"og:image:type\" content=\"image\/jpeg\" \/>\n<meta name=\"twitter:card\" content=\"summary_large_image\" \/>\n<meta name=\"twitter:label1\" content=\"Tiempo de lectura\" \/>\n\t<meta name=\"twitter:data1\" content=\"2 minutos\" \/>\n<script type=\"application\/ld+json\" class=\"yoast-schema-graph\">{\"@context\":\"https:\\\/\\\/schema.org\",\"@graph\":[{\"@type\":\"WebPage\",\"@id\":\"https:\\\/\\\/rivierafam.com.mx\\\/es\\\/producto-es\\\/atv-tour\\\/\",\"url\":\"https:\\\/\\\/rivierafam.com.mx\\\/es\\\/producto-es\\\/atv-tour\\\/\",\"name\":\"\ud83d\udefa | Tour en ATV'S en la Riviera Maya - Riviera Fam\",\"isPartOf\":{\"@id\":\"https:\\\/\\\/rivierafam.com.mx\\\/#website\"},\"primaryImageOfPage\":{\"@id\":\"https:\\\/\\\/rivierafam.com.mx\\\/es\\\/producto-es\\\/atv-tour\\\/#primaryimage\"},\"image\":{\"@id\":\"https:\\\/\\\/rivierafam.com.mx\\\/es\\\/producto-es\\\/atv-tour\\\/#primaryimage\"},\"thumbnailUrl\":\"https:\\\/\\\/rivierafam.com.mx\\\/wp-content\\\/uploads\\\/2024\\\/06\\\/atv-5.jpg\",\"datePublished\":\"2024-06-06T15:13:10+00:00\",\"dateModified\":\"2024-06-29T20:03:14+00:00\",\"description\":\"Emb\u00e1rcate en una excursi\u00f3n en quad cargada de adrenalina en la Riviera Maya, recorriendo selvas exuberantes y terrenos escarpados. Vive la emoci\u00f3n de la aventura todoterreno en los paisajes esc\u00e9nicos de M\u00e9xico\",\"breadcrumb\":{\"@id\":\"https:\\\/\\\/rivierafam.com.mx\\\/es\\\/producto-es\\\/atv-tour\\\/#breadcrumb\"},\"inLanguage\":\"es\",\"potentialAction\":[{\"@type\":\"ReadAction\",\"target\":[\"https:\\\/\\\/rivierafam.com.mx\\\/es\\\/producto-es\\\/atv-tour\\\/\"]}]},{\"@type\":\"ImageObject\",\"inLanguage\":\"es\",\"@id\":\"https:\\\/\\\/rivierafam.com.mx\\\/es\\\/producto-es\\\/atv-tour\\\/#primaryimage\",\"url\":\"https:\\\/\\\/rivierafam.com.mx\\\/wp-content\\\/uploads\\\/2024\\\/06\\\/atv-5.jpg\",\"contentUrl\":\"https:\\\/\\\/rivierafam.com.mx\\\/wp-content\\\/uploads\\\/2024\\\/06\\\/atv-5.jpg\",\"width\":1080,\"height\":1080},{\"@type\":\"BreadcrumbList\",\"@id\":\"https:\\\/\\\/rivierafam.com.mx\\\/es\\\/producto-es\\\/atv-tour\\\/#breadcrumb\",\"itemListElement\":[{\"@type\":\"ListItem\",\"position\":1,\"name\":\"Portada\",\"item\":\"https:\\\/\\\/rivierafam.com.mx\\\/es\\\/\"},{\"@type\":\"ListItem\",\"position\":2,\"name\":\"All Tours\",\"item\":\"https:\\\/\\\/rivierafam.com.mx\\\/tours\\\/\"},{\"@type\":\"ListItem\",\"position\":3,\"name\":\"ATV Tour\"}]},{\"@type\":\"WebSite\",\"@id\":\"https:\\\/\\\/rivierafam.com.mx\\\/#website\",\"url\":\"https:\\\/\\\/rivierafam.com.mx\\\/\",\"name\":\"Tours in Riviera Maya - RIVIERA FAM\",\"description\":\"Private tours and day activities in Riviera Maya\",\"publisher\":{\"@id\":\"https:\\\/\\\/rivierafam.com.mx\\\/#organization\"},\"alternateName\":\"Riviera Fam\",\"potentialAction\":[{\"@type\":\"SearchAction\",\"target\":{\"@type\":\"EntryPoint\",\"urlTemplate\":\"https:\\\/\\\/rivierafam.com.mx\\\/?s={search_term_string}\"},\"query-input\":{\"@type\":\"PropertyValueSpecification\",\"valueRequired\":true,\"valueName\":\"search_term_string\"}}],\"inLanguage\":\"es\"},{\"@type\":\"Organization\",\"@id\":\"https:\\\/\\\/rivierafam.com.mx\\\/#organization\",\"name\":\"Tours in Riviera Maya - RIVIERA FAM\",\"alternateName\":\"Riviera Fam\",\"url\":\"https:\\\/\\\/rivierafam.com.mx\\\/\",\"logo\":{\"@type\":\"ImageObject\",\"inLanguage\":\"es\",\"@id\":\"https:\\\/\\\/rivierafam.com.mx\\\/#\\\/schema\\\/logo\\\/image\\\/\",\"url\":\"https:\\\/\\\/rivierafam.com.mx\\\/wp-content\\\/uploads\\\/2024\\\/06\\\/riviera-fam-logo-negro00012.png\",\"contentUrl\":\"https:\\\/\\\/rivierafam.com.mx\\\/wp-content\\\/uploads\\\/2024\\\/06\\\/riviera-fam-logo-negro00012.png\",\"width\":660,\"height\":957,\"caption\":\"Tours in Riviera Maya - RIVIERA FAM\"},\"image\":{\"@id\":\"https:\\\/\\\/rivierafam.com.mx\\\/#\\\/schema\\\/logo\\\/image\\\/\"},\"sameAs\":[\"https:\\\/\\\/www.facebook.com\\\/rivierasfam\",\"https:\\\/\\\/www.instagram.com\\\/rivierasfam\"]}]}<\/script>\n<!-- \/ Yoast SEO plugin. -->","yoast_head_json":{"title":"\ud83d\udefa | Tour en ATV'S en la Riviera Maya - Riviera Fam","description":"Emb\u00e1rcate en una excursi\u00f3n en quad cargada de adrenalina en la Riviera Maya, recorriendo selvas exuberantes y terrenos escarpados. Vive la emoci\u00f3n de la aventura todoterreno en los paisajes esc\u00e9nicos de M\u00e9xico","robots":{"index":"index","follow":"follow","max-snippet":"max-snippet:-1","max-image-preview":"max-image-preview:large","max-video-preview":"max-video-preview:-1"},"canonical":"https:\/\/rivierafam.com.mx\/es\/producto-es\/atv-tour\/","og_locale":"es_ES","og_type":"article","og_title":"\ud83d\udefa | ATV Tour in Riviera Maya - Riviera Fam","og_description":"Emb\u00e1rcate en una excursi\u00f3n en quad cargada de adrenalina en la Riviera Maya, recorriendo selvas exuberantes y terrenos escarpados. Vive la emoci\u00f3n de la aventura todoterreno en el pintoresco paisaje de M\u00e9xico","og_url":"https:\/\/rivierafam.com.mx\/es\/producto-es\/atv-tour\/","og_site_name":"RIVIERA FAM","article_publisher":"https:\/\/www.facebook.com\/rivierasfam","article_modified_time":"2024-06-29T20:03:14+00:00","og_image":[{"width":1080,"height":1080,"url":"https:\/\/rivierafam.com.mx\/wp-content\/uploads\/2024\/06\/atv-5.jpg","type":"image\/jpeg"}],"twitter_card":"summary_large_image","twitter_misc":{"Tiempo de lectura":"2 minutos"},"schema":{"@context":"https:\/\/schema.org","@graph":[{"@type":"WebPage","@id":"https:\/\/rivierafam.com.mx\/es\/producto-es\/atv-tour\/","url":"https:\/\/rivierafam.com.mx\/es\/producto-es\/atv-tour\/","name":"\ud83d\udefa | Tour en ATV'S en la Riviera Maya - Riviera Fam","isPartOf":{"@id":"https:\/\/rivierafam.com.mx\/#website"},"primaryImageOfPage":{"@id":"https:\/\/rivierafam.com.mx\/es\/producto-es\/atv-tour\/#primaryimage"},"image":{"@id":"https:\/\/rivierafam.com.mx\/es\/producto-es\/atv-tour\/#primaryimage"},"thumbnailUrl":"https:\/\/rivierafam.com.mx\/wp-content\/uploads\/2024\/06\/atv-5.jpg","datePublished":"2024-06-06T15:13:10+00:00","dateModified":"2024-06-29T20:03:14+00:00","description":"Emb\u00e1rcate en una excursi\u00f3n en quad cargada de adrenalina en la Riviera Maya, recorriendo selvas exuberantes y terrenos escarpados. Vive la emoci\u00f3n de la aventura todoterreno en los paisajes esc\u00e9nicos de M\u00e9xico","breadcrumb":{"@id":"https:\/\/rivierafam.com.mx\/es\/producto-es\/atv-tour\/#breadcrumb"},"inLanguage":"es","potentialAction":[{"@type":"ReadAction","target":["https:\/\/rivierafam.com.mx\/es\/producto-es\/atv-tour\/"]}]},{"@type":"ImageObject","inLanguage":"es","@id":"https:\/\/rivierafam.com.mx\/es\/producto-es\/atv-tour\/#primaryimage","url":"https:\/\/rivierafam.com.mx\/wp-content\/uploads\/2024\/06\/atv-5.jpg","contentUrl":"https:\/\/rivierafam.com.mx\/wp-content\/uploads\/2024\/06\/atv-5.jpg","width":1080,"height":1080},{"@type":"BreadcrumbList","@id":"https:\/\/rivierafam.com.mx\/es\/producto-es\/atv-tour\/#breadcrumb","itemListElement":[{"@type":"ListItem","position":1,"name":"Portada","item":"https:\/\/rivierafam.com.mx\/es\/"},{"@type":"ListItem","position":2,"name":"All Tours","item":"https:\/\/rivierafam.com.mx\/tours\/"},{"@type":"ListItem","position":3,"name":"ATV Tour"}]},{"@type":"WebSite","@id":"https:\/\/rivierafam.com.mx\/#website","url":"https:\/\/rivierafam.com.mx\/","name":"Tours in Riviera Maya - RIVIERA FAM","description":"Private tours and day activities in Riviera Maya","publisher":{"@id":"https:\/\/rivierafam.com.mx\/#organization"},"alternateName":"Riviera Fam","potentialAction":[{"@type":"SearchAction","target":{"@type":"EntryPoint","urlTemplate":"https:\/\/rivierafam.com.mx\/?s={search_term_string}"},"query-input":{"@type":"PropertyValueSpecification","valueRequired":true,"valueName":"search_term_string"}}],"inLanguage":"es"},{"@type":"Organization","@id":"https:\/\/rivierafam.com.mx\/#organization","name":"Tours in Riviera Maya - RIVIERA FAM","alternateName":"Riviera Fam","url":"https:\/\/rivierafam.com.mx\/","logo":{"@type":"ImageObject","inLanguage":"es","@id":"https:\/\/rivierafam.com.mx\/#\/schema\/logo\/image\/","url":"https:\/\/rivierafam.com.mx\/wp-content\/uploads\/2024\/06\/riviera-fam-logo-negro00012.png","contentUrl":"https:\/\/rivierafam.com.mx\/wp-content\/uploads\/2024\/06\/riviera-fam-logo-negro00012.png","width":660,"height":957,"caption":"Tours in Riviera Maya - RIVIERA FAM"},"image":{"@id":"https:\/\/rivierafam.com.mx\/#\/schema\/logo\/image\/"},"sameAs":["https:\/\/www.facebook.com\/rivierasfam","https:\/\/www.instagram.com\/rivierasfam"]}]}},"_links":{"self":[{"href":"https:\/\/rivierafam.com.mx\/es\/wp-json\/wp\/v2\/product\/2987","targetHints":{"allow":["GET"]}}],"collection":[{"href":"https:\/\/rivierafam.com.mx\/es\/wp-json\/wp\/v2\/product"}],"about":[{"href":"https:\/\/rivierafam.com.mx\/es\/wp-json\/wp\/v2\/types\/product"}],"replies":[{"embeddable":true,"href":"https:\/\/rivierafam.com.mx\/es\/wp-json\/wp\/v2\/comments?post=2987"}],"wp:featuredmedia":[{"embeddable":true,"href":"https:\/\/rivierafam.com.mx\/es\/wp-json\/wp\/v2\/media\/2991"}],"wp:attachment":[{"href":"https:\/\/rivierafam.com.mx\/es\/wp-json\/wp\/v2\/media?parent=2987"}],"wp:term":[{"taxonomy":"product_brand","embeddable":true,"href":"https:\/\/rivierafam.com.mx\/es\/wp-json\/wp\/v2\/product_brand?post=2987"},{"taxonomy":"product_cat","embeddable":true,"href":"https:\/\/rivierafam.com.mx\/es\/wp-json\/wp\/v2\/product_cat?post=2987"},{"taxonomy":"product_tag","embeddable":true,"href":"https:\/\/rivierafam.com.mx\/es\/wp-json\/wp\/v2\/product_tag?post=2987"},{"taxonomy":"mwb_booking_cost","embeddable":true,"href":"https:\/\/rivierafam.com.mx\/es\/wp-json\/wp\/v2\/mwb_booking_cost?post=2987"},{"taxonomy":"mwb_booking_service","embeddable":true,"href":"https:\/\/rivierafam.com.mx\/es\/wp-json\/wp\/v2\/mwb_booking_service?post=2987"}],"curies":[{"name":"wp","href":"https:\/\/api.w.org\/{rel}","templated":true}]}}