{"id":2992,"date":"2024-06-06T10:13:09","date_gmt":"2024-06-06T15:13:09","guid":{"rendered":"https:\/\/rivierafam.com.mx\/producto\/local-fishing-tour\/"},"modified":"2024-06-29T15:14:16","modified_gmt":"2024-06-29T20:14:16","slug":"local-fishing-tour","status":"publish","type":"product","link":"https:\/\/rivierafam.com.mx\/es\/producto-es\/local-fishing-tour\/","title":{"rendered":"Tour de pesca local"},"content":{"rendered":"<p><strong><span class=\"x1c3i2sq x19la9d6 x1fc57z9 xexx8yu x19um543 x18d9i69 x1m6msm x6ikm8r x10wlt62 x19co3pv x1g5zs5t xfibh0p xiy17q3 x1xsqp64\"><br \/>\n<span class=\"\">\ud83c\udff5\ufe0f <\/span><\/span>Precio basado en 3 horas de alquiler de barco<br \/>\nM\u00e1x. 4 personas<\/strong><strong><br \/>\n<\/strong>\ud83d\udc12 <strong>Todas las edades<br \/>\n\ud83d\udd50 Visita con horario sugerido 7:15 AM<\/strong><\/p>\n<p>Charter de Pesca en la Riviera Maya<br \/>\n\u00a1Prep\u00e1rate para lanzar el sedal y divertirte en nuestro exclusivo tour de pesca en Akumal! Empieza el d\u00eda con un abundante desayuno mexicano, porque necesitar\u00e1s esa energ\u00eda para tres emocionantes horas en el agua. Con s\u00f3lo cuatro plazas en el barco, es la oportunidad perfecta para disfrutar de una experiencia de pesca personalizada. Todo lo que necesitas est\u00e1 incluido, para que puedas centrarte \u00fanicamente en la emoci\u00f3n.<\/p>\n<p>Despu\u00e9s de pescar, si\u00e9ntate y saborea una comida tradicional mexicana: cr\u00e9enos, \u00a1sabe a\u00fan mejor despu\u00e9s de una captura matutina! B\u00e1jalo con tu elecci\u00f3n de cervezas, refrescos o agua, disponibles tanto durante el transporte como durante tu estancia en el barco. Hablando de transporte, viaja con estilo y comodidad con nuestros traslados privados de ida y vuelta, que cuentan con veh\u00edculos limpios, seguros y con aire acondicionado. \u00bfPor qu\u00e9 tengo tantas ganas de ir? Es muy sencillo: buena comida, buena compa\u00f1\u00eda y la oportunidad de pescar el pescado del d\u00eda en la impresionante Akumal. \u00a1Qu\u00e9 manera tan perfecta de pasar el d\u00eda!<\/p>\n<p>&nbsp;<\/p>\n<h4>\u00bfQu\u00e9 incluye?<\/h4>\n<p>Desayuno tradicional mexicano.<br \/>\nPesca durante 3 horas en Akumal.<br \/>\nCapacidad m\u00e1xima para 4 personas.<br \/>\nTodos los honorarios y el equipo necesario.<br \/>\nComida tradicional mexicana.<br \/>\nBebidas durante el transporte y el barco (cerveza, agua y refrescos).<br \/>\nTransporte privado ida y vuelta. Unidades limpias y seguras equipadas con aire acondicionado.<\/p>\n<h4>\u00bfQu\u00e9 no est\u00e1 incluido?<\/h4>\n<p>Bebidas durante la comida.<br \/>\nPropinas para el personal.<\/p>\n<h4>\u00bfQu\u00e9 necesitas llevar?<\/h4>\n<p>Confirmaci\u00f3n digital de la reserva.<br \/>\nRopa c\u00f3moda<br \/>\nToalla.<br \/>\nProtector solar biodegradable.<br \/>\nUn cambio de ropa.<br \/>\nDinero en efectivo para bebidas y propinas.<\/p>\n<p>&nbsp;<\/p>\n<h4><span style=\"color: #bdc001;\">Paga ahora el 10% ahora<\/span><br \/>\ny termina de pagar el d\u00eda de tu reserva.\ud83d\udc12<\/h4>\n<p style=\"font-size: 15px;\">Dep\u00f3sito no reembolsable. <strong>Consulta nuestras <a href=\"https:\/\/rivierafam.com.mx\/terms\">pol\u00edticas de cancelaci\u00f3n <\/a><\/strong><\/p>\n","protected":false},"excerpt":{"rendered":"<p><strong><span class=\"x1c3i2sq x19la9d6 x1fc57z9 xexx8yu x19um543 x18d9i69 x1m6msm x6ikm8r x10wlt62 x19co3pv ... \n<\/p>\n","protected":false},"featured_media":2993,"comment_status":"closed","ping_status":"closed","template":"","meta":{"_joinchat":[]},"product_brand":[],"product_cat":[192,193,202],"product_tag":[216,204,205],"mwb_booking_cost":[],"mwb_booking_service":[],"class_list":{"0":"post-2992","1":"product","2":"type-product","3":"status-publish","4":"has-post-thumbnail","6":"product_cat-reservar","7":"product_cat-tours-esp","8":"product_cat-tours-acuaticos","9":"product_tag-pesca","10":"product_tag-riviera-maya-es","11":"product_tag-tours-es","13":"first","14":"instock","15":"virtual","16":"purchasable","17":"product-type-mwb_booking"},"yoast_head":"<!-- This site is optimized with the Yoast SEO plugin v27.4 - https:\/\/yoast.com\/product\/yoast-seo-wordpress\/ -->\n<title>\ud83c\udfa3 | Tour de Pesca Riviera Maya- Riviera Fam<\/title>\n<meta name=\"description\" content=\"\u00danete a una excursi\u00f3n de pesca en la Riviera Maya para pasar un emocionante d\u00eda capturando grandes peces como el marl\u00edn en las cristalinas aguas azules del Mar Caribe\" \/>\n<meta name=\"robots\" content=\"index, follow, max-snippet:-1, max-image-preview:large, max-video-preview:-1\" \/>\n<link rel=\"canonical\" href=\"https:\/\/rivierafam.com.mx\/es\/producto-es\/local-fishing-tour\/\" \/>\n<meta property=\"og:locale\" content=\"es_ES\" \/>\n<meta property=\"og:type\" content=\"article\" \/>\n<meta property=\"og:title\" content=\"\ud83c\udfa3 | Fishing Tour Riviera Maya- Riviera Fam\" \/>\n<meta property=\"og:description\" content=\"\u00danete a una excursi\u00f3n de pesca en la Riviera Maya para pasar un emocionante d\u00eda capturando grandes peces como el marl\u00edn en las cristalinas aguas azules del Mar Caribe\" \/>\n<meta property=\"og:url\" content=\"https:\/\/rivierafam.com.mx\/es\/producto-es\/local-fishing-tour\/\" \/>\n<meta property=\"og:site_name\" content=\"RIVIERA FAM\" \/>\n<meta property=\"article:publisher\" content=\"https:\/\/www.facebook.com\/rivierasfam\" \/>\n<meta property=\"article:modified_time\" content=\"2024-06-29T20:14:16+00:00\" \/>\n<meta property=\"og:image\" content=\"https:\/\/rivierafam.com.mx\/wp-content\/uploads\/2024\/06\/fishing-tour-a-local-family-experience-riviera-fam-00017.jpg\" \/>\n\t<meta property=\"og:image:width\" content=\"1080\" \/>\n\t<meta property=\"og:image:height\" content=\"1080\" \/>\n\t<meta property=\"og:image:type\" content=\"image\/jpeg\" \/>\n<meta name=\"twitter:card\" content=\"summary_large_image\" \/>\n<meta name=\"twitter:label1\" content=\"Tiempo de lectura\" \/>\n\t<meta name=\"twitter:data1\" content=\"2 minutos\" \/>\n<script type=\"application\/ld+json\" class=\"yoast-schema-graph\">{\"@context\":\"https:\\\/\\\/schema.org\",\"@graph\":[{\"@type\":\"WebPage\",\"@id\":\"https:\\\/\\\/rivierafam.com.mx\\\/es\\\/producto-es\\\/local-fishing-tour\\\/\",\"url\":\"https:\\\/\\\/rivierafam.com.mx\\\/es\\\/producto-es\\\/local-fishing-tour\\\/\",\"name\":\"\ud83c\udfa3 | Tour de Pesca Riviera Maya- Riviera Fam\",\"isPartOf\":{\"@id\":\"https:\\\/\\\/rivierafam.com.mx\\\/#website\"},\"primaryImageOfPage\":{\"@id\":\"https:\\\/\\\/rivierafam.com.mx\\\/es\\\/producto-es\\\/local-fishing-tour\\\/#primaryimage\"},\"image\":{\"@id\":\"https:\\\/\\\/rivierafam.com.mx\\\/es\\\/producto-es\\\/local-fishing-tour\\\/#primaryimage\"},\"thumbnailUrl\":\"https:\\\/\\\/rivierafam.com.mx\\\/wp-content\\\/uploads\\\/2024\\\/06\\\/fishing-tour-a-local-family-experience-riviera-fam-00017.jpg\",\"datePublished\":\"2024-06-06T15:13:09+00:00\",\"dateModified\":\"2024-06-29T20:14:16+00:00\",\"description\":\"\u00danete a una excursi\u00f3n de pesca en la Riviera Maya para pasar un emocionante d\u00eda capturando grandes peces como el marl\u00edn en las cristalinas aguas azules del Mar Caribe\",\"breadcrumb\":{\"@id\":\"https:\\\/\\\/rivierafam.com.mx\\\/es\\\/producto-es\\\/local-fishing-tour\\\/#breadcrumb\"},\"inLanguage\":\"es\",\"potentialAction\":[{\"@type\":\"ReadAction\",\"target\":[\"https:\\\/\\\/rivierafam.com.mx\\\/es\\\/producto-es\\\/local-fishing-tour\\\/\"]}]},{\"@type\":\"ImageObject\",\"inLanguage\":\"es\",\"@id\":\"https:\\\/\\\/rivierafam.com.mx\\\/es\\\/producto-es\\\/local-fishing-tour\\\/#primaryimage\",\"url\":\"https:\\\/\\\/rivierafam.com.mx\\\/wp-content\\\/uploads\\\/2024\\\/06\\\/fishing-tour-a-local-family-experience-riviera-fam-00017.jpg\",\"contentUrl\":\"https:\\\/\\\/rivierafam.com.mx\\\/wp-content\\\/uploads\\\/2024\\\/06\\\/fishing-tour-a-local-family-experience-riviera-fam-00017.jpg\",\"width\":1080,\"height\":1080},{\"@type\":\"BreadcrumbList\",\"@id\":\"https:\\\/\\\/rivierafam.com.mx\\\/es\\\/producto-es\\\/local-fishing-tour\\\/#breadcrumb\",\"itemListElement\":[{\"@type\":\"ListItem\",\"position\":1,\"name\":\"Portada\",\"item\":\"https:\\\/\\\/rivierafam.com.mx\\\/es\\\/\"},{\"@type\":\"ListItem\",\"position\":2,\"name\":\"All Tours\",\"item\":\"https:\\\/\\\/rivierafam.com.mx\\\/tours\\\/\"},{\"@type\":\"ListItem\",\"position\":3,\"name\":\"Tour de pesca local\"}]},{\"@type\":\"WebSite\",\"@id\":\"https:\\\/\\\/rivierafam.com.mx\\\/#website\",\"url\":\"https:\\\/\\\/rivierafam.com.mx\\\/\",\"name\":\"Tours in Riviera Maya - RIVIERA FAM\",\"description\":\"Private tours and day activities in Riviera Maya\",\"publisher\":{\"@id\":\"https:\\\/\\\/rivierafam.com.mx\\\/#organization\"},\"alternateName\":\"Riviera Fam\",\"potentialAction\":[{\"@type\":\"SearchAction\",\"target\":{\"@type\":\"EntryPoint\",\"urlTemplate\":\"https:\\\/\\\/rivierafam.com.mx\\\/?s={search_term_string}\"},\"query-input\":{\"@type\":\"PropertyValueSpecification\",\"valueRequired\":true,\"valueName\":\"search_term_string\"}}],\"inLanguage\":\"es\"},{\"@type\":\"Organization\",\"@id\":\"https:\\\/\\\/rivierafam.com.mx\\\/#organization\",\"name\":\"Tours in Riviera Maya - RIVIERA FAM\",\"alternateName\":\"Riviera Fam\",\"url\":\"https:\\\/\\\/rivierafam.com.mx\\\/\",\"logo\":{\"@type\":\"ImageObject\",\"inLanguage\":\"es\",\"@id\":\"https:\\\/\\\/rivierafam.com.mx\\\/#\\\/schema\\\/logo\\\/image\\\/\",\"url\":\"https:\\\/\\\/rivierafam.com.mx\\\/wp-content\\\/uploads\\\/2024\\\/06\\\/riviera-fam-logo-negro00012.png\",\"contentUrl\":\"https:\\\/\\\/rivierafam.com.mx\\\/wp-content\\\/uploads\\\/2024\\\/06\\\/riviera-fam-logo-negro00012.png\",\"width\":660,\"height\":957,\"caption\":\"Tours in Riviera Maya - RIVIERA FAM\"},\"image\":{\"@id\":\"https:\\\/\\\/rivierafam.com.mx\\\/#\\\/schema\\\/logo\\\/image\\\/\"},\"sameAs\":[\"https:\\\/\\\/www.facebook.com\\\/rivierasfam\",\"https:\\\/\\\/www.instagram.com\\\/rivierasfam\"]}]}<\/script>\n<!-- \/ Yoast SEO plugin. -->","yoast_head_json":{"title":"\ud83c\udfa3 | Tour de Pesca Riviera Maya- Riviera Fam","description":"\u00danete a una excursi\u00f3n de pesca en la Riviera Maya para pasar un emocionante d\u00eda capturando grandes peces como el marl\u00edn en las cristalinas aguas azules del Mar Caribe","robots":{"index":"index","follow":"follow","max-snippet":"max-snippet:-1","max-image-preview":"max-image-preview:large","max-video-preview":"max-video-preview:-1"},"canonical":"https:\/\/rivierafam.com.mx\/es\/producto-es\/local-fishing-tour\/","og_locale":"es_ES","og_type":"article","og_title":"\ud83c\udfa3 | Fishing Tour Riviera Maya- Riviera Fam","og_description":"\u00danete a una excursi\u00f3n de pesca en la Riviera Maya para pasar un emocionante d\u00eda capturando grandes peces como el marl\u00edn en las cristalinas aguas azules del Mar Caribe","og_url":"https:\/\/rivierafam.com.mx\/es\/producto-es\/local-fishing-tour\/","og_site_name":"RIVIERA FAM","article_publisher":"https:\/\/www.facebook.com\/rivierasfam","article_modified_time":"2024-06-29T20:14:16+00:00","og_image":[{"width":1080,"height":1080,"url":"https:\/\/rivierafam.com.mx\/wp-content\/uploads\/2024\/06\/fishing-tour-a-local-family-experience-riviera-fam-00017.jpg","type":"image\/jpeg"}],"twitter_card":"summary_large_image","twitter_misc":{"Tiempo de lectura":"2 minutos"},"schema":{"@context":"https:\/\/schema.org","@graph":[{"@type":"WebPage","@id":"https:\/\/rivierafam.com.mx\/es\/producto-es\/local-fishing-tour\/","url":"https:\/\/rivierafam.com.mx\/es\/producto-es\/local-fishing-tour\/","name":"\ud83c\udfa3 | Tour de Pesca Riviera Maya- Riviera Fam","isPartOf":{"@id":"https:\/\/rivierafam.com.mx\/#website"},"primaryImageOfPage":{"@id":"https:\/\/rivierafam.com.mx\/es\/producto-es\/local-fishing-tour\/#primaryimage"},"image":{"@id":"https:\/\/rivierafam.com.mx\/es\/producto-es\/local-fishing-tour\/#primaryimage"},"thumbnailUrl":"https:\/\/rivierafam.com.mx\/wp-content\/uploads\/2024\/06\/fishing-tour-a-local-family-experience-riviera-fam-00017.jpg","datePublished":"2024-06-06T15:13:09+00:00","dateModified":"2024-06-29T20:14:16+00:00","description":"\u00danete a una excursi\u00f3n de pesca en la Riviera Maya para pasar un emocionante d\u00eda capturando grandes peces como el marl\u00edn en las cristalinas aguas azules del Mar Caribe","breadcrumb":{"@id":"https:\/\/rivierafam.com.mx\/es\/producto-es\/local-fishing-tour\/#breadcrumb"},"inLanguage":"es","potentialAction":[{"@type":"ReadAction","target":["https:\/\/rivierafam.com.mx\/es\/producto-es\/local-fishing-tour\/"]}]},{"@type":"ImageObject","inLanguage":"es","@id":"https:\/\/rivierafam.com.mx\/es\/producto-es\/local-fishing-tour\/#primaryimage","url":"https:\/\/rivierafam.com.mx\/wp-content\/uploads\/2024\/06\/fishing-tour-a-local-family-experience-riviera-fam-00017.jpg","contentUrl":"https:\/\/rivierafam.com.mx\/wp-content\/uploads\/2024\/06\/fishing-tour-a-local-family-experience-riviera-fam-00017.jpg","width":1080,"height":1080},{"@type":"BreadcrumbList","@id":"https:\/\/rivierafam.com.mx\/es\/producto-es\/local-fishing-tour\/#breadcrumb","itemListElement":[{"@type":"ListItem","position":1,"name":"Portada","item":"https:\/\/rivierafam.com.mx\/es\/"},{"@type":"ListItem","position":2,"name":"All Tours","item":"https:\/\/rivierafam.com.mx\/tours\/"},{"@type":"ListItem","position":3,"name":"Tour de pesca local"}]},{"@type":"WebSite","@id":"https:\/\/rivierafam.com.mx\/#website","url":"https:\/\/rivierafam.com.mx\/","name":"Tours in Riviera Maya - RIVIERA FAM","description":"Private tours and day activities in Riviera Maya","publisher":{"@id":"https:\/\/rivierafam.com.mx\/#organization"},"alternateName":"Riviera Fam","potentialAction":[{"@type":"SearchAction","target":{"@type":"EntryPoint","urlTemplate":"https:\/\/rivierafam.com.mx\/?s={search_term_string}"},"query-input":{"@type":"PropertyValueSpecification","valueRequired":true,"valueName":"search_term_string"}}],"inLanguage":"es"},{"@type":"Organization","@id":"https:\/\/rivierafam.com.mx\/#organization","name":"Tours in Riviera Maya - RIVIERA FAM","alternateName":"Riviera Fam","url":"https:\/\/rivierafam.com.mx\/","logo":{"@type":"ImageObject","inLanguage":"es","@id":"https:\/\/rivierafam.com.mx\/#\/schema\/logo\/image\/","url":"https:\/\/rivierafam.com.mx\/wp-content\/uploads\/2024\/06\/riviera-fam-logo-negro00012.png","contentUrl":"https:\/\/rivierafam.com.mx\/wp-content\/uploads\/2024\/06\/riviera-fam-logo-negro00012.png","width":660,"height":957,"caption":"Tours in Riviera Maya - RIVIERA FAM"},"image":{"@id":"https:\/\/rivierafam.com.mx\/#\/schema\/logo\/image\/"},"sameAs":["https:\/\/www.facebook.com\/rivierasfam","https:\/\/www.instagram.com\/rivierasfam"]}]}},"_links":{"self":[{"href":"https:\/\/rivierafam.com.mx\/es\/wp-json\/wp\/v2\/product\/2992","targetHints":{"allow":["GET"]}}],"collection":[{"href":"https:\/\/rivierafam.com.mx\/es\/wp-json\/wp\/v2\/product"}],"about":[{"href":"https:\/\/rivierafam.com.mx\/es\/wp-json\/wp\/v2\/types\/product"}],"replies":[{"embeddable":true,"href":"https:\/\/rivierafam.com.mx\/es\/wp-json\/wp\/v2\/comments?post=2992"}],"wp:featuredmedia":[{"embeddable":true,"href":"https:\/\/rivierafam.com.mx\/es\/wp-json\/wp\/v2\/media\/2993"}],"wp:attachment":[{"href":"https:\/\/rivierafam.com.mx\/es\/wp-json\/wp\/v2\/media?parent=2992"}],"wp:term":[{"taxonomy":"product_brand","embeddable":true,"href":"https:\/\/rivierafam.com.mx\/es\/wp-json\/wp\/v2\/product_brand?post=2992"},{"taxonomy":"product_cat","embeddable":true,"href":"https:\/\/rivierafam.com.mx\/es\/wp-json\/wp\/v2\/product_cat?post=2992"},{"taxonomy":"product_tag","embeddable":true,"href":"https:\/\/rivierafam.com.mx\/es\/wp-json\/wp\/v2\/product_tag?post=2992"},{"taxonomy":"mwb_booking_cost","embeddable":true,"href":"https:\/\/rivierafam.com.mx\/es\/wp-json\/wp\/v2\/mwb_booking_cost?post=2992"},{"taxonomy":"mwb_booking_service","embeddable":true,"href":"https:\/\/rivierafam.com.mx\/es\/wp-json\/wp\/v2\/mwb_booking_service?post=2992"}],"curies":[{"name":"wp","href":"https:\/\/api.w.org\/{rel}","templated":true}]}}