{"id":3001,"date":"2024-06-06T10:12:21","date_gmt":"2024-06-06T15:12:21","guid":{"rendered":"https:\/\/rivierafam.com.mx\/producto\/fishing-paradise-tour\/"},"modified":"2024-06-29T15:20:17","modified_gmt":"2024-06-29T20:20:17","slug":"fishing-paradise-tour","status":"publish","type":"product","link":"https:\/\/rivierafam.com.mx\/es\/producto-es\/fishing-paradise-tour\/","title":{"rendered":"Tour de pesca en Para\u00edso"},"content":{"rendered":"<p><strong><span class=\"x1c3i2sq x19la9d6 x1fc57z9 xexx8yu x19um543 x18d9i69 x1m6msm x6ikm8r x10wlt62 x19co3pv x1g5zs5t xfibh0p xiy17q3 x1xsqp64\"><span class=\"\">\ud83c\udff5\ufe0f<\/span><\/span>Precio basado en 3 horas de alquiler de barco<br \/>\nM\u00e1x. 8 personas<\/strong><strong><br \/>\n<\/strong>\ud83d\udc12 <strong>Todas las edades<br \/>\n\ud83d\udd50 Visita con horario sugerido 7:15 AM<\/strong><\/p>\n<p>&nbsp;<\/p>\n<p>\u00bfPreparado para la diversi\u00f3n con una excursi\u00f3n de pesca en Puerto Aventuras? Comienza tu aventura con un sabroso desayuno tradicional mexicano. \u00a1Piensa en todas las delicias que te esperan para empezar el d\u00eda! Despu\u00e9s, al agua durante 4 horas de emoci\u00f3n pesquera. Tanto si eres un profesional lanzando el sedal como si s\u00f3lo lo est\u00e1s probando, \u00e9sta es tu oportunidad de pescar tus propias historias.<\/p>\n<p>Y no te preocupes por la multitud: hay espacio suficiente para 8 personas, as\u00ed que es perfecto para traer a tus amigos o familiares. Tenemos todos los gastos cubiertos, y te proporcionaremos todo el equipo necesario. Despu\u00e9s de abrir el apetito, sum\u00e9rgete en una comida tradicional mexicana. Cr\u00e9eme, es la forma perfecta de repostar. Adem\u00e1s, mantendremos las bebidas fluyendo con cerveza, agua y refrescos durante el transporte e incluso mientras est\u00e9s en el barco. Hablando de desplazamientos, viajar\u00e1s con estilo con nuestro transporte privado de ida y vuelta. S\u00ed, hablamos de veh\u00edculos limpios y seguros, con aire acondicionado para que est\u00e9s c\u00f3modo.<\/p>\n<p>&nbsp;<\/p>\n<h4>\u00bfQu\u00e9 incluye?<\/h4>\n<p>Desayuno tradicional mexicano.<br \/>\nPesca durante 4 horas en Puerto Aventuras.<br \/>\nCapacidad m\u00e1xima para 8 personas.<br \/>\nTodos los honorarios y el equipo necesario.<br \/>\nComida tradicional mexicana.<br \/>\nBebidas durante el transporte y el barco (cerveza, agua y refrescos).<br \/>\nTransporte privado ida y vuelta. Unidades limpias y seguras equipadas con aire acondicionado.<\/p>\n<p>&nbsp;<\/p>\n<h4>\u00bfQu\u00e9 no est\u00e1 incluido?<\/h4>\n<p>Bebidas durante la comida.<br \/>\nPropinas para el personal.<\/p>\n<p>&nbsp;<\/p>\n<h4>\u00bfQu\u00e9 necesitas llevar?<\/h4>\n<p>Confirmaci\u00f3n digital de la reserva.<br \/>\nRopa c\u00f3moda.<br \/>\nToalla.<br \/>\nProtector solar biodegradable.<br \/>\nUn cambio de ropa.<br \/>\nDinero en efectivo para bebidas y propinas.<\/p>\n<p>&nbsp;<\/p>\n<h4><span style=\"color: #bdc001;\">Reserva con el 10% ahora<\/span><br \/>\ny termina de pagar el d\u00eda de tour.\ud83d\udc12<br \/>\n<span style=\"font-size: 15px; font-weight: 200;\">Aceptamos pagos en efectivo y todas las tarjetas de cr\u00e9dito y d\u00e9bito.<\/span><\/h4>\n<p style=\"font-size: 15px;\">Dep\u00f3sito no reembolsable. <strong>Consulta nuestras <a href=\"https:\/\/rivierafam.com.mx\/terms\">pol\u00edticas de cancelaci\u00f3n <\/a><\/strong><\/p>\n","protected":false},"excerpt":{"rendered":"<p><strong><span class=\"x1c3i2sq x19la9d6 x1fc57z9 xexx8yu x19um543 x18d9i69 x1m6msm x6ikm8r x10wlt62 x19co3pv ... \n<\/p>\n","protected":false},"featured_media":3002,"comment_status":"closed","ping_status":"closed","template":"","meta":{"_joinchat":[]},"product_brand":[],"product_cat":[192,193,202],"product_tag":[216,204,205],"mwb_booking_cost":[],"mwb_booking_service":[],"class_list":{"0":"post-3001","1":"product","2":"type-product","3":"status-publish","4":"has-post-thumbnail","6":"product_cat-reservar","7":"product_cat-tours-esp","8":"product_cat-tours-acuaticos","9":"product_tag-pesca","10":"product_tag-riviera-maya-es","11":"product_tag-tours-es","13":"first","14":"instock","15":"virtual","16":"purchasable","17":"product-type-mwb_booking"},"yoast_head":"<!-- This site is optimized with the Yoast SEO plugin v27.6 - https:\/\/yoast.com\/product\/yoast-seo-wordpress\/ -->\n<title>\ud83d\udc20 | Tour Pesca Para\u00edso Riviera Maya - Riviera Fam<\/title>\n<meta name=\"description\" content=\"Vive la emoci\u00f3n de un Tour Privado de Pesca en la Riviera Maya, que ofrece aventuras personalizadas capturando peces de caza mayor en las impresionantes aguas caribe\u00f1as\" \/>\n<meta name=\"robots\" content=\"index, follow, max-snippet:-1, max-image-preview:large, max-video-preview:-1\" \/>\n<link rel=\"canonical\" href=\"https:\/\/rivierafam.com.mx\/es\/producto-es\/fishing-paradise-tour\/\" \/>\n<meta property=\"og:locale\" content=\"es_ES\" \/>\n<meta property=\"og:type\" content=\"article\" \/>\n<meta property=\"og:title\" content=\"\ud83c\udf34| Private Fishing Tour riviera maya - Riviera Fam\" \/>\n<meta property=\"og:description\" content=\"Vive la emoci\u00f3n de un Tour Privado de Pesca en la Riviera Maya, que ofrece aventuras personalizadas capturando peces de caza mayor en las impresionantes aguas caribe\u00f1as\" \/>\n<meta property=\"og:url\" content=\"https:\/\/rivierafam.com.mx\/es\/producto-es\/fishing-paradise-tour\/\" \/>\n<meta property=\"og:site_name\" content=\"RIVIERA FAM\" \/>\n<meta property=\"article:publisher\" content=\"https:\/\/www.facebook.com\/rivierasfam\" \/>\n<meta property=\"article:modified_time\" content=\"2024-06-29T20:20:17+00:00\" \/>\n<meta property=\"og:image\" content=\"https:\/\/rivierafam.com.mx\/wp-content\/uploads\/2024\/06\/fishing-tour-a-local-family-experience-riviera-fam-00012.jpg\" \/>\n\t<meta property=\"og:image:width\" content=\"1080\" \/>\n\t<meta property=\"og:image:height\" content=\"1080\" \/>\n\t<meta property=\"og:image:type\" content=\"image\/jpeg\" \/>\n<meta name=\"twitter:card\" content=\"summary_large_image\" \/>\n<meta name=\"twitter:label1\" content=\"Tiempo de lectura\" \/>\n\t<meta name=\"twitter:data1\" content=\"2 minutos\" \/>\n<script type=\"application\/ld+json\" class=\"yoast-schema-graph\">{\"@context\":\"https:\\\/\\\/schema.org\",\"@graph\":[{\"@type\":\"WebPage\",\"@id\":\"https:\\\/\\\/rivierafam.com.mx\\\/es\\\/producto-es\\\/fishing-paradise-tour\\\/\",\"url\":\"https:\\\/\\\/rivierafam.com.mx\\\/es\\\/producto-es\\\/fishing-paradise-tour\\\/\",\"name\":\"\ud83d\udc20 | Tour Pesca Para\u00edso Riviera Maya - Riviera Fam\",\"isPartOf\":{\"@id\":\"https:\\\/\\\/rivierafam.com.mx\\\/#website\"},\"primaryImageOfPage\":{\"@id\":\"https:\\\/\\\/rivierafam.com.mx\\\/es\\\/producto-es\\\/fishing-paradise-tour\\\/#primaryimage\"},\"image\":{\"@id\":\"https:\\\/\\\/rivierafam.com.mx\\\/es\\\/producto-es\\\/fishing-paradise-tour\\\/#primaryimage\"},\"thumbnailUrl\":\"https:\\\/\\\/rivierafam.com.mx\\\/wp-content\\\/uploads\\\/2024\\\/06\\\/fishing-tour-a-local-family-experience-riviera-fam-00012.jpg\",\"datePublished\":\"2024-06-06T15:12:21+00:00\",\"dateModified\":\"2024-06-29T20:20:17+00:00\",\"description\":\"Vive la emoci\u00f3n de un Tour Privado de Pesca en la Riviera Maya, que ofrece aventuras personalizadas capturando peces de caza mayor en las impresionantes aguas caribe\u00f1as\",\"breadcrumb\":{\"@id\":\"https:\\\/\\\/rivierafam.com.mx\\\/es\\\/producto-es\\\/fishing-paradise-tour\\\/#breadcrumb\"},\"inLanguage\":\"es\",\"potentialAction\":[{\"@type\":\"ReadAction\",\"target\":[\"https:\\\/\\\/rivierafam.com.mx\\\/es\\\/producto-es\\\/fishing-paradise-tour\\\/\"]}]},{\"@type\":\"ImageObject\",\"inLanguage\":\"es\",\"@id\":\"https:\\\/\\\/rivierafam.com.mx\\\/es\\\/producto-es\\\/fishing-paradise-tour\\\/#primaryimage\",\"url\":\"https:\\\/\\\/rivierafam.com.mx\\\/wp-content\\\/uploads\\\/2024\\\/06\\\/fishing-tour-a-local-family-experience-riviera-fam-00012.jpg\",\"contentUrl\":\"https:\\\/\\\/rivierafam.com.mx\\\/wp-content\\\/uploads\\\/2024\\\/06\\\/fishing-tour-a-local-family-experience-riviera-fam-00012.jpg\",\"width\":1080,\"height\":1080},{\"@type\":\"BreadcrumbList\",\"@id\":\"https:\\\/\\\/rivierafam.com.mx\\\/es\\\/producto-es\\\/fishing-paradise-tour\\\/#breadcrumb\",\"itemListElement\":[{\"@type\":\"ListItem\",\"position\":1,\"name\":\"Portada\",\"item\":\"https:\\\/\\\/rivierafam.com.mx\\\/es\\\/\"},{\"@type\":\"ListItem\",\"position\":2,\"name\":\"All Tours\",\"item\":\"https:\\\/\\\/rivierafam.com.mx\\\/tours\\\/\"},{\"@type\":\"ListItem\",\"position\":3,\"name\":\"Tour de pesca en Para\u00edso\"}]},{\"@type\":\"WebSite\",\"@id\":\"https:\\\/\\\/rivierafam.com.mx\\\/#website\",\"url\":\"https:\\\/\\\/rivierafam.com.mx\\\/\",\"name\":\"Tours in Riviera Maya - RIVIERA FAM\",\"description\":\"Private tours and day activities in Riviera Maya\",\"publisher\":{\"@id\":\"https:\\\/\\\/rivierafam.com.mx\\\/#organization\"},\"alternateName\":\"Riviera Fam\",\"potentialAction\":[{\"@type\":\"SearchAction\",\"target\":{\"@type\":\"EntryPoint\",\"urlTemplate\":\"https:\\\/\\\/rivierafam.com.mx\\\/?s={search_term_string}\"},\"query-input\":{\"@type\":\"PropertyValueSpecification\",\"valueRequired\":true,\"valueName\":\"search_term_string\"}}],\"inLanguage\":\"es\"},{\"@type\":\"Organization\",\"@id\":\"https:\\\/\\\/rivierafam.com.mx\\\/#organization\",\"name\":\"Tours in Riviera Maya - RIVIERA FAM\",\"alternateName\":\"Riviera Fam\",\"url\":\"https:\\\/\\\/rivierafam.com.mx\\\/\",\"logo\":{\"@type\":\"ImageObject\",\"inLanguage\":\"es\",\"@id\":\"https:\\\/\\\/rivierafam.com.mx\\\/#\\\/schema\\\/logo\\\/image\\\/\",\"url\":\"https:\\\/\\\/rivierafam.com.mx\\\/wp-content\\\/uploads\\\/2024\\\/06\\\/riviera-fam-logo-negro00012.png\",\"contentUrl\":\"https:\\\/\\\/rivierafam.com.mx\\\/wp-content\\\/uploads\\\/2024\\\/06\\\/riviera-fam-logo-negro00012.png\",\"width\":660,\"height\":957,\"caption\":\"Tours in Riviera Maya - RIVIERA FAM\"},\"image\":{\"@id\":\"https:\\\/\\\/rivierafam.com.mx\\\/#\\\/schema\\\/logo\\\/image\\\/\"},\"sameAs\":[\"https:\\\/\\\/www.facebook.com\\\/rivierasfam\",\"https:\\\/\\\/www.instagram.com\\\/rivierasfam\"]}]}<\/script>\n<!-- \/ Yoast SEO plugin. -->","yoast_head_json":{"title":"\ud83d\udc20 | Tour Pesca Para\u00edso Riviera Maya - Riviera Fam","description":"Vive la emoci\u00f3n de un Tour Privado de Pesca en la Riviera Maya, que ofrece aventuras personalizadas capturando peces de caza mayor en las impresionantes aguas caribe\u00f1as","robots":{"index":"index","follow":"follow","max-snippet":"max-snippet:-1","max-image-preview":"max-image-preview:large","max-video-preview":"max-video-preview:-1"},"canonical":"https:\/\/rivierafam.com.mx\/es\/producto-es\/fishing-paradise-tour\/","og_locale":"es_ES","og_type":"article","og_title":"\ud83c\udf34| Private Fishing Tour riviera maya - Riviera Fam","og_description":"Vive la emoci\u00f3n de un Tour Privado de Pesca en la Riviera Maya, que ofrece aventuras personalizadas capturando peces de caza mayor en las impresionantes aguas caribe\u00f1as","og_url":"https:\/\/rivierafam.com.mx\/es\/producto-es\/fishing-paradise-tour\/","og_site_name":"RIVIERA FAM","article_publisher":"https:\/\/www.facebook.com\/rivierasfam","article_modified_time":"2024-06-29T20:20:17+00:00","og_image":[{"width":1080,"height":1080,"url":"https:\/\/rivierafam.com.mx\/wp-content\/uploads\/2024\/06\/fishing-tour-a-local-family-experience-riviera-fam-00012.jpg","type":"image\/jpeg"}],"twitter_card":"summary_large_image","twitter_misc":{"Tiempo de lectura":"2 minutos"},"schema":{"@context":"https:\/\/schema.org","@graph":[{"@type":"WebPage","@id":"https:\/\/rivierafam.com.mx\/es\/producto-es\/fishing-paradise-tour\/","url":"https:\/\/rivierafam.com.mx\/es\/producto-es\/fishing-paradise-tour\/","name":"\ud83d\udc20 | Tour Pesca Para\u00edso Riviera Maya - Riviera Fam","isPartOf":{"@id":"https:\/\/rivierafam.com.mx\/#website"},"primaryImageOfPage":{"@id":"https:\/\/rivierafam.com.mx\/es\/producto-es\/fishing-paradise-tour\/#primaryimage"},"image":{"@id":"https:\/\/rivierafam.com.mx\/es\/producto-es\/fishing-paradise-tour\/#primaryimage"},"thumbnailUrl":"https:\/\/rivierafam.com.mx\/wp-content\/uploads\/2024\/06\/fishing-tour-a-local-family-experience-riviera-fam-00012.jpg","datePublished":"2024-06-06T15:12:21+00:00","dateModified":"2024-06-29T20:20:17+00:00","description":"Vive la emoci\u00f3n de un Tour Privado de Pesca en la Riviera Maya, que ofrece aventuras personalizadas capturando peces de caza mayor en las impresionantes aguas caribe\u00f1as","breadcrumb":{"@id":"https:\/\/rivierafam.com.mx\/es\/producto-es\/fishing-paradise-tour\/#breadcrumb"},"inLanguage":"es","potentialAction":[{"@type":"ReadAction","target":["https:\/\/rivierafam.com.mx\/es\/producto-es\/fishing-paradise-tour\/"]}]},{"@type":"ImageObject","inLanguage":"es","@id":"https:\/\/rivierafam.com.mx\/es\/producto-es\/fishing-paradise-tour\/#primaryimage","url":"https:\/\/rivierafam.com.mx\/wp-content\/uploads\/2024\/06\/fishing-tour-a-local-family-experience-riviera-fam-00012.jpg","contentUrl":"https:\/\/rivierafam.com.mx\/wp-content\/uploads\/2024\/06\/fishing-tour-a-local-family-experience-riviera-fam-00012.jpg","width":1080,"height":1080},{"@type":"BreadcrumbList","@id":"https:\/\/rivierafam.com.mx\/es\/producto-es\/fishing-paradise-tour\/#breadcrumb","itemListElement":[{"@type":"ListItem","position":1,"name":"Portada","item":"https:\/\/rivierafam.com.mx\/es\/"},{"@type":"ListItem","position":2,"name":"All Tours","item":"https:\/\/rivierafam.com.mx\/tours\/"},{"@type":"ListItem","position":3,"name":"Tour de pesca en Para\u00edso"}]},{"@type":"WebSite","@id":"https:\/\/rivierafam.com.mx\/#website","url":"https:\/\/rivierafam.com.mx\/","name":"Tours in Riviera Maya - RIVIERA FAM","description":"Private tours and day activities in Riviera Maya","publisher":{"@id":"https:\/\/rivierafam.com.mx\/#organization"},"alternateName":"Riviera Fam","potentialAction":[{"@type":"SearchAction","target":{"@type":"EntryPoint","urlTemplate":"https:\/\/rivierafam.com.mx\/?s={search_term_string}"},"query-input":{"@type":"PropertyValueSpecification","valueRequired":true,"valueName":"search_term_string"}}],"inLanguage":"es"},{"@type":"Organization","@id":"https:\/\/rivierafam.com.mx\/#organization","name":"Tours in Riviera Maya - RIVIERA FAM","alternateName":"Riviera Fam","url":"https:\/\/rivierafam.com.mx\/","logo":{"@type":"ImageObject","inLanguage":"es","@id":"https:\/\/rivierafam.com.mx\/#\/schema\/logo\/image\/","url":"https:\/\/rivierafam.com.mx\/wp-content\/uploads\/2024\/06\/riviera-fam-logo-negro00012.png","contentUrl":"https:\/\/rivierafam.com.mx\/wp-content\/uploads\/2024\/06\/riviera-fam-logo-negro00012.png","width":660,"height":957,"caption":"Tours in Riviera Maya - RIVIERA FAM"},"image":{"@id":"https:\/\/rivierafam.com.mx\/#\/schema\/logo\/image\/"},"sameAs":["https:\/\/www.facebook.com\/rivierasfam","https:\/\/www.instagram.com\/rivierasfam"]}]}},"_links":{"self":[{"href":"https:\/\/rivierafam.com.mx\/es\/wp-json\/wp\/v2\/product\/3001","targetHints":{"allow":["GET"]}}],"collection":[{"href":"https:\/\/rivierafam.com.mx\/es\/wp-json\/wp\/v2\/product"}],"about":[{"href":"https:\/\/rivierafam.com.mx\/es\/wp-json\/wp\/v2\/types\/product"}],"replies":[{"embeddable":true,"href":"https:\/\/rivierafam.com.mx\/es\/wp-json\/wp\/v2\/comments?post=3001"}],"wp:featuredmedia":[{"embeddable":true,"href":"https:\/\/rivierafam.com.mx\/es\/wp-json\/wp\/v2\/media\/3002"}],"wp:attachment":[{"href":"https:\/\/rivierafam.com.mx\/es\/wp-json\/wp\/v2\/media?parent=3001"}],"wp:term":[{"taxonomy":"product_brand","embeddable":true,"href":"https:\/\/rivierafam.com.mx\/es\/wp-json\/wp\/v2\/product_brand?post=3001"},{"taxonomy":"product_cat","embeddable":true,"href":"https:\/\/rivierafam.com.mx\/es\/wp-json\/wp\/v2\/product_cat?post=3001"},{"taxonomy":"product_tag","embeddable":true,"href":"https:\/\/rivierafam.com.mx\/es\/wp-json\/wp\/v2\/product_tag?post=3001"},{"taxonomy":"mwb_booking_cost","embeddable":true,"href":"https:\/\/rivierafam.com.mx\/es\/wp-json\/wp\/v2\/mwb_booking_cost?post=3001"},{"taxonomy":"mwb_booking_service","embeddable":true,"href":"https:\/\/rivierafam.com.mx\/es\/wp-json\/wp\/v2\/mwb_booking_service?post=3001"}],"curies":[{"name":"wp","href":"https:\/\/api.w.org\/{rel}","templated":true}]}}