{"id":3024,"date":"2024-06-06T10:12:08","date_gmt":"2024-06-06T15:12:08","guid":{"rendered":"https:\/\/rivierafam.com.mx\/producto\/tulum-tour\/"},"modified":"2024-06-29T15:39:56","modified_gmt":"2024-06-29T20:39:56","slug":"tulum-tour","status":"publish","type":"product","link":"https:\/\/rivierafam.com.mx\/es\/producto-es\/tulum-tour\/","title":{"rendered":"Tulum Tour"},"content":{"rendered":"<p><strong><span class=\"x1c3i2sq x19la9d6 x1fc57z9 xexx8yu x19um543 x18d9i69 x1m6msm x6ikm8r x10wlt62 x19co3pv x1g5zs5t xfibh0p xiy17q3 x1xsqp64\"><span class=\"\">\ud83c\udff5\ufe0f <\/span><\/span>Precio basado en 4 pax<br \/>\n<span class=\"x1c3i2sq x19la9d6 x1fc57z9 xexx8yu x19um543 x18d9i69 x1m6msm x6ikm8r x10wlt62 x19co3pv x1g5zs5t xfibh0p xiy17q3 x1xsqp64\"><span class=\"\">\ud83e\udedb <\/span><\/span>Opciones vegetarianas<br \/>\n\ud83d\udc12 Todas las edades<br \/>\n\ud83d\udd50 Horario sugerido recorrido 8:00 AM<br \/>\n<span class=\"x1c3i2sq x19la9d6 x1fc57z9 xexx8yu x19um543 x18d9i69 x1m6msm x6ikm8r x10wlt62 x19co3pv x1g5zs5t xfibh0p xiy17q3 x1xsqp64\"><span class=\"\">\ud83c\udf4c 8 horas<\/span><\/span><\/strong><\/p>\n<p>&nbsp;<\/p>\n<p>Acomp\u00e1\u00f1ame en una incre\u00edble excursi\u00f3n a Tulum que promete aventura, relajaci\u00f3n y exploraci\u00f3n cultural. Empieza el d\u00eda con un sabroso desayuno tradicional mexicano, que preparar\u00e1 el terreno para una experiencia inolvidable. Marav\u00edllate ante las sobrecogedoras ruinas de Tulum mientras las exploras con un gu\u00eda privado, adentr\u00e1ndote en la rica historia y las fascinantes historias de esta antigua ciudad maya.<\/p>\n<p>Despu\u00e9s, sum\u00e9rgete en las refrescantes aguas de tres cenotes diferentes, experimentando la belleza natural y la tranquilidad de estas formaciones geol\u00f3gicas \u00fanicas. Sacia tu apetito con un delicioso almuerzo tradicional mexicano, con sabores aut\u00e9nticos que muestran la herencia culinaria de la regi\u00f3n. A lo largo del recorrido, disfruta de bebidas gratuitas, como cerveza, agua y refrescos, durante tu transporte privado en veh\u00edculos limpios y seguros equipados con aire acondicionado.<\/p>\n<h4>\u00bfQu\u00e9 incluye?<\/h4>\n<p>Desayuno tradicional mexicano.<br \/>\nVisita las ruinas de Tulum con un gu\u00eda privado.<br \/>\nNadar en tres cenotes diferentes.<br \/>\nComida tradicional mexicana.<br \/>\nBebidas durante el transporte (cerveza, agua y refrescos).<br \/>\nTransporte privado ida y vuelta. Unidades limpias y seguras equipadas con aire acondicionado.<\/p>\n<h4>\u00bfQu\u00e9 no est\u00e1 incluido?<\/h4>\n<p>Bebidas durante el desayuno y la comida.<br \/>\nPropinas para el personal.<\/p>\n<h4>\u00bfQu\u00e9 necesitas llevar?<\/h4>\n<p>Confirmaci\u00f3n digital de la reserva.<br \/>\nBa\u00f1ador.<br \/>\nToalla.<br \/>\nProtector solar biodegradable.<br \/>\nUn cambio de ropa.<br \/>\nDinero en efectivo para bebidas y propinas.<\/p>\n<h4>\u00bfPor qu\u00e9 visitar Tulum?<\/h4>\n<p><strong>Historia rica:<\/strong><br \/>\nExplora las antiguas ruinas de Tulum con un gu\u00eda privado, sumergi\u00e9ndote en la intrigante historia y relatos de este yacimiento arqueol\u00f3gico maya.<\/p>\n<p><strong>Maravillas Naturales:<\/strong><br \/>\nExperimenta la belleza \u00fanica de tres cenotes diferentes, donde podr\u00e1s nadar y maravillarte con las impresionantes formaciones geol\u00f3gicas que se encuentran en la regi\u00f3n.<\/p>\n<p><strong>Cocina aut\u00e9ntica:<\/strong><br \/>\nDisfruta de un desayuno y una comida tradicionales mexicanos, saboreando los deliciosos sabores que representan la herencia culinaria de la zona, proporcion\u00e1ndote una muestra de la cultura local durante tu visita a Tulum.<\/p>\n<p>&nbsp;<\/p>\n<h4><span style=\"color: #bdc001;\">Reserva con el 10% ahora<\/span><br \/>\ny termina de pagar el d\u00eda de tour.\ud83d\udc12<br \/>\n<span style=\"font-size: 15px; font-weight: 200;\">Aceptamos pagos en efectivo y todas las tarjetas de cr\u00e9dito y d\u00e9bito.<\/span><\/h4>\n<p style=\"font-size: 15px;\">Dep\u00f3sito no reembolsable. <strong>Consulta nuestras <a href=\"https:\/\/rivierafam.com.mx\/terms\">pol\u00edticas de cancelaci\u00f3n <\/a><\/strong><\/p>\n","protected":false},"excerpt":{"rendered":"<p><strong><span class=\"x1c3i2sq x19la9d6 x1fc57z9 xexx8yu x19um543 x18d9i69 x1m6msm x6ikm8r x10wlt62 x19co3pv ... \n<\/p>\n","protected":false},"featured_media":3036,"comment_status":"closed","ping_status":"closed","template":"","meta":{"_joinchat":[]},"product_brand":[],"product_cat":[199,192,193],"product_tag":[204,205,220],"mwb_booking_cost":[],"mwb_booking_service":[],"class_list":{"0":"post-3024","1":"product","2":"type-product","3":"status-publish","4":"has-post-thumbnail","6":"product_cat-maya-tours","7":"product_cat-reservar","8":"product_cat-tours-esp","9":"product_tag-riviera-maya-es","10":"product_tag-tours-es","11":"product_tag-tulum-es","13":"first","14":"instock","15":"featured","16":"virtual","17":"purchasable","18":"product-type-mwb_booking"},"yoast_head":"<!-- This site is optimized with the Yoast SEO plugin v27.6 - https:\/\/yoast.com\/product\/yoast-seo-wordpress\/ -->\n<title>\ud83d\udc1a | Tour privado a Tulum - Riviera Fam<\/title>\n<meta name=\"description\" content=\"Descubre la belleza y la historia de Tulum con un recorrido privado, viendo sus famosas ruinas junto al mar a tu propio ritmo con un gu\u00eda personal\" \/>\n<meta name=\"robots\" content=\"index, follow, max-snippet:-1, max-image-preview:large, max-video-preview:-1\" \/>\n<link rel=\"canonical\" href=\"https:\/\/rivierafam.com.mx\/es\/producto-es\/tulum-tour\/\" \/>\n<meta property=\"og:locale\" content=\"es_ES\" \/>\n<meta property=\"og:type\" content=\"article\" \/>\n<meta property=\"og:title\" content=\"\ud83d\udc1a | Tulum Private Tour - Riviera Fam\" \/>\n<meta property=\"og:description\" content=\"Descubre la belleza y la historia de Tulum con un recorrido privado, viendo sus famosas ruinas junto al mar a tu propio ritmo con un gu\u00eda personal\" \/>\n<meta property=\"og:url\" content=\"https:\/\/rivierafam.com.mx\/es\/producto-es\/tulum-tour\/\" \/>\n<meta property=\"og:site_name\" content=\"RIVIERA FAM\" \/>\n<meta property=\"article:publisher\" content=\"https:\/\/www.facebook.com\/rivierasfam\" \/>\n<meta property=\"article:modified_time\" content=\"2024-06-29T20:39:56+00:00\" \/>\n<meta property=\"og:image\" content=\"https:\/\/rivierafam.com.mx\/wp-content\/uploads\/2024\/06\/tulum-tour-a-local-family-experience-riviera-fam-00012.jpg\" \/>\n\t<meta property=\"og:image:width\" content=\"1080\" \/>\n\t<meta property=\"og:image:height\" content=\"1080\" \/>\n\t<meta property=\"og:image:type\" content=\"image\/jpeg\" \/>\n<meta name=\"twitter:card\" content=\"summary_large_image\" \/>\n<meta name=\"twitter:label1\" content=\"Tiempo de lectura\" \/>\n\t<meta name=\"twitter:data1\" content=\"2 minutos\" \/>\n<script type=\"application\/ld+json\" class=\"yoast-schema-graph\">{\"@context\":\"https:\\\/\\\/schema.org\",\"@graph\":[{\"@type\":\"WebPage\",\"@id\":\"https:\\\/\\\/rivierafam.com.mx\\\/es\\\/producto-es\\\/tulum-tour\\\/\",\"url\":\"https:\\\/\\\/rivierafam.com.mx\\\/es\\\/producto-es\\\/tulum-tour\\\/\",\"name\":\"\ud83d\udc1a | Tour privado a Tulum - Riviera Fam\",\"isPartOf\":{\"@id\":\"https:\\\/\\\/rivierafam.com.mx\\\/#website\"},\"primaryImageOfPage\":{\"@id\":\"https:\\\/\\\/rivierafam.com.mx\\\/es\\\/producto-es\\\/tulum-tour\\\/#primaryimage\"},\"image\":{\"@id\":\"https:\\\/\\\/rivierafam.com.mx\\\/es\\\/producto-es\\\/tulum-tour\\\/#primaryimage\"},\"thumbnailUrl\":\"https:\\\/\\\/rivierafam.com.mx\\\/wp-content\\\/uploads\\\/2024\\\/06\\\/tulum-tour-a-local-family-experience-riviera-fam-00018.jpg\",\"datePublished\":\"2024-06-06T15:12:08+00:00\",\"dateModified\":\"2024-06-29T20:39:56+00:00\",\"description\":\"Descubre la belleza y la historia de Tulum con un recorrido privado, viendo sus famosas ruinas junto al mar a tu propio ritmo con un gu\u00eda personal\",\"breadcrumb\":{\"@id\":\"https:\\\/\\\/rivierafam.com.mx\\\/es\\\/producto-es\\\/tulum-tour\\\/#breadcrumb\"},\"inLanguage\":\"es\",\"potentialAction\":[{\"@type\":\"ReadAction\",\"target\":[\"https:\\\/\\\/rivierafam.com.mx\\\/es\\\/producto-es\\\/tulum-tour\\\/\"]}]},{\"@type\":\"ImageObject\",\"inLanguage\":\"es\",\"@id\":\"https:\\\/\\\/rivierafam.com.mx\\\/es\\\/producto-es\\\/tulum-tour\\\/#primaryimage\",\"url\":\"https:\\\/\\\/rivierafam.com.mx\\\/wp-content\\\/uploads\\\/2024\\\/06\\\/tulum-tour-a-local-family-experience-riviera-fam-00018.jpg\",\"contentUrl\":\"https:\\\/\\\/rivierafam.com.mx\\\/wp-content\\\/uploads\\\/2024\\\/06\\\/tulum-tour-a-local-family-experience-riviera-fam-00018.jpg\",\"width\":1080,\"height\":1080},{\"@type\":\"BreadcrumbList\",\"@id\":\"https:\\\/\\\/rivierafam.com.mx\\\/es\\\/producto-es\\\/tulum-tour\\\/#breadcrumb\",\"itemListElement\":[{\"@type\":\"ListItem\",\"position\":1,\"name\":\"Portada\",\"item\":\"https:\\\/\\\/rivierafam.com.mx\\\/es\\\/\"},{\"@type\":\"ListItem\",\"position\":2,\"name\":\"All Tours\",\"item\":\"https:\\\/\\\/rivierafam.com.mx\\\/tours\\\/\"},{\"@type\":\"ListItem\",\"position\":3,\"name\":\"Tulum Tour\"}]},{\"@type\":\"WebSite\",\"@id\":\"https:\\\/\\\/rivierafam.com.mx\\\/#website\",\"url\":\"https:\\\/\\\/rivierafam.com.mx\\\/\",\"name\":\"Tours in Riviera Maya - RIVIERA FAM\",\"description\":\"Private tours and day activities in Riviera Maya\",\"publisher\":{\"@id\":\"https:\\\/\\\/rivierafam.com.mx\\\/#organization\"},\"alternateName\":\"Riviera Fam\",\"potentialAction\":[{\"@type\":\"SearchAction\",\"target\":{\"@type\":\"EntryPoint\",\"urlTemplate\":\"https:\\\/\\\/rivierafam.com.mx\\\/?s={search_term_string}\"},\"query-input\":{\"@type\":\"PropertyValueSpecification\",\"valueRequired\":true,\"valueName\":\"search_term_string\"}}],\"inLanguage\":\"es\"},{\"@type\":\"Organization\",\"@id\":\"https:\\\/\\\/rivierafam.com.mx\\\/#organization\",\"name\":\"Tours in Riviera Maya - RIVIERA FAM\",\"alternateName\":\"Riviera Fam\",\"url\":\"https:\\\/\\\/rivierafam.com.mx\\\/\",\"logo\":{\"@type\":\"ImageObject\",\"inLanguage\":\"es\",\"@id\":\"https:\\\/\\\/rivierafam.com.mx\\\/#\\\/schema\\\/logo\\\/image\\\/\",\"url\":\"https:\\\/\\\/rivierafam.com.mx\\\/wp-content\\\/uploads\\\/2024\\\/06\\\/riviera-fam-logo-negro00012.png\",\"contentUrl\":\"https:\\\/\\\/rivierafam.com.mx\\\/wp-content\\\/uploads\\\/2024\\\/06\\\/riviera-fam-logo-negro00012.png\",\"width\":660,\"height\":957,\"caption\":\"Tours in Riviera Maya - RIVIERA FAM\"},\"image\":{\"@id\":\"https:\\\/\\\/rivierafam.com.mx\\\/#\\\/schema\\\/logo\\\/image\\\/\"},\"sameAs\":[\"https:\\\/\\\/www.facebook.com\\\/rivierasfam\",\"https:\\\/\\\/www.instagram.com\\\/rivierasfam\"]}]}<\/script>\n<!-- \/ Yoast SEO plugin. -->","yoast_head_json":{"title":"\ud83d\udc1a | Tour privado a Tulum - Riviera Fam","description":"Descubre la belleza y la historia de Tulum con un recorrido privado, viendo sus famosas ruinas junto al mar a tu propio ritmo con un gu\u00eda personal","robots":{"index":"index","follow":"follow","max-snippet":"max-snippet:-1","max-image-preview":"max-image-preview:large","max-video-preview":"max-video-preview:-1"},"canonical":"https:\/\/rivierafam.com.mx\/es\/producto-es\/tulum-tour\/","og_locale":"es_ES","og_type":"article","og_title":"\ud83d\udc1a | Tulum Private Tour - Riviera Fam","og_description":"Descubre la belleza y la historia de Tulum con un recorrido privado, viendo sus famosas ruinas junto al mar a tu propio ritmo con un gu\u00eda personal","og_url":"https:\/\/rivierafam.com.mx\/es\/producto-es\/tulum-tour\/","og_site_name":"RIVIERA FAM","article_publisher":"https:\/\/www.facebook.com\/rivierasfam","article_modified_time":"2024-06-29T20:39:56+00:00","og_image":[{"width":1080,"height":1080,"url":"https:\/\/rivierafam.com.mx\/wp-content\/uploads\/2024\/06\/tulum-tour-a-local-family-experience-riviera-fam-00012.jpg","type":"image\/jpeg"}],"twitter_card":"summary_large_image","twitter_misc":{"Tiempo de lectura":"2 minutos"},"schema":{"@context":"https:\/\/schema.org","@graph":[{"@type":"WebPage","@id":"https:\/\/rivierafam.com.mx\/es\/producto-es\/tulum-tour\/","url":"https:\/\/rivierafam.com.mx\/es\/producto-es\/tulum-tour\/","name":"\ud83d\udc1a | Tour privado a Tulum - Riviera Fam","isPartOf":{"@id":"https:\/\/rivierafam.com.mx\/#website"},"primaryImageOfPage":{"@id":"https:\/\/rivierafam.com.mx\/es\/producto-es\/tulum-tour\/#primaryimage"},"image":{"@id":"https:\/\/rivierafam.com.mx\/es\/producto-es\/tulum-tour\/#primaryimage"},"thumbnailUrl":"https:\/\/rivierafam.com.mx\/wp-content\/uploads\/2024\/06\/tulum-tour-a-local-family-experience-riviera-fam-00018.jpg","datePublished":"2024-06-06T15:12:08+00:00","dateModified":"2024-06-29T20:39:56+00:00","description":"Descubre la belleza y la historia de Tulum con un recorrido privado, viendo sus famosas ruinas junto al mar a tu propio ritmo con un gu\u00eda personal","breadcrumb":{"@id":"https:\/\/rivierafam.com.mx\/es\/producto-es\/tulum-tour\/#breadcrumb"},"inLanguage":"es","potentialAction":[{"@type":"ReadAction","target":["https:\/\/rivierafam.com.mx\/es\/producto-es\/tulum-tour\/"]}]},{"@type":"ImageObject","inLanguage":"es","@id":"https:\/\/rivierafam.com.mx\/es\/producto-es\/tulum-tour\/#primaryimage","url":"https:\/\/rivierafam.com.mx\/wp-content\/uploads\/2024\/06\/tulum-tour-a-local-family-experience-riviera-fam-00018.jpg","contentUrl":"https:\/\/rivierafam.com.mx\/wp-content\/uploads\/2024\/06\/tulum-tour-a-local-family-experience-riviera-fam-00018.jpg","width":1080,"height":1080},{"@type":"BreadcrumbList","@id":"https:\/\/rivierafam.com.mx\/es\/producto-es\/tulum-tour\/#breadcrumb","itemListElement":[{"@type":"ListItem","position":1,"name":"Portada","item":"https:\/\/rivierafam.com.mx\/es\/"},{"@type":"ListItem","position":2,"name":"All Tours","item":"https:\/\/rivierafam.com.mx\/tours\/"},{"@type":"ListItem","position":3,"name":"Tulum Tour"}]},{"@type":"WebSite","@id":"https:\/\/rivierafam.com.mx\/#website","url":"https:\/\/rivierafam.com.mx\/","name":"Tours in Riviera Maya - RIVIERA FAM","description":"Private tours and day activities in Riviera Maya","publisher":{"@id":"https:\/\/rivierafam.com.mx\/#organization"},"alternateName":"Riviera Fam","potentialAction":[{"@type":"SearchAction","target":{"@type":"EntryPoint","urlTemplate":"https:\/\/rivierafam.com.mx\/?s={search_term_string}"},"query-input":{"@type":"PropertyValueSpecification","valueRequired":true,"valueName":"search_term_string"}}],"inLanguage":"es"},{"@type":"Organization","@id":"https:\/\/rivierafam.com.mx\/#organization","name":"Tours in Riviera Maya - RIVIERA FAM","alternateName":"Riviera Fam","url":"https:\/\/rivierafam.com.mx\/","logo":{"@type":"ImageObject","inLanguage":"es","@id":"https:\/\/rivierafam.com.mx\/#\/schema\/logo\/image\/","url":"https:\/\/rivierafam.com.mx\/wp-content\/uploads\/2024\/06\/riviera-fam-logo-negro00012.png","contentUrl":"https:\/\/rivierafam.com.mx\/wp-content\/uploads\/2024\/06\/riviera-fam-logo-negro00012.png","width":660,"height":957,"caption":"Tours in Riviera Maya - RIVIERA FAM"},"image":{"@id":"https:\/\/rivierafam.com.mx\/#\/schema\/logo\/image\/"},"sameAs":["https:\/\/www.facebook.com\/rivierasfam","https:\/\/www.instagram.com\/rivierasfam"]}]}},"_links":{"self":[{"href":"https:\/\/rivierafam.com.mx\/es\/wp-json\/wp\/v2\/product\/3024","targetHints":{"allow":["GET"]}}],"collection":[{"href":"https:\/\/rivierafam.com.mx\/es\/wp-json\/wp\/v2\/product"}],"about":[{"href":"https:\/\/rivierafam.com.mx\/es\/wp-json\/wp\/v2\/types\/product"}],"replies":[{"embeddable":true,"href":"https:\/\/rivierafam.com.mx\/es\/wp-json\/wp\/v2\/comments?post=3024"}],"wp:featuredmedia":[{"embeddable":true,"href":"https:\/\/rivierafam.com.mx\/es\/wp-json\/wp\/v2\/media\/3036"}],"wp:attachment":[{"href":"https:\/\/rivierafam.com.mx\/es\/wp-json\/wp\/v2\/media?parent=3024"}],"wp:term":[{"taxonomy":"product_brand","embeddable":true,"href":"https:\/\/rivierafam.com.mx\/es\/wp-json\/wp\/v2\/product_brand?post=3024"},{"taxonomy":"product_cat","embeddable":true,"href":"https:\/\/rivierafam.com.mx\/es\/wp-json\/wp\/v2\/product_cat?post=3024"},{"taxonomy":"product_tag","embeddable":true,"href":"https:\/\/rivierafam.com.mx\/es\/wp-json\/wp\/v2\/product_tag?post=3024"},{"taxonomy":"mwb_booking_cost","embeddable":true,"href":"https:\/\/rivierafam.com.mx\/es\/wp-json\/wp\/v2\/mwb_booking_cost?post=3024"},{"taxonomy":"mwb_booking_service","embeddable":true,"href":"https:\/\/rivierafam.com.mx\/es\/wp-json\/wp\/v2\/mwb_booking_service?post=3024"}],"curies":[{"name":"wp","href":"https:\/\/api.w.org\/{rel}","templated":true}]}}