{"id":3046,"date":"2024-06-06T10:11:41","date_gmt":"2024-06-06T15:11:41","guid":{"rendered":"https:\/\/rivierafam.com.mx\/producto\/chichen-itza-tour\/"},"modified":"2024-06-29T15:44:43","modified_gmt":"2024-06-29T20:44:43","slug":"chichen-itza-tour","status":"publish","type":"product","link":"https:\/\/rivierafam.com.mx\/es\/producto-es\/chichen-itza-tour\/","title":{"rendered":"Tour Chich\u00e9n Itz\u00e1"},"content":{"rendered":"<p><strong><span class=\"x1c3i2sq x19la9d6 x1fc57z9 xexx8yu x19um543 x18d9i69 x1m6msm x6ikm8r x10wlt62 x19co3pv x1g5zs5t xfibh0p xiy17q3 x1xsqp64\"><span class=\"\">\ud83c\udff5\ufe0f <\/span><\/span>Precio basado en 4 pax<br \/>\n<span class=\"x1c3i2sq x19la9d6 x1fc57z9 xexx8yu x19um543 x18d9i69 x1m6msm x6ikm8r x10wlt62 x19co3pv x1g5zs5t xfibh0p xiy17q3 x1xsqp64\"><span class=\"\">\ud83e\udedb <\/span><\/span>Opciones vegetarianas<br \/>\n\ud83d\udc12 Todas las edades<br \/>\n\ud83d\udd50 Horario sugerido visita 7:30 AM<br \/>\n<span class=\"x1c3i2sq x19la9d6 x1fc57z9 xexx8yu x19um543 x18d9i69 x1m6msm x6ikm8r x10wlt62 x19co3pv x1g5zs5t xfibh0p xiy17q3 x1xsqp64\"><span class=\"\">\ud83c\udf4c 8-10 horas <\/span><\/span><\/strong><\/p>\n<p><span style=\"font-weight: 400;\">Acomp\u00e1\u00f1anos en un inolvidable recorrido por las ruinas de Chich\u00e9n Itz\u00e1, donde podr\u00e1s experimentar las maravillas de esta antigua civilizaci\u00f3n. Empezar\u00e1s el d\u00eda disfrutando de un desayuno tradicional mexicano, saboreando los aut\u00e9nticos sabores de la regi\u00f3n. <\/span><span style=\"font-weight: 400;\">Nuestro gu\u00eda privado te acompa\u00f1ar\u00e1 en un viaje de descubrimiento por las ruinas. Despu\u00e9s, refr\u00e9scate con un ba\u00f1o en un hermoso cenote, un sumidero natural \u00fanico que s\u00f3lo se encuentra en la pen\u00ednsula de Yucat\u00e1n.<\/span><\/p>\n<p><span style=\"font-weight: 400;\">A continuaci\u00f3n, abraza la cultura local experimentando la comida tradicional mexicana en un encantador pueblecito de Yucat\u00e1n. Completa el d\u00eda con la comodidad de un transporte privado de ida y vuelta, que te garantizar\u00e1 comodidad y tranquilidad. Nuestros veh\u00edculos seguros y limpios, equipados con aire acondicionado, te garantizar\u00e1n un viaje agradable.<\/span><\/p>\n<h4><b>\u00bfQu\u00e9 incluye?<\/b><\/h4>\n<p><span style=\"font-weight: 400;\">Desayuno tradicional mexicano.<br \/>\n<\/span><span style=\"font-weight: 400;\">Visita las ruinas de Chichen Itz\u00e1 con un gu\u00eda privado.<br \/>\n<\/span><span style=\"font-weight: 400;\">Nadar en un hermoso cenote.<br \/>\n<\/span><span style=\"font-weight: 400;\">Desayuno tradicional mexicano en un peque\u00f1o pueblo de Yucat\u00e1n.<br \/>\n<\/span><span style=\"font-weight: 400;\">Bebidas durante el transporte (cerveza, agua y refrescos).<br \/>\n<\/span><span style=\"font-weight: 400;\">Transporte privado ida y vuelta. Unidades limpias y seguras equipadas con aire acondicionado.<\/span><\/p>\n<h4><b>\u00bfQu\u00e9 no est\u00e1 incluido?<\/b><\/h4>\n<p><span style=\"font-weight: 400;\">Bebidas durante el desayuno y la comida.<br \/>\n<\/span><span style=\"font-weight: 400;\">Propinas para el personal.<\/span><\/p>\n<h4><\/h4>\n<h4><b>\u00bfQu\u00e9 necesitas llevar?<\/b><\/h4>\n<p><span style=\"font-weight: 400;\">Confirmaci\u00f3n digital de la reserva.<br \/>\n<\/span><span style=\"font-weight: 400;\">Ba\u00f1ador.<br \/>\n<\/span><span style=\"font-weight: 400;\">Toalla.<br \/>\n<\/span><span style=\"font-weight: 400;\">Protector solar biodegradable.<br \/>\n<\/span><span style=\"font-weight: 400;\">Ropa de recambio.<br \/>\n<\/span><span style=\"font-weight: 400;\">Dinero en efectivo para bebidas y propinas.<\/span><\/p>\n<h4><\/h4>\n<h4><b>\u00bfPor qu\u00e9 visitar Chich\u00e9n Itz\u00e1?<\/b><\/h4>\n<p><b>Rica historia:<br \/>\n<\/b><span style=\"font-weight: 400;\">Explora las fascinantes ruinas mayas antiguas y conoce la historia y la cultura de Chich\u00e9n Itz\u00e1, declarado Patrimonio de la Humanidad por la UNESCO.<\/span><\/p>\n<p><b>Maravillas naturales:<br \/>\n<\/b><span style=\"font-weight: 400;\">Experimenta la impresionante belleza de los cenotes locales, sumideros naturales exclusivos de la Pen\u00ednsula de Yucat\u00e1n, que ofrecen una refrescante e inolvidable experiencia de ba\u00f1o.<\/span><\/p>\n<p><b>Cocina tradicional:<br \/>\n<\/b><span style=\"font-weight: 400;\">Del\u00e9itate con los aut\u00e9nticos sabores mexicanos, incluidos los desayunos tradicionales, y experimenta las delicias culinarias locales en los encantadores pueblos que rodean Chich\u00e9n Itz\u00e1.<\/span><\/p>\n<p>&nbsp;<\/p>\n<h4><span style=\"color: #bdc001;\">Reserva con el 10% ahora<\/span><br \/>\ny termina de pagar el d\u00eda de tour.\ud83d\udc12<br \/>\n<span style=\"font-size: 15px; font-weight: 200;\">Aceptamos pagos en efectivo y todas las tarjetas de cr\u00e9dito y d\u00e9bito.<\/span><\/h4>\n<p style=\"font-size: 15px;\">Dep\u00f3sito no reembolsable. <strong>Consulta nuestras <a href=\"https:\/\/rivierafam.com.mx\/terms\">pol\u00edticas de cancelaci\u00f3n <\/a><\/strong><\/p>\n","protected":false},"excerpt":{"rendered":"<p><strong><span class=\"x1c3i2sq x19la9d6 x1fc57z9 xexx8yu x19um543 x18d9i69 x1m6msm x6ikm8r x10wlt62 x19co3pv ... \n<\/p>\n","protected":false},"featured_media":3058,"comment_status":"closed","ping_status":"closed","template":"","meta":{"_joinchat":[]},"product_brand":[],"product_cat":[199,192,193],"product_tag":[204,205,218],"mwb_booking_cost":[],"mwb_booking_service":[],"class_list":{"0":"post-3046","1":"product","2":"type-product","3":"status-publish","4":"has-post-thumbnail","6":"product_cat-maya-tours","7":"product_cat-reservar","8":"product_cat-tours-esp","9":"product_tag-riviera-maya-es","10":"product_tag-tours-es","11":"product_tag-tours-maya","13":"first","14":"instock","15":"virtual","16":"purchasable","17":"product-type-mwb_booking"},"yoast_head":"<!-- This site is optimized with the Yoast SEO plugin v27.4 - https:\/\/yoast.com\/product\/yoast-seo-wordpress\/ -->\n<title>\ud83d\udc12 | Tour Privado Chich\u00e9n Itz\u00e1 - Riviera Fam<\/title>\n<meta name=\"description\" content=\"Descubre las antiguas maravillas de Chich\u00e9n Itz\u00e1 con un Tour Privado, que ofrece una exploraci\u00f3n \u00edntima y personalizada de una de las ruinas mayas m\u00e1s magn\u00edficas del mundo\" \/>\n<meta name=\"robots\" content=\"index, follow, max-snippet:-1, max-image-preview:large, max-video-preview:-1\" \/>\n<link rel=\"canonical\" href=\"https:\/\/rivierafam.com.mx\/es\/producto-es\/chichen-itza-tour\/\" \/>\n<meta property=\"og:locale\" content=\"es_ES\" \/>\n<meta property=\"og:type\" content=\"article\" \/>\n<meta property=\"og:title\" content=\"\ud83d\udc12 | Private Chichen Itza Tour - Riviera Fam\" \/>\n<meta property=\"og:description\" content=\"Descubre las antiguas maravillas de Chich\u00e9n Itz\u00e1 con un Tour Privado, que ofrece una exploraci\u00f3n \u00edntima y personalizada de una de las ruinas mayas m\u00e1s magn\u00edficas del mundo\" \/>\n<meta property=\"og:url\" content=\"https:\/\/rivierafam.com.mx\/es\/producto-es\/chichen-itza-tour\/\" \/>\n<meta property=\"og:site_name\" content=\"RIVIERA FAM\" \/>\n<meta property=\"article:publisher\" content=\"https:\/\/www.facebook.com\/rivierasfam\" \/>\n<meta property=\"article:modified_time\" content=\"2024-06-29T20:44:43+00:00\" \/>\n<meta property=\"og:image\" content=\"https:\/\/rivierafam.com.mx\/wp-content\/uploads\/2024\/06\/chichen-itza-tour-a-local-family-experience-riviera-fam-00020.jpg\" \/>\n\t<meta property=\"og:image:width\" content=\"1080\" \/>\n\t<meta property=\"og:image:height\" content=\"1080\" \/>\n\t<meta property=\"og:image:type\" content=\"image\/jpeg\" \/>\n<meta name=\"twitter:card\" content=\"summary_large_image\" \/>\n<meta name=\"twitter:label1\" content=\"Tiempo de lectura\" \/>\n\t<meta name=\"twitter:data1\" content=\"2 minutos\" \/>\n<script type=\"application\/ld+json\" class=\"yoast-schema-graph\">{\"@context\":\"https:\\\/\\\/schema.org\",\"@graph\":[{\"@type\":\"WebPage\",\"@id\":\"https:\\\/\\\/rivierafam.com.mx\\\/es\\\/producto-es\\\/chichen-itza-tour\\\/\",\"url\":\"https:\\\/\\\/rivierafam.com.mx\\\/es\\\/producto-es\\\/chichen-itza-tour\\\/\",\"name\":\"\ud83d\udc12 | Tour Privado Chich\u00e9n Itz\u00e1 - Riviera Fam\",\"isPartOf\":{\"@id\":\"https:\\\/\\\/rivierafam.com.mx\\\/#website\"},\"primaryImageOfPage\":{\"@id\":\"https:\\\/\\\/rivierafam.com.mx\\\/es\\\/producto-es\\\/chichen-itza-tour\\\/#primaryimage\"},\"image\":{\"@id\":\"https:\\\/\\\/rivierafam.com.mx\\\/es\\\/producto-es\\\/chichen-itza-tour\\\/#primaryimage\"},\"thumbnailUrl\":\"https:\\\/\\\/rivierafam.com.mx\\\/wp-content\\\/uploads\\\/2024\\\/05\\\/26.jpg\",\"datePublished\":\"2024-06-06T15:11:41+00:00\",\"dateModified\":\"2024-06-29T20:44:43+00:00\",\"description\":\"Descubre las antiguas maravillas de Chich\u00e9n Itz\u00e1 con un Tour Privado, que ofrece una exploraci\u00f3n \u00edntima y personalizada de una de las ruinas mayas m\u00e1s magn\u00edficas del mundo\",\"breadcrumb\":{\"@id\":\"https:\\\/\\\/rivierafam.com.mx\\\/es\\\/producto-es\\\/chichen-itza-tour\\\/#breadcrumb\"},\"inLanguage\":\"es\",\"potentialAction\":[{\"@type\":\"ReadAction\",\"target\":[\"https:\\\/\\\/rivierafam.com.mx\\\/es\\\/producto-es\\\/chichen-itza-tour\\\/\"]}]},{\"@type\":\"ImageObject\",\"inLanguage\":\"es\",\"@id\":\"https:\\\/\\\/rivierafam.com.mx\\\/es\\\/producto-es\\\/chichen-itza-tour\\\/#primaryimage\",\"url\":\"https:\\\/\\\/rivierafam.com.mx\\\/wp-content\\\/uploads\\\/2024\\\/05\\\/26.jpg\",\"contentUrl\":\"https:\\\/\\\/rivierafam.com.mx\\\/wp-content\\\/uploads\\\/2024\\\/05\\\/26.jpg\",\"width\":1080,\"height\":1080},{\"@type\":\"BreadcrumbList\",\"@id\":\"https:\\\/\\\/rivierafam.com.mx\\\/es\\\/producto-es\\\/chichen-itza-tour\\\/#breadcrumb\",\"itemListElement\":[{\"@type\":\"ListItem\",\"position\":1,\"name\":\"Portada\",\"item\":\"https:\\\/\\\/rivierafam.com.mx\\\/es\\\/\"},{\"@type\":\"ListItem\",\"position\":2,\"name\":\"All Tours\",\"item\":\"https:\\\/\\\/rivierafam.com.mx\\\/tours\\\/\"},{\"@type\":\"ListItem\",\"position\":3,\"name\":\"Tour Chich\u00e9n Itz\u00e1\"}]},{\"@type\":\"WebSite\",\"@id\":\"https:\\\/\\\/rivierafam.com.mx\\\/#website\",\"url\":\"https:\\\/\\\/rivierafam.com.mx\\\/\",\"name\":\"Tours in Riviera Maya - RIVIERA FAM\",\"description\":\"Private tours and day activities in Riviera Maya\",\"publisher\":{\"@id\":\"https:\\\/\\\/rivierafam.com.mx\\\/#organization\"},\"alternateName\":\"Riviera Fam\",\"potentialAction\":[{\"@type\":\"SearchAction\",\"target\":{\"@type\":\"EntryPoint\",\"urlTemplate\":\"https:\\\/\\\/rivierafam.com.mx\\\/?s={search_term_string}\"},\"query-input\":{\"@type\":\"PropertyValueSpecification\",\"valueRequired\":true,\"valueName\":\"search_term_string\"}}],\"inLanguage\":\"es\"},{\"@type\":\"Organization\",\"@id\":\"https:\\\/\\\/rivierafam.com.mx\\\/#organization\",\"name\":\"Tours in Riviera Maya - RIVIERA FAM\",\"alternateName\":\"Riviera Fam\",\"url\":\"https:\\\/\\\/rivierafam.com.mx\\\/\",\"logo\":{\"@type\":\"ImageObject\",\"inLanguage\":\"es\",\"@id\":\"https:\\\/\\\/rivierafam.com.mx\\\/#\\\/schema\\\/logo\\\/image\\\/\",\"url\":\"https:\\\/\\\/rivierafam.com.mx\\\/wp-content\\\/uploads\\\/2024\\\/06\\\/riviera-fam-logo-negro00012.png\",\"contentUrl\":\"https:\\\/\\\/rivierafam.com.mx\\\/wp-content\\\/uploads\\\/2024\\\/06\\\/riviera-fam-logo-negro00012.png\",\"width\":660,\"height\":957,\"caption\":\"Tours in Riviera Maya - RIVIERA FAM\"},\"image\":{\"@id\":\"https:\\\/\\\/rivierafam.com.mx\\\/#\\\/schema\\\/logo\\\/image\\\/\"},\"sameAs\":[\"https:\\\/\\\/www.facebook.com\\\/rivierasfam\",\"https:\\\/\\\/www.instagram.com\\\/rivierasfam\"]}]}<\/script>\n<!-- \/ Yoast SEO plugin. -->","yoast_head_json":{"title":"\ud83d\udc12 | Tour Privado Chich\u00e9n Itz\u00e1 - Riviera Fam","description":"Descubre las antiguas maravillas de Chich\u00e9n Itz\u00e1 con un Tour Privado, que ofrece una exploraci\u00f3n \u00edntima y personalizada de una de las ruinas mayas m\u00e1s magn\u00edficas del mundo","robots":{"index":"index","follow":"follow","max-snippet":"max-snippet:-1","max-image-preview":"max-image-preview:large","max-video-preview":"max-video-preview:-1"},"canonical":"https:\/\/rivierafam.com.mx\/es\/producto-es\/chichen-itza-tour\/","og_locale":"es_ES","og_type":"article","og_title":"\ud83d\udc12 | Private Chichen Itza Tour - Riviera Fam","og_description":"Descubre las antiguas maravillas de Chich\u00e9n Itz\u00e1 con un Tour Privado, que ofrece una exploraci\u00f3n \u00edntima y personalizada de una de las ruinas mayas m\u00e1s magn\u00edficas del mundo","og_url":"https:\/\/rivierafam.com.mx\/es\/producto-es\/chichen-itza-tour\/","og_site_name":"RIVIERA FAM","article_publisher":"https:\/\/www.facebook.com\/rivierasfam","article_modified_time":"2024-06-29T20:44:43+00:00","og_image":[{"width":1080,"height":1080,"url":"https:\/\/rivierafam.com.mx\/wp-content\/uploads\/2024\/06\/chichen-itza-tour-a-local-family-experience-riviera-fam-00020.jpg","type":"image\/jpeg"}],"twitter_card":"summary_large_image","twitter_misc":{"Tiempo de lectura":"2 minutos"},"schema":{"@context":"https:\/\/schema.org","@graph":[{"@type":"WebPage","@id":"https:\/\/rivierafam.com.mx\/es\/producto-es\/chichen-itza-tour\/","url":"https:\/\/rivierafam.com.mx\/es\/producto-es\/chichen-itza-tour\/","name":"\ud83d\udc12 | Tour Privado Chich\u00e9n Itz\u00e1 - Riviera Fam","isPartOf":{"@id":"https:\/\/rivierafam.com.mx\/#website"},"primaryImageOfPage":{"@id":"https:\/\/rivierafam.com.mx\/es\/producto-es\/chichen-itza-tour\/#primaryimage"},"image":{"@id":"https:\/\/rivierafam.com.mx\/es\/producto-es\/chichen-itza-tour\/#primaryimage"},"thumbnailUrl":"https:\/\/rivierafam.com.mx\/wp-content\/uploads\/2024\/05\/26.jpg","datePublished":"2024-06-06T15:11:41+00:00","dateModified":"2024-06-29T20:44:43+00:00","description":"Descubre las antiguas maravillas de Chich\u00e9n Itz\u00e1 con un Tour Privado, que ofrece una exploraci\u00f3n \u00edntima y personalizada de una de las ruinas mayas m\u00e1s magn\u00edficas del mundo","breadcrumb":{"@id":"https:\/\/rivierafam.com.mx\/es\/producto-es\/chichen-itza-tour\/#breadcrumb"},"inLanguage":"es","potentialAction":[{"@type":"ReadAction","target":["https:\/\/rivierafam.com.mx\/es\/producto-es\/chichen-itza-tour\/"]}]},{"@type":"ImageObject","inLanguage":"es","@id":"https:\/\/rivierafam.com.mx\/es\/producto-es\/chichen-itza-tour\/#primaryimage","url":"https:\/\/rivierafam.com.mx\/wp-content\/uploads\/2024\/05\/26.jpg","contentUrl":"https:\/\/rivierafam.com.mx\/wp-content\/uploads\/2024\/05\/26.jpg","width":1080,"height":1080},{"@type":"BreadcrumbList","@id":"https:\/\/rivierafam.com.mx\/es\/producto-es\/chichen-itza-tour\/#breadcrumb","itemListElement":[{"@type":"ListItem","position":1,"name":"Portada","item":"https:\/\/rivierafam.com.mx\/es\/"},{"@type":"ListItem","position":2,"name":"All Tours","item":"https:\/\/rivierafam.com.mx\/tours\/"},{"@type":"ListItem","position":3,"name":"Tour Chich\u00e9n Itz\u00e1"}]},{"@type":"WebSite","@id":"https:\/\/rivierafam.com.mx\/#website","url":"https:\/\/rivierafam.com.mx\/","name":"Tours in Riviera Maya - RIVIERA FAM","description":"Private tours and day activities in Riviera Maya","publisher":{"@id":"https:\/\/rivierafam.com.mx\/#organization"},"alternateName":"Riviera Fam","potentialAction":[{"@type":"SearchAction","target":{"@type":"EntryPoint","urlTemplate":"https:\/\/rivierafam.com.mx\/?s={search_term_string}"},"query-input":{"@type":"PropertyValueSpecification","valueRequired":true,"valueName":"search_term_string"}}],"inLanguage":"es"},{"@type":"Organization","@id":"https:\/\/rivierafam.com.mx\/#organization","name":"Tours in Riviera Maya - RIVIERA FAM","alternateName":"Riviera Fam","url":"https:\/\/rivierafam.com.mx\/","logo":{"@type":"ImageObject","inLanguage":"es","@id":"https:\/\/rivierafam.com.mx\/#\/schema\/logo\/image\/","url":"https:\/\/rivierafam.com.mx\/wp-content\/uploads\/2024\/06\/riviera-fam-logo-negro00012.png","contentUrl":"https:\/\/rivierafam.com.mx\/wp-content\/uploads\/2024\/06\/riviera-fam-logo-negro00012.png","width":660,"height":957,"caption":"Tours in Riviera Maya - RIVIERA FAM"},"image":{"@id":"https:\/\/rivierafam.com.mx\/#\/schema\/logo\/image\/"},"sameAs":["https:\/\/www.facebook.com\/rivierasfam","https:\/\/www.instagram.com\/rivierasfam"]}]}},"_links":{"self":[{"href":"https:\/\/rivierafam.com.mx\/es\/wp-json\/wp\/v2\/product\/3046","targetHints":{"allow":["GET"]}}],"collection":[{"href":"https:\/\/rivierafam.com.mx\/es\/wp-json\/wp\/v2\/product"}],"about":[{"href":"https:\/\/rivierafam.com.mx\/es\/wp-json\/wp\/v2\/types\/product"}],"replies":[{"embeddable":true,"href":"https:\/\/rivierafam.com.mx\/es\/wp-json\/wp\/v2\/comments?post=3046"}],"wp:featuredmedia":[{"embeddable":true,"href":"https:\/\/rivierafam.com.mx\/es\/wp-json\/wp\/v2\/media\/3058"}],"wp:attachment":[{"href":"https:\/\/rivierafam.com.mx\/es\/wp-json\/wp\/v2\/media?parent=3046"}],"wp:term":[{"taxonomy":"product_brand","embeddable":true,"href":"https:\/\/rivierafam.com.mx\/es\/wp-json\/wp\/v2\/product_brand?post=3046"},{"taxonomy":"product_cat","embeddable":true,"href":"https:\/\/rivierafam.com.mx\/es\/wp-json\/wp\/v2\/product_cat?post=3046"},{"taxonomy":"product_tag","embeddable":true,"href":"https:\/\/rivierafam.com.mx\/es\/wp-json\/wp\/v2\/product_tag?post=3046"},{"taxonomy":"mwb_booking_cost","embeddable":true,"href":"https:\/\/rivierafam.com.mx\/es\/wp-json\/wp\/v2\/mwb_booking_cost?post=3046"},{"taxonomy":"mwb_booking_service","embeddable":true,"href":"https:\/\/rivierafam.com.mx\/es\/wp-json\/wp\/v2\/mwb_booking_service?post=3046"}],"curies":[{"name":"wp","href":"https:\/\/api.w.org\/{rel}","templated":true}]}}