{"id":3059,"date":"2024-06-05T18:28:04","date_gmt":"2024-06-05T18:28:04","guid":{"rendered":"https:\/\/rivierafam.com.mx\/producto\/cenotes-tour\/"},"modified":"2024-06-29T15:48:28","modified_gmt":"2024-06-29T20:48:28","slug":"cenotes-tour","status":"publish","type":"product","link":"https:\/\/rivierafam.com.mx\/es\/producto-es\/cenotes-tour\/","title":{"rendered":"Tour cenotes"},"content":{"rendered":"<p><strong><span class=\"x1c3i2sq x19la9d6 x1fc57z9 xexx8yu x19um543 x18d9i69 x1m6msm x6ikm8r x10wlt62 x19co3pv x1g5zs5t xfibh0p xiy17q3 x1xsqp64\"><span class=\"\">\ud83c\udff5\ufe0f <\/span><\/span>Precio basado en 4 pax<br \/>\n<span class=\"x1c3i2sq x19la9d6 x1fc57z9 xexx8yu x19um543 x18d9i69 x1m6msm x6ikm8r x10wlt62 x19co3pv x1g5zs5t xfibh0p xiy17q3 x1xsqp64\"><span class=\"\">\ud83e\udedb <\/span><\/span>Opciones vegetarianas<br \/>\n\ud83d\udc12 Todas las edades<br \/>\n\ud83d\udd50 Horario sugerido recorrido 8:30 AM<br \/>\n<span class=\"x1c3i2sq x19la9d6 x1fc57z9 xexx8yu x19um543 x18d9i69 x1m6msm x6ikm8r x10wlt62 x19co3pv x1g5zs5t xfibh0p xiy17q3 x1xsqp64\"><span class=\"\">\ud83c\udf4c 5-6 horas <\/span><\/span><\/strong><\/p>\n<h4><strong>\u00a1Explora las maravillas de los cenotes en esta excursi\u00f3n!<\/strong><\/h4>\n<p><span style=\"font-weight: 400;\">Empieza el d\u00eda con un sabroso desayuno mexicano y vive una ceremonia maya especial. Nada en tres cenotes cueva diferentes, prueba el rappel en el tercer cenote y refr\u00e9scate en un cenote abierto. Disfruta de un delicioso almuerzo tradicional mexicano y refr\u00e9scate con las bebidas que te proporcionar\u00e1n durante el transporte. Nuestro transporte privado de ida y vuelta ofrece veh\u00edculos limpios y seguros con aire acondicionado, lo que te garantiza un viaje c\u00f3modo durante todo el recorrido. \u00a1Sum\u00e9rgete en esta aventura \u00fanica y descubre la magia de los cenotes!<\/span><\/p>\n<p>&nbsp;<\/p>\n<h4>\u00bfPor qu\u00e9 visitar los Cenotes en la Riviera Maya?<\/h4>\n<p><strong>Belleza natural:<\/strong> Los cenotes de la Riviera Maya muestran una belleza natural impresionante, con aguas turquesas cristalinas e impresionantes formaciones rocosas que crean una atm\u00f3sfera surrealista y m\u00e1gica.<\/p>\n<p><strong>Experiencia de nataci\u00f3n \u00fanica:<\/strong> Nadar en cenotes es una experiencia \u00fanica en la vida, que te permite refrescarte en aguas frescas y frescas rodeado de naturaleza. Puedes explorar r\u00edos subterr\u00e1neos, descubrir cuevas ocultas y bucear entre peces de colores y formaciones geol\u00f3gicas \u00fanicas.<\/p>\n<p><strong>Significado cultural:<\/strong> Los cenotes tienen un gran significado cultural para la civilizaci\u00f3n maya. Visitar los cenotes brinda la oportunidad de aprender sobre la historia y la espiritualidad mayas, as\u00ed como de participar en ceremonias o rituales tradicionales que pueden celebrarse en estas maravillas naturales sagradas.<\/p>\n<p>&nbsp;<\/p>\n<h4>\u00bfQu\u00e9 incluye?<\/h4>\n<p>Desayuno tradicional mexicano<br \/>\nCeremonia maya<br \/>\nNadar en 3 cenotes cueva diferentes<br \/>\nRapel en el 3er cenote<br \/>\nNadar en un cenote abierto<br \/>\nComida tradicional mexicana<br \/>\nBebidas durante el transporte (cerveza, agua y refrescos).<br \/>\nTransporte privado ida y vuelta.<br \/>\nUnidades limpias y seguras equipadas con aire acondicionado.<\/p>\n<p>&nbsp;<\/p>\n<h4>\u00bfQu\u00e9 no est\u00e1 incluido?<\/h4>\n<p>Bebidas durante el desayuno y la comida.<br \/>\nPropinas para el personal.<\/p>\n<p>&nbsp;<\/p>\n<h4>\u00bfQu\u00e9 necesitas llevar?<\/h4>\n<p>Confirmaci\u00f3n digital de la reserva<br \/>\nRopa c\u00f3moda<br \/>\nToalla<br \/>\nProtector solar biodegradable<br \/>\nCambio de ropa<br \/>\nDinero en efectivo para bebidas y propinas<\/p>\n<p>&nbsp;<\/p>\n<h4><span style=\"color: #bdc001;\">Reserva con el 10% ahora<\/span><br \/>\ny termina de pagar el d\u00eda de tour.\ud83d\udc12<br \/>\n<span style=\"font-size: 15px; font-weight: 200;\">Aceptamos pagos en efectivo y todas las tarjetas de cr\u00e9dito y d\u00e9bito.<\/span><\/h4>\n<p style=\"font-size: 15px;\">Dep\u00f3sito no reembolsable. <strong>Consulta nuestras <a href=\"https:\/\/rivierafam.com.mx\/terms\">pol\u00edticas de cancelaci\u00f3n <\/a><\/strong><\/p>\n","protected":false},"excerpt":{"rendered":"<p><strong><span class=\"x1c3i2sq x19la9d6 x1fc57z9 xexx8yu x19um543 x18d9i69 x1m6msm x6ikm8r x10wlt62 x19co3pv ... \n<\/p>\n","protected":false},"featured_media":4580,"comment_status":"closed","ping_status":"closed","template":"","meta":{"_joinchat":[]},"product_brand":[],"product_cat":[195,192,193,200],"product_tag":[214,204,205],"mwb_booking_cost":[],"mwb_booking_service":[],"class_list":{"0":"post-3059","1":"product","2":"type-product","3":"status-publish","4":"has-post-thumbnail","6":"product_cat-cenotes-tour-esp","7":"product_cat-reservar","8":"product_cat-tours-esp","9":"product_cat-tours-privados","10":"product_tag-cenote","11":"product_tag-riviera-maya-es","12":"product_tag-tours-es","14":"first","15":"instock","16":"featured","17":"virtual","18":"purchasable","19":"product-type-mwb_booking"},"yoast_head":"<!-- This site is optimized with the Yoast SEO plugin v27.4 - https:\/\/yoast.com\/product\/yoast-seo-wordpress\/ -->\n<title>\ud83e\uddd7\ud83c\udffb\u200d\u2640\ufe0f |Tour Privado Cenotes - Riviera Fam<\/title>\n<meta name=\"description\" content=\"Disfruta de nuestra excursi\u00f3n privada a los cenotes, Vive una aventura de un d\u00eda entero explorando cenotes, que incluye nataci\u00f3n, rappel, comidas tradicionales y un transporte c\u00f3modo y seguro.\" \/>\n<meta name=\"robots\" content=\"index, follow, max-snippet:-1, max-image-preview:large, max-video-preview:-1\" \/>\n<link rel=\"canonical\" href=\"https:\/\/rivierafam.com.mx\/es\/producto\/cenotes-tour\/\" \/>\n<meta property=\"og:locale\" content=\"es_ES\" \/>\n<meta property=\"og:type\" content=\"article\" \/>\n<meta property=\"og:title\" content=\"\ud83e\uddd7\ud83c\udffb\u200d\u2640\ufe0f | Cenotes Private Tour - Riviera Fam\" \/>\n<meta property=\"og:description\" content=\"Disfruta de nuestra excursi\u00f3n privada a los cenotes, Vive una aventura de un d\u00eda entero explorando cenotes, que incluye nataci\u00f3n, rappel, comidas tradicionales y un transporte c\u00f3modo y seguro.\" \/>\n<meta property=\"og:url\" content=\"https:\/\/rivierafam.com.mx\/es\/producto\/cenotes-tour\/\" \/>\n<meta property=\"og:site_name\" content=\"RIVIERA FAM\" \/>\n<meta property=\"article:publisher\" content=\"https:\/\/www.facebook.com\/rivierasfam\" \/>\n<meta property=\"article:modified_time\" content=\"2024-06-29T20:48:28+00:00\" \/>\n<meta property=\"og:image\" content=\"https:\/\/rivierafam.com.mx\/wp-content\/uploads\/2024\/06\/cenotes-tour-a-local-family-experience-riviera-fam-00020-1.jpg\" \/>\n\t<meta property=\"og:image:width\" content=\"1080\" \/>\n\t<meta property=\"og:image:height\" content=\"1080\" \/>\n\t<meta property=\"og:image:type\" content=\"image\/jpeg\" \/>\n<meta name=\"twitter:card\" content=\"summary_large_image\" \/>\n<meta name=\"twitter:label1\" content=\"Tiempo de lectura\" \/>\n\t<meta name=\"twitter:data1\" content=\"2 minutos\" \/>\n<script type=\"application\/ld+json\" class=\"yoast-schema-graph\">{\"@context\":\"https:\\\/\\\/schema.org\",\"@graph\":[{\"@type\":\"WebPage\",\"@id\":\"https:\\\/\\\/rivierafam.com.mx\\\/es\\\/producto\\\/cenotes-tour\\\/\",\"url\":\"https:\\\/\\\/rivierafam.com.mx\\\/es\\\/producto\\\/cenotes-tour\\\/\",\"name\":\"\ud83e\uddd7\ud83c\udffb\u200d\u2640\ufe0f |Tour Privado Cenotes - Riviera Fam\",\"isPartOf\":{\"@id\":\"https:\\\/\\\/rivierafam.com.mx\\\/#website\"},\"primaryImageOfPage\":{\"@id\":\"https:\\\/\\\/rivierafam.com.mx\\\/es\\\/producto\\\/cenotes-tour\\\/#primaryimage\"},\"image\":{\"@id\":\"https:\\\/\\\/rivierafam.com.mx\\\/es\\\/producto\\\/cenotes-tour\\\/#primaryimage\"},\"thumbnailUrl\":\"https:\\\/\\\/rivierafam.com.mx\\\/wp-content\\\/uploads\\\/2024\\\/06\\\/PHOTO-2023-03-16-15-16-58.jpg\",\"datePublished\":\"2024-06-05T18:28:04+00:00\",\"dateModified\":\"2024-06-29T20:48:28+00:00\",\"description\":\"Disfruta de nuestra excursi\u00f3n privada a los cenotes, Vive una aventura de un d\u00eda entero explorando cenotes, que incluye nataci\u00f3n, rappel, comidas tradicionales y un transporte c\u00f3modo y seguro.\",\"breadcrumb\":{\"@id\":\"https:\\\/\\\/rivierafam.com.mx\\\/es\\\/producto\\\/cenotes-tour\\\/#breadcrumb\"},\"inLanguage\":\"es\",\"potentialAction\":[{\"@type\":\"ReadAction\",\"target\":[\"https:\\\/\\\/rivierafam.com.mx\\\/es\\\/producto\\\/cenotes-tour\\\/\"]}]},{\"@type\":\"ImageObject\",\"inLanguage\":\"es\",\"@id\":\"https:\\\/\\\/rivierafam.com.mx\\\/es\\\/producto\\\/cenotes-tour\\\/#primaryimage\",\"url\":\"https:\\\/\\\/rivierafam.com.mx\\\/wp-content\\\/uploads\\\/2024\\\/06\\\/PHOTO-2023-03-16-15-16-58.jpg\",\"contentUrl\":\"https:\\\/\\\/rivierafam.com.mx\\\/wp-content\\\/uploads\\\/2024\\\/06\\\/PHOTO-2023-03-16-15-16-58.jpg\",\"width\":1280,\"height\":958},{\"@type\":\"BreadcrumbList\",\"@id\":\"https:\\\/\\\/rivierafam.com.mx\\\/es\\\/producto\\\/cenotes-tour\\\/#breadcrumb\",\"itemListElement\":[{\"@type\":\"ListItem\",\"position\":1,\"name\":\"Portada\",\"item\":\"https:\\\/\\\/rivierafam.com.mx\\\/es\\\/\"},{\"@type\":\"ListItem\",\"position\":2,\"name\":\"All Tours\",\"item\":\"https:\\\/\\\/rivierafam.com.mx\\\/tours\\\/\"},{\"@type\":\"ListItem\",\"position\":3,\"name\":\"Tour cenotes\"}]},{\"@type\":\"WebSite\",\"@id\":\"https:\\\/\\\/rivierafam.com.mx\\\/#website\",\"url\":\"https:\\\/\\\/rivierafam.com.mx\\\/\",\"name\":\"Tours in Riviera Maya - RIVIERA FAM\",\"description\":\"Private tours and day activities in Riviera Maya\",\"publisher\":{\"@id\":\"https:\\\/\\\/rivierafam.com.mx\\\/#organization\"},\"alternateName\":\"Riviera Fam\",\"potentialAction\":[{\"@type\":\"SearchAction\",\"target\":{\"@type\":\"EntryPoint\",\"urlTemplate\":\"https:\\\/\\\/rivierafam.com.mx\\\/?s={search_term_string}\"},\"query-input\":{\"@type\":\"PropertyValueSpecification\",\"valueRequired\":true,\"valueName\":\"search_term_string\"}}],\"inLanguage\":\"es\"},{\"@type\":\"Organization\",\"@id\":\"https:\\\/\\\/rivierafam.com.mx\\\/#organization\",\"name\":\"Tours in Riviera Maya - RIVIERA FAM\",\"alternateName\":\"Riviera Fam\",\"url\":\"https:\\\/\\\/rivierafam.com.mx\\\/\",\"logo\":{\"@type\":\"ImageObject\",\"inLanguage\":\"es\",\"@id\":\"https:\\\/\\\/rivierafam.com.mx\\\/#\\\/schema\\\/logo\\\/image\\\/\",\"url\":\"https:\\\/\\\/rivierafam.com.mx\\\/wp-content\\\/uploads\\\/2024\\\/06\\\/riviera-fam-logo-negro00012.png\",\"contentUrl\":\"https:\\\/\\\/rivierafam.com.mx\\\/wp-content\\\/uploads\\\/2024\\\/06\\\/riviera-fam-logo-negro00012.png\",\"width\":660,\"height\":957,\"caption\":\"Tours in Riviera Maya - RIVIERA FAM\"},\"image\":{\"@id\":\"https:\\\/\\\/rivierafam.com.mx\\\/#\\\/schema\\\/logo\\\/image\\\/\"},\"sameAs\":[\"https:\\\/\\\/www.facebook.com\\\/rivierasfam\",\"https:\\\/\\\/www.instagram.com\\\/rivierasfam\"]}]}<\/script>\n<!-- \/ Yoast SEO plugin. -->","yoast_head_json":{"title":"\ud83e\uddd7\ud83c\udffb\u200d\u2640\ufe0f |Tour Privado Cenotes - Riviera Fam","description":"Disfruta de nuestra excursi\u00f3n privada a los cenotes, Vive una aventura de un d\u00eda entero explorando cenotes, que incluye nataci\u00f3n, rappel, comidas tradicionales y un transporte c\u00f3modo y seguro.","robots":{"index":"index","follow":"follow","max-snippet":"max-snippet:-1","max-image-preview":"max-image-preview:large","max-video-preview":"max-video-preview:-1"},"canonical":"https:\/\/rivierafam.com.mx\/es\/producto\/cenotes-tour\/","og_locale":"es_ES","og_type":"article","og_title":"\ud83e\uddd7\ud83c\udffb\u200d\u2640\ufe0f | Cenotes Private Tour - Riviera Fam","og_description":"Disfruta de nuestra excursi\u00f3n privada a los cenotes, Vive una aventura de un d\u00eda entero explorando cenotes, que incluye nataci\u00f3n, rappel, comidas tradicionales y un transporte c\u00f3modo y seguro.","og_url":"https:\/\/rivierafam.com.mx\/es\/producto\/cenotes-tour\/","og_site_name":"RIVIERA FAM","article_publisher":"https:\/\/www.facebook.com\/rivierasfam","article_modified_time":"2024-06-29T20:48:28+00:00","og_image":[{"width":1080,"height":1080,"url":"https:\/\/rivierafam.com.mx\/wp-content\/uploads\/2024\/06\/cenotes-tour-a-local-family-experience-riviera-fam-00020-1.jpg","type":"image\/jpeg"}],"twitter_card":"summary_large_image","twitter_misc":{"Tiempo de lectura":"2 minutos"},"schema":{"@context":"https:\/\/schema.org","@graph":[{"@type":"WebPage","@id":"https:\/\/rivierafam.com.mx\/es\/producto\/cenotes-tour\/","url":"https:\/\/rivierafam.com.mx\/es\/producto\/cenotes-tour\/","name":"\ud83e\uddd7\ud83c\udffb\u200d\u2640\ufe0f |Tour Privado Cenotes - Riviera Fam","isPartOf":{"@id":"https:\/\/rivierafam.com.mx\/#website"},"primaryImageOfPage":{"@id":"https:\/\/rivierafam.com.mx\/es\/producto\/cenotes-tour\/#primaryimage"},"image":{"@id":"https:\/\/rivierafam.com.mx\/es\/producto\/cenotes-tour\/#primaryimage"},"thumbnailUrl":"https:\/\/rivierafam.com.mx\/wp-content\/uploads\/2024\/06\/PHOTO-2023-03-16-15-16-58.jpg","datePublished":"2024-06-05T18:28:04+00:00","dateModified":"2024-06-29T20:48:28+00:00","description":"Disfruta de nuestra excursi\u00f3n privada a los cenotes, Vive una aventura de un d\u00eda entero explorando cenotes, que incluye nataci\u00f3n, rappel, comidas tradicionales y un transporte c\u00f3modo y seguro.","breadcrumb":{"@id":"https:\/\/rivierafam.com.mx\/es\/producto\/cenotes-tour\/#breadcrumb"},"inLanguage":"es","potentialAction":[{"@type":"ReadAction","target":["https:\/\/rivierafam.com.mx\/es\/producto\/cenotes-tour\/"]}]},{"@type":"ImageObject","inLanguage":"es","@id":"https:\/\/rivierafam.com.mx\/es\/producto\/cenotes-tour\/#primaryimage","url":"https:\/\/rivierafam.com.mx\/wp-content\/uploads\/2024\/06\/PHOTO-2023-03-16-15-16-58.jpg","contentUrl":"https:\/\/rivierafam.com.mx\/wp-content\/uploads\/2024\/06\/PHOTO-2023-03-16-15-16-58.jpg","width":1280,"height":958},{"@type":"BreadcrumbList","@id":"https:\/\/rivierafam.com.mx\/es\/producto\/cenotes-tour\/#breadcrumb","itemListElement":[{"@type":"ListItem","position":1,"name":"Portada","item":"https:\/\/rivierafam.com.mx\/es\/"},{"@type":"ListItem","position":2,"name":"All Tours","item":"https:\/\/rivierafam.com.mx\/tours\/"},{"@type":"ListItem","position":3,"name":"Tour cenotes"}]},{"@type":"WebSite","@id":"https:\/\/rivierafam.com.mx\/#website","url":"https:\/\/rivierafam.com.mx\/","name":"Tours in Riviera Maya - RIVIERA FAM","description":"Private tours and day activities in Riviera Maya","publisher":{"@id":"https:\/\/rivierafam.com.mx\/#organization"},"alternateName":"Riviera Fam","potentialAction":[{"@type":"SearchAction","target":{"@type":"EntryPoint","urlTemplate":"https:\/\/rivierafam.com.mx\/?s={search_term_string}"},"query-input":{"@type":"PropertyValueSpecification","valueRequired":true,"valueName":"search_term_string"}}],"inLanguage":"es"},{"@type":"Organization","@id":"https:\/\/rivierafam.com.mx\/#organization","name":"Tours in Riviera Maya - RIVIERA FAM","alternateName":"Riviera Fam","url":"https:\/\/rivierafam.com.mx\/","logo":{"@type":"ImageObject","inLanguage":"es","@id":"https:\/\/rivierafam.com.mx\/#\/schema\/logo\/image\/","url":"https:\/\/rivierafam.com.mx\/wp-content\/uploads\/2024\/06\/riviera-fam-logo-negro00012.png","contentUrl":"https:\/\/rivierafam.com.mx\/wp-content\/uploads\/2024\/06\/riviera-fam-logo-negro00012.png","width":660,"height":957,"caption":"Tours in Riviera Maya - RIVIERA FAM"},"image":{"@id":"https:\/\/rivierafam.com.mx\/#\/schema\/logo\/image\/"},"sameAs":["https:\/\/www.facebook.com\/rivierasfam","https:\/\/www.instagram.com\/rivierasfam"]}]}},"_links":{"self":[{"href":"https:\/\/rivierafam.com.mx\/es\/wp-json\/wp\/v2\/product\/3059","targetHints":{"allow":["GET"]}}],"collection":[{"href":"https:\/\/rivierafam.com.mx\/es\/wp-json\/wp\/v2\/product"}],"about":[{"href":"https:\/\/rivierafam.com.mx\/es\/wp-json\/wp\/v2\/types\/product"}],"replies":[{"embeddable":true,"href":"https:\/\/rivierafam.com.mx\/es\/wp-json\/wp\/v2\/comments?post=3059"}],"wp:featuredmedia":[{"embeddable":true,"href":"https:\/\/rivierafam.com.mx\/es\/wp-json\/wp\/v2\/media\/4580"}],"wp:attachment":[{"href":"https:\/\/rivierafam.com.mx\/es\/wp-json\/wp\/v2\/media?parent=3059"}],"wp:term":[{"taxonomy":"product_brand","embeddable":true,"href":"https:\/\/rivierafam.com.mx\/es\/wp-json\/wp\/v2\/product_brand?post=3059"},{"taxonomy":"product_cat","embeddable":true,"href":"https:\/\/rivierafam.com.mx\/es\/wp-json\/wp\/v2\/product_cat?post=3059"},{"taxonomy":"product_tag","embeddable":true,"href":"https:\/\/rivierafam.com.mx\/es\/wp-json\/wp\/v2\/product_tag?post=3059"},{"taxonomy":"mwb_booking_cost","embeddable":true,"href":"https:\/\/rivierafam.com.mx\/es\/wp-json\/wp\/v2\/mwb_booking_cost?post=3059"},{"taxonomy":"mwb_booking_service","embeddable":true,"href":"https:\/\/rivierafam.com.mx\/es\/wp-json\/wp\/v2\/mwb_booking_service?post=3059"}],"curies":[{"name":"wp","href":"https:\/\/api.w.org\/{rel}","templated":true}]}}