{"id":3083,"date":"2024-06-05T18:21:46","date_gmt":"2024-06-05T18:21:46","guid":{"rendered":"https:\/\/rivierafam.com.mx\/producto\/taco-tour\/"},"modified":"2024-06-29T19:19:01","modified_gmt":"2024-06-30T00:19:01","slug":"taco-tour","status":"publish","type":"product","link":"https:\/\/rivierafam.com.mx\/es\/producto-es\/taco-tour\/","title":{"rendered":"Tour de Tacos"},"content":{"rendered":"<p><strong><span class=\"x1c3i2sq x19la9d6 x1fc57z9 xexx8yu x19um543 x18d9i69 x1m6msm x6ikm8r x10wlt62 x19co3pv x1g5zs5t xfibh0p xiy17q3 x1xsqp64\"><span class=\"\">\ud83c\udff5\ufe0f <\/span><\/span>Precio basado en 4 pax<br \/>\n\ud83d\udc12 Todas las edades<br \/>\n\ud83d\udd50 Visita con horario sugerido 4:30 pM<br \/>\n<span class=\"x1c3i2sq x19la9d6 x1fc57z9 xexx8yu x19um543 x18d9i69 x1m6msm x6ikm8r x10wlt62 x19co3pv x1g5zs5t xfibh0p xiy17q3 x1xsqp64\"><span class=\"\">\ud83c\udf4c 5-6 horas<br \/>\n\ud83d\udeab\ud83e\udd6c No contamos con opciones vegetarianas<\/span><\/span><\/strong><\/p>\n<p>Ven y \u00fanete a nuestro tour de tacos, donde podr\u00e1s deleitarte con tacos ilimitados de tres tipos diferentes mientras exploras los sabores locales de Playa del Carmen. Tambi\u00e9n tendr\u00e1s la oportunidad de visitar una panader\u00eda local y disfrutar de una hora en la renombrada 5\u00aa Avenida. Con transporte privado de ida y vuelta incluido, \u00e9sta es una excelente oportunidad para saborear la aut\u00e9ntica cocina mexicana y sumergirte en la vibrante cultura de la zona.<\/p>\n<h4>\u00bfPor qu\u00e9 comer con nosotros?<\/h4>\n<p><strong>Delicia culinaria:<\/strong><br \/>\nDisfruta de la oportunidad de saborear tacos ilimitados de tres tipos diferentes, que te proporcionar\u00e1n un delicioso y aut\u00e9ntico sabor de la comida callejera mexicana.<\/p>\n<p><strong>Inmersi\u00f3n cultural:<\/strong><br \/>\nExplora los sabores y tradiciones locales de Playa del Carmen visitando una panader\u00eda local, que ofrece una visi\u00f3n del patrimonio culinario de la regi\u00f3n.<\/p>\n<p><strong>Experiencia c\u00f3moda:<\/strong><br \/>\nCon transporte privado de ida y vuelta incluido, reservar nuestro tour de tacos te garantiza una excursi\u00f3n c\u00f3moda y sin complicaciones, permiti\u00e9ndote centrarte en saborear la deliciosa comida y disfrutar de tu tiempo en la 5\u00aa Avenida.<\/p>\n<p>&nbsp;<\/p>\n<h4>\u00bfQu\u00e9 incluye?<\/h4>\n<p><span style=\"font-weight: 400;\">Todo lo que puedas comer de tacos. 3 tipos diferentes<br \/>\n<\/span><span style=\"font-weight: 400;\">Visita una panader\u00eda local<br \/>\n<\/span><span style=\"font-weight: 400;\">Una hora para pasar en la 5\u00aa avenida de Playa del Carmen<br \/>\n<\/span><span style=\"font-weight: 400;\">Transporte privado ida y vuelta<br \/>\nUnidades limpias y seguras equipadas con aire acondicionado<\/span><\/p>\n<p>&nbsp;<\/p>\n<h4>\u00bfQu\u00e9 no est\u00e1 incluido?<\/h4>\n<p><span style=\"font-weight: 400;\">Bebidas durante el desayuno y la comida<br \/>\n<\/span><span style=\"font-weight: 400;\">Propinas para el personal<\/span><\/p>\n<p>&nbsp;<\/p>\n<h4>\u00bfQu\u00e9 necesitas llevar?<\/h4>\n<p>Confirmaci\u00f3n digital de la reserva<br \/>\nTraje de ba\u00f1o<br \/>\nToalla<br \/>\nProtector solar biodegradable<br \/>\nCambio de ropa<br \/>\nDinero en efectivo para bebidas y propinas<\/p>\n<p>&nbsp;<\/p>\n<h4><span style=\"color: #bdc001;\">Reserva con el 10% ahora<\/span><br \/>\ny termina de pagar el d\u00eda de tour.\ud83d\udc12<br \/>\n<span style=\"font-size: 15px; font-weight: 200;\">Aceptamos pagos en efectivo y todas las tarjetas de cr\u00e9dito y d\u00e9bito.<\/span><\/h4>\n<p style=\"font-size: 15px;\">Dep\u00f3sito no reembolsable. <strong>Consulta nuestras <a href=\"https:\/\/rivierafam.com.mx\/terms\">pol\u00edticas de cancelaci\u00f3n <\/a><\/strong><\/p>\n","protected":false},"excerpt":{"rendered":"<p><strong><span class=\"x1c3i2sq x19la9d6 x1fc57z9 xexx8yu x19um543 x18d9i69 x1m6msm x6ikm8r x10wlt62 x19co3pv ... \n<\/p>\n","protected":false},"featured_media":3084,"comment_status":"closed","ping_status":"closed","template":"","meta":{"_joinchat":[]},"product_brand":[],"product_cat":[197,196,192,193,200],"product_tag":[204,205],"mwb_booking_cost":[],"mwb_booking_service":[],"class_list":{"0":"post-3083","1":"product","2":"type-product","3":"status-publish","4":"has-post-thumbnail","6":"product_cat-comida-tours","7":"product_cat-extra-fun-tours-esp","8":"product_cat-reservar","9":"product_cat-tours-esp","10":"product_cat-tours-privados","11":"product_tag-riviera-maya-es","12":"product_tag-tours-es","14":"first","15":"instock","16":"virtual","17":"purchasable","18":"product-type-mwb_booking"},"yoast_head":"<!-- This site is optimized with the Yoast SEO plugin v27.4 - https:\/\/yoast.com\/product\/yoast-seo-wordpress\/ -->\n<title>\ud83c\udf2e | Tour Privado de Tacos - Riviera Fam<\/title>\n<meta name=\"description\" content=\"Nuestro tour de tacos ofrece la oportunidad de disfrutar de tacos ilimitados de varios tipos, visitar una panader\u00eda local y un c\u00f3modo transporte de ida y vuelta\" \/>\n<meta name=\"robots\" content=\"index, follow, max-snippet:-1, max-image-preview:large, max-video-preview:-1\" \/>\n<link rel=\"canonical\" href=\"https:\/\/rivierafam.com.mx\/es\/producto-es\/taco-tour\/\" \/>\n<meta property=\"og:locale\" content=\"es_ES\" \/>\n<meta property=\"og:type\" content=\"article\" \/>\n<meta property=\"og:title\" content=\"\ud83c\udf2e | Private Taco Tour - Riviera Fam\" \/>\n<meta property=\"og:description\" content=\"Nuestro tour de tacos ofrece la oportunidad de disfrutar de tacos ilimitados de varios tipos, visitar una panader\u00eda local y un c\u00f3modo transporte de ida y vuelta\" \/>\n<meta property=\"og:url\" content=\"https:\/\/rivierafam.com.mx\/es\/producto-es\/taco-tour\/\" \/>\n<meta property=\"og:site_name\" content=\"RIVIERA FAM\" \/>\n<meta property=\"article:publisher\" content=\"https:\/\/www.facebook.com\/rivierasfam\" \/>\n<meta property=\"article:modified_time\" content=\"2024-06-30T00:19:01+00:00\" \/>\n<meta property=\"og:image\" content=\"https:\/\/rivierafam.com.mx\/wp-content\/uploads\/2024\/06\/taco-tour.jpg\" \/>\n\t<meta property=\"og:image:width\" content=\"1080\" \/>\n\t<meta property=\"og:image:height\" content=\"1080\" \/>\n\t<meta property=\"og:image:type\" content=\"image\/jpeg\" \/>\n<meta name=\"twitter:card\" content=\"summary_large_image\" \/>\n<meta name=\"twitter:label1\" content=\"Tiempo de lectura\" \/>\n\t<meta name=\"twitter:data1\" content=\"2 minutos\" \/>\n<script type=\"application\/ld+json\" class=\"yoast-schema-graph\">{\"@context\":\"https:\\\/\\\/schema.org\",\"@graph\":[{\"@type\":\"WebPage\",\"@id\":\"https:\\\/\\\/rivierafam.com.mx\\\/es\\\/producto-es\\\/taco-tour\\\/\",\"url\":\"https:\\\/\\\/rivierafam.com.mx\\\/es\\\/producto-es\\\/taco-tour\\\/\",\"name\":\"\ud83c\udf2e | Tour Privado de Tacos - Riviera Fam\",\"isPartOf\":{\"@id\":\"https:\\\/\\\/rivierafam.com.mx\\\/#website\"},\"primaryImageOfPage\":{\"@id\":\"https:\\\/\\\/rivierafam.com.mx\\\/es\\\/producto-es\\\/taco-tour\\\/#primaryimage\"},\"image\":{\"@id\":\"https:\\\/\\\/rivierafam.com.mx\\\/es\\\/producto-es\\\/taco-tour\\\/#primaryimage\"},\"thumbnailUrl\":\"https:\\\/\\\/rivierafam.com.mx\\\/wp-content\\\/uploads\\\/2024\\\/06\\\/taco-tour.jpg\",\"datePublished\":\"2024-06-05T18:21:46+00:00\",\"dateModified\":\"2024-06-30T00:19:01+00:00\",\"description\":\"Nuestro tour de tacos ofrece la oportunidad de disfrutar de tacos ilimitados de varios tipos, visitar una panader\u00eda local y un c\u00f3modo transporte de ida y vuelta\",\"breadcrumb\":{\"@id\":\"https:\\\/\\\/rivierafam.com.mx\\\/es\\\/producto-es\\\/taco-tour\\\/#breadcrumb\"},\"inLanguage\":\"es\",\"potentialAction\":[{\"@type\":\"ReadAction\",\"target\":[\"https:\\\/\\\/rivierafam.com.mx\\\/es\\\/producto-es\\\/taco-tour\\\/\"]}]},{\"@type\":\"ImageObject\",\"inLanguage\":\"es\",\"@id\":\"https:\\\/\\\/rivierafam.com.mx\\\/es\\\/producto-es\\\/taco-tour\\\/#primaryimage\",\"url\":\"https:\\\/\\\/rivierafam.com.mx\\\/wp-content\\\/uploads\\\/2024\\\/06\\\/taco-tour.jpg\",\"contentUrl\":\"https:\\\/\\\/rivierafam.com.mx\\\/wp-content\\\/uploads\\\/2024\\\/06\\\/taco-tour.jpg\",\"width\":1080,\"height\":1080},{\"@type\":\"BreadcrumbList\",\"@id\":\"https:\\\/\\\/rivierafam.com.mx\\\/es\\\/producto-es\\\/taco-tour\\\/#breadcrumb\",\"itemListElement\":[{\"@type\":\"ListItem\",\"position\":1,\"name\":\"Portada\",\"item\":\"https:\\\/\\\/rivierafam.com.mx\\\/es\\\/\"},{\"@type\":\"ListItem\",\"position\":2,\"name\":\"All Tours\",\"item\":\"https:\\\/\\\/rivierafam.com.mx\\\/tours\\\/\"},{\"@type\":\"ListItem\",\"position\":3,\"name\":\"Tour de Tacos\"}]},{\"@type\":\"WebSite\",\"@id\":\"https:\\\/\\\/rivierafam.com.mx\\\/#website\",\"url\":\"https:\\\/\\\/rivierafam.com.mx\\\/\",\"name\":\"Tours in Riviera Maya - RIVIERA FAM\",\"description\":\"Private tours and day activities in Riviera Maya\",\"publisher\":{\"@id\":\"https:\\\/\\\/rivierafam.com.mx\\\/#organization\"},\"alternateName\":\"Riviera Fam\",\"potentialAction\":[{\"@type\":\"SearchAction\",\"target\":{\"@type\":\"EntryPoint\",\"urlTemplate\":\"https:\\\/\\\/rivierafam.com.mx\\\/?s={search_term_string}\"},\"query-input\":{\"@type\":\"PropertyValueSpecification\",\"valueRequired\":true,\"valueName\":\"search_term_string\"}}],\"inLanguage\":\"es\"},{\"@type\":\"Organization\",\"@id\":\"https:\\\/\\\/rivierafam.com.mx\\\/#organization\",\"name\":\"Tours in Riviera Maya - RIVIERA FAM\",\"alternateName\":\"Riviera Fam\",\"url\":\"https:\\\/\\\/rivierafam.com.mx\\\/\",\"logo\":{\"@type\":\"ImageObject\",\"inLanguage\":\"es\",\"@id\":\"https:\\\/\\\/rivierafam.com.mx\\\/#\\\/schema\\\/logo\\\/image\\\/\",\"url\":\"https:\\\/\\\/rivierafam.com.mx\\\/wp-content\\\/uploads\\\/2024\\\/06\\\/riviera-fam-logo-negro00012.png\",\"contentUrl\":\"https:\\\/\\\/rivierafam.com.mx\\\/wp-content\\\/uploads\\\/2024\\\/06\\\/riviera-fam-logo-negro00012.png\",\"width\":660,\"height\":957,\"caption\":\"Tours in Riviera Maya - RIVIERA FAM\"},\"image\":{\"@id\":\"https:\\\/\\\/rivierafam.com.mx\\\/#\\\/schema\\\/logo\\\/image\\\/\"},\"sameAs\":[\"https:\\\/\\\/www.facebook.com\\\/rivierasfam\",\"https:\\\/\\\/www.instagram.com\\\/rivierasfam\"]}]}<\/script>\n<!-- \/ Yoast SEO plugin. -->","yoast_head_json":{"title":"\ud83c\udf2e | Tour Privado de Tacos - Riviera Fam","description":"Nuestro tour de tacos ofrece la oportunidad de disfrutar de tacos ilimitados de varios tipos, visitar una panader\u00eda local y un c\u00f3modo transporte de ida y vuelta","robots":{"index":"index","follow":"follow","max-snippet":"max-snippet:-1","max-image-preview":"max-image-preview:large","max-video-preview":"max-video-preview:-1"},"canonical":"https:\/\/rivierafam.com.mx\/es\/producto-es\/taco-tour\/","og_locale":"es_ES","og_type":"article","og_title":"\ud83c\udf2e | Private Taco Tour - Riviera Fam","og_description":"Nuestro tour de tacos ofrece la oportunidad de disfrutar de tacos ilimitados de varios tipos, visitar una panader\u00eda local y un c\u00f3modo transporte de ida y vuelta","og_url":"https:\/\/rivierafam.com.mx\/es\/producto-es\/taco-tour\/","og_site_name":"RIVIERA FAM","article_publisher":"https:\/\/www.facebook.com\/rivierasfam","article_modified_time":"2024-06-30T00:19:01+00:00","og_image":[{"width":1080,"height":1080,"url":"https:\/\/rivierafam.com.mx\/wp-content\/uploads\/2024\/06\/taco-tour.jpg","type":"image\/jpeg"}],"twitter_card":"summary_large_image","twitter_misc":{"Tiempo de lectura":"2 minutos"},"schema":{"@context":"https:\/\/schema.org","@graph":[{"@type":"WebPage","@id":"https:\/\/rivierafam.com.mx\/es\/producto-es\/taco-tour\/","url":"https:\/\/rivierafam.com.mx\/es\/producto-es\/taco-tour\/","name":"\ud83c\udf2e | Tour Privado de Tacos - Riviera Fam","isPartOf":{"@id":"https:\/\/rivierafam.com.mx\/#website"},"primaryImageOfPage":{"@id":"https:\/\/rivierafam.com.mx\/es\/producto-es\/taco-tour\/#primaryimage"},"image":{"@id":"https:\/\/rivierafam.com.mx\/es\/producto-es\/taco-tour\/#primaryimage"},"thumbnailUrl":"https:\/\/rivierafam.com.mx\/wp-content\/uploads\/2024\/06\/taco-tour.jpg","datePublished":"2024-06-05T18:21:46+00:00","dateModified":"2024-06-30T00:19:01+00:00","description":"Nuestro tour de tacos ofrece la oportunidad de disfrutar de tacos ilimitados de varios tipos, visitar una panader\u00eda local y un c\u00f3modo transporte de ida y vuelta","breadcrumb":{"@id":"https:\/\/rivierafam.com.mx\/es\/producto-es\/taco-tour\/#breadcrumb"},"inLanguage":"es","potentialAction":[{"@type":"ReadAction","target":["https:\/\/rivierafam.com.mx\/es\/producto-es\/taco-tour\/"]}]},{"@type":"ImageObject","inLanguage":"es","@id":"https:\/\/rivierafam.com.mx\/es\/producto-es\/taco-tour\/#primaryimage","url":"https:\/\/rivierafam.com.mx\/wp-content\/uploads\/2024\/06\/taco-tour.jpg","contentUrl":"https:\/\/rivierafam.com.mx\/wp-content\/uploads\/2024\/06\/taco-tour.jpg","width":1080,"height":1080},{"@type":"BreadcrumbList","@id":"https:\/\/rivierafam.com.mx\/es\/producto-es\/taco-tour\/#breadcrumb","itemListElement":[{"@type":"ListItem","position":1,"name":"Portada","item":"https:\/\/rivierafam.com.mx\/es\/"},{"@type":"ListItem","position":2,"name":"All Tours","item":"https:\/\/rivierafam.com.mx\/tours\/"},{"@type":"ListItem","position":3,"name":"Tour de Tacos"}]},{"@type":"WebSite","@id":"https:\/\/rivierafam.com.mx\/#website","url":"https:\/\/rivierafam.com.mx\/","name":"Tours in Riviera Maya - RIVIERA FAM","description":"Private tours and day activities in Riviera Maya","publisher":{"@id":"https:\/\/rivierafam.com.mx\/#organization"},"alternateName":"Riviera Fam","potentialAction":[{"@type":"SearchAction","target":{"@type":"EntryPoint","urlTemplate":"https:\/\/rivierafam.com.mx\/?s={search_term_string}"},"query-input":{"@type":"PropertyValueSpecification","valueRequired":true,"valueName":"search_term_string"}}],"inLanguage":"es"},{"@type":"Organization","@id":"https:\/\/rivierafam.com.mx\/#organization","name":"Tours in Riviera Maya - RIVIERA FAM","alternateName":"Riviera Fam","url":"https:\/\/rivierafam.com.mx\/","logo":{"@type":"ImageObject","inLanguage":"es","@id":"https:\/\/rivierafam.com.mx\/#\/schema\/logo\/image\/","url":"https:\/\/rivierafam.com.mx\/wp-content\/uploads\/2024\/06\/riviera-fam-logo-negro00012.png","contentUrl":"https:\/\/rivierafam.com.mx\/wp-content\/uploads\/2024\/06\/riviera-fam-logo-negro00012.png","width":660,"height":957,"caption":"Tours in Riviera Maya - RIVIERA FAM"},"image":{"@id":"https:\/\/rivierafam.com.mx\/#\/schema\/logo\/image\/"},"sameAs":["https:\/\/www.facebook.com\/rivierasfam","https:\/\/www.instagram.com\/rivierasfam"]}]}},"_links":{"self":[{"href":"https:\/\/rivierafam.com.mx\/es\/wp-json\/wp\/v2\/product\/3083","targetHints":{"allow":["GET"]}}],"collection":[{"href":"https:\/\/rivierafam.com.mx\/es\/wp-json\/wp\/v2\/product"}],"about":[{"href":"https:\/\/rivierafam.com.mx\/es\/wp-json\/wp\/v2\/types\/product"}],"replies":[{"embeddable":true,"href":"https:\/\/rivierafam.com.mx\/es\/wp-json\/wp\/v2\/comments?post=3083"}],"wp:featuredmedia":[{"embeddable":true,"href":"https:\/\/rivierafam.com.mx\/es\/wp-json\/wp\/v2\/media\/3084"}],"wp:attachment":[{"href":"https:\/\/rivierafam.com.mx\/es\/wp-json\/wp\/v2\/media?parent=3083"}],"wp:term":[{"taxonomy":"product_brand","embeddable":true,"href":"https:\/\/rivierafam.com.mx\/es\/wp-json\/wp\/v2\/product_brand?post=3083"},{"taxonomy":"product_cat","embeddable":true,"href":"https:\/\/rivierafam.com.mx\/es\/wp-json\/wp\/v2\/product_cat?post=3083"},{"taxonomy":"product_tag","embeddable":true,"href":"https:\/\/rivierafam.com.mx\/es\/wp-json\/wp\/v2\/product_tag?post=3083"},{"taxonomy":"mwb_booking_cost","embeddable":true,"href":"https:\/\/rivierafam.com.mx\/es\/wp-json\/wp\/v2\/mwb_booking_cost?post=3083"},{"taxonomy":"mwb_booking_service","embeddable":true,"href":"https:\/\/rivierafam.com.mx\/es\/wp-json\/wp\/v2\/mwb_booking_service?post=3083"}],"curies":[{"name":"wp","href":"https:\/\/api.w.org\/{rel}","templated":true}]}}