{"id":3085,"date":"2024-06-06T10:13:14","date_gmt":"2024-06-06T15:13:14","guid":{"rendered":"https:\/\/rivierafam.com.mx\/producto\/riviera-insta-experience\/"},"modified":"2024-06-29T15:58:39","modified_gmt":"2024-06-29T20:58:39","slug":"riviera-insta-experience","status":"publish","type":"product","link":"https:\/\/rivierafam.com.mx\/es\/producto-es\/riviera-insta-experience\/","title":{"rendered":"Experiencia Insta Riviera"},"content":{"rendered":"<p><strong>Precio basado en 4 pax<br \/>\n<\/strong><span class=\"x1c3i2sq x19la9d6 x1fc57z9 xexx8yu x19um543 x18d9i69 x1m6msm x6ikm8r x10wlt62 x19co3pv x1g5zs5t xfibh0p xiy17q3 x1xsqp64\"><span class=\"\">\ud83e\udedb<\/span><\/span><strong>Opciones aptas para vegetarianos<br \/>\n<\/strong>\ud83d\udc12 <strong>Todas las edades<br \/>\n\ud83d\udd50 Horario sugerido visita 8:00 AM<br \/>\n<\/strong><\/p>\n<p><strong>Lugares de la Riviera Maya en Instagram<\/strong><\/p>\n<p>Descubre el coraz\u00f3n de la Riviera Maya a trav\u00e9s del objetivo de tu c\u00e1mara en nuestro exclusivo Instagram Tour. Dise\u00f1ada pensando en el viajero experto en redes sociales, esta aventura es la mezcla perfecta de paisajes impresionantes, joyas ocultas y delicias culinarias, todo listo para ser capturado y compartido con tus seguidores.<\/p>\n<p><strong>Descubre maravillas fotog\u00e9nicas<\/strong><br \/>\nEmb\u00e1rcate en un viaje que te lleve m\u00e1s all\u00e1 de lo ordinario. En cada parada, desde las vibrantes calles adornadas con vivos murales hasta las serenas aguas de cenotes secretos, tu feed de Instagram cobrar\u00e1 vida con colores, texturas e historias. Nuestros gu\u00edas expertos conocen todos los \u00e1ngulos adecuados para ayudarte a capturar el alma de la Riviera Maya en cada toma.<\/p>\n<p><strong>Playas v\u00edrgenes y ruinas antiguas<\/strong><br \/>\nNo necesitas filtro para disfrutar de la belleza pr\u00edstina de las solitarias playas de la Riviera Maya. Tus seguidores quedar\u00e1n asombrados al ver las aguas turquesas y la arena pulverulenta que aparecen en su feed. Pero eso no es todo: las majestuosas ruinas de Tulum aguardan, erguidas sobre el tel\u00f3n de fondo del mar Caribe, ofreciendo una visi\u00f3n de un mundo antiguo congelado en el tiempo, listo para su renacimiento digital en tu red.<\/p>\n<p><strong>El sabor del para\u00edso<\/strong><br \/>\n\u00bfQu\u00e9 es una excursi\u00f3n sin los tentadores sabores de la cocina local? Te guiaremos hasta un elegante restaurante junto a la playa donde los platos no s\u00f3lo son un fest\u00edn para el paladar, sino tambi\u00e9n para la vista. Al final del d\u00eda, brinda por tu inolvidable experiencia con c\u00f3cteles exclusivos frente a la puesta de sol, un momento de la hora dorada que seguro que har\u00e1 que los corazones hagan doblete.<\/p>\n<p><strong>\u00bfPor qu\u00e9 elegir nuestro Instagram Tour?<\/strong><br \/>\nNuestro recorrido, cuidadosamente seleccionado, es algo m\u00e1s que un simple viaje tur\u00edstico: es el sue\u00f1o de todo creador de contenidos, empaquetado en un paquete c\u00f3modo y emocionante. En un solo d\u00eda, experimentar\u00e1s lo mejor de Rivier Maya, creando recuerdos y contenidos que destacar\u00e1n. Esta excursi\u00f3n es ideal para quienes disponen de poco tiempo pero desean vivir una experiencia completa en la Riviera Maya, ya que te garantiza que te ir\u00e1s con el coraz\u00f3n lleno y el carrete de la c\u00e1mara a\u00fan m\u00e1s lleno.<\/p>\n<p>\u00danete a nosotros y transforma tu visita a la Riviera Maya en un envidiable viaje para Instagram. Con plazas limitadas, reserva tu plaza en nuestra exclusiva excursi\u00f3n y prep\u00e1rate para llenar tu feed de im\u00e1genes inolvidables.<\/p>\n<h4><\/h4>\n<h4><span style=\"color: #bdc001;\">Reserva con el 10% ahora<\/span><br \/>\ny termina de pagar el d\u00eda de tour.\ud83d\udc12<br \/>\n<span style=\"font-size: 15px; font-weight: 200;\">Aceptamos pagos en efectivo y todas las tarjetas de cr\u00e9dito y d\u00e9bito.<\/span><\/h4>\n<p style=\"font-size: 15px;\">Dep\u00f3sito no reembolsable. <strong>Consulta nuestras <a href=\"https:\/\/rivierafam.com.mx\/terms\">pol\u00edticas de cancelaci\u00f3n <\/a><\/strong><\/p>\n","protected":false},"excerpt":{"rendered":"<p><strong>Precio basado en 4 pax<\/strong><\/p>\n<h4><span style=\"color: #bdc001;\">Reserva con el 10% ahora<\/span><br \/>\ny &#8230; <\/p>\n","protected":false},"featured_media":3086,"comment_status":"closed","ping_status":"closed","template":"","meta":{"_joinchat":[]},"product_brand":[],"product_cat":[196,192],"product_tag":[204,205],"mwb_booking_cost":[],"mwb_booking_service":[],"class_list":{"0":"post-3085","1":"product","2":"type-product","3":"status-publish","4":"has-post-thumbnail","6":"product_cat-extra-fun-tours-esp","7":"product_cat-reservar","8":"product_tag-riviera-maya-es","9":"product_tag-tours-es","11":"first","12":"outofstock","13":"virtual","14":"purchasable","15":"product-type-mwb_booking"},"yoast_head":"<!-- This site is optimized with the Yoast SEO plugin v27.4 - https:\/\/yoast.com\/product\/yoast-seo-wordpress\/ -->\n<title>\ud83c\udf2e Riviera Insta Experience | - Riviera Fam<\/title>\n<meta name=\"description\" content=\"Emb\u00e1rcate en nuestro Instagram Tour de la Riviera Maya para capturar y compartir los paisajes m\u00e1s impresionantes de la regi\u00f3n, sus antiguas ruinas y sus delicias culinarias, todo ello a trav\u00e9s del objetivo perfecto de tu c\u00e1mara.\" \/>\n<meta name=\"robots\" content=\"index, follow, max-snippet:-1, max-image-preview:large, max-video-preview:-1\" \/>\n<link rel=\"canonical\" href=\"https:\/\/rivierafam.com.mx\/es\/producto-es\/riviera-insta-experience\/\" \/>\n<meta property=\"og:locale\" content=\"es_ES\" \/>\n<meta property=\"og:type\" content=\"article\" \/>\n<meta property=\"og:title\" content=\"\ud83c\udf2e Riviera Insta Experience Tour | - Riviera Fam\" \/>\n<meta property=\"og:description\" content=\"Emb\u00e1rcate en nuestro Instagram Tour de la Riviera Maya para capturar y compartir los paisajes m\u00e1s impresionantes de la regi\u00f3n, sus antiguas ruinas y sus delicias culinarias, todo ello a trav\u00e9s del objetivo perfecto de tu c\u00e1mara.\" \/>\n<meta property=\"og:url\" content=\"https:\/\/rivierafam.com.mx\/es\/producto-es\/riviera-insta-experience\/\" \/>\n<meta property=\"og:site_name\" content=\"RIVIERA FAM\" \/>\n<meta property=\"article:publisher\" content=\"https:\/\/www.facebook.com\/rivierasfam\" \/>\n<meta property=\"article:modified_time\" content=\"2024-06-29T20:58:39+00:00\" \/>\n<meta property=\"og:image\" content=\"https:\/\/rivierafam.com.mx\/wp-content\/uploads\/2024\/06\/tulum-tour-a-local-family-experience-riviera-fam-00022.jpg\" \/>\n\t<meta property=\"og:image:width\" content=\"1080\" \/>\n\t<meta property=\"og:image:height\" content=\"1080\" \/>\n\t<meta property=\"og:image:type\" content=\"image\/jpeg\" \/>\n<meta name=\"twitter:card\" content=\"summary_large_image\" \/>\n<meta name=\"twitter:label1\" content=\"Tiempo de lectura\" \/>\n\t<meta name=\"twitter:data1\" content=\"3 minutos\" \/>\n<script type=\"application\/ld+json\" class=\"yoast-schema-graph\">{\"@context\":\"https:\\\/\\\/schema.org\",\"@graph\":[{\"@type\":\"WebPage\",\"@id\":\"https:\\\/\\\/rivierafam.com.mx\\\/es\\\/producto-es\\\/riviera-insta-experience\\\/\",\"url\":\"https:\\\/\\\/rivierafam.com.mx\\\/es\\\/producto-es\\\/riviera-insta-experience\\\/\",\"name\":\"\ud83c\udf2e Riviera Insta Experience | - Riviera Fam\",\"isPartOf\":{\"@id\":\"https:\\\/\\\/rivierafam.com.mx\\\/#website\"},\"primaryImageOfPage\":{\"@id\":\"https:\\\/\\\/rivierafam.com.mx\\\/es\\\/producto-es\\\/riviera-insta-experience\\\/#primaryimage\"},\"image\":{\"@id\":\"https:\\\/\\\/rivierafam.com.mx\\\/es\\\/producto-es\\\/riviera-insta-experience\\\/#primaryimage\"},\"thumbnailUrl\":\"https:\\\/\\\/rivierafam.com.mx\\\/wp-content\\\/uploads\\\/2024\\\/06\\\/tulum-tour-a-local-family-experience-riviera-fam-00022.jpg\",\"datePublished\":\"2024-06-06T15:13:14+00:00\",\"dateModified\":\"2024-06-29T20:58:39+00:00\",\"description\":\"Emb\u00e1rcate en nuestro Instagram Tour de la Riviera Maya para capturar y compartir los paisajes m\u00e1s impresionantes de la regi\u00f3n, sus antiguas ruinas y sus delicias culinarias, todo ello a trav\u00e9s del objetivo perfecto de tu c\u00e1mara.\",\"breadcrumb\":{\"@id\":\"https:\\\/\\\/rivierafam.com.mx\\\/es\\\/producto-es\\\/riviera-insta-experience\\\/#breadcrumb\"},\"inLanguage\":\"es\",\"potentialAction\":[{\"@type\":\"ReadAction\",\"target\":[\"https:\\\/\\\/rivierafam.com.mx\\\/es\\\/producto-es\\\/riviera-insta-experience\\\/\"]}]},{\"@type\":\"ImageObject\",\"inLanguage\":\"es\",\"@id\":\"https:\\\/\\\/rivierafam.com.mx\\\/es\\\/producto-es\\\/riviera-insta-experience\\\/#primaryimage\",\"url\":\"https:\\\/\\\/rivierafam.com.mx\\\/wp-content\\\/uploads\\\/2024\\\/06\\\/tulum-tour-a-local-family-experience-riviera-fam-00022.jpg\",\"contentUrl\":\"https:\\\/\\\/rivierafam.com.mx\\\/wp-content\\\/uploads\\\/2024\\\/06\\\/tulum-tour-a-local-family-experience-riviera-fam-00022.jpg\",\"width\":1080,\"height\":1080},{\"@type\":\"BreadcrumbList\",\"@id\":\"https:\\\/\\\/rivierafam.com.mx\\\/es\\\/producto-es\\\/riviera-insta-experience\\\/#breadcrumb\",\"itemListElement\":[{\"@type\":\"ListItem\",\"position\":1,\"name\":\"Portada\",\"item\":\"https:\\\/\\\/rivierafam.com.mx\\\/es\\\/\"},{\"@type\":\"ListItem\",\"position\":2,\"name\":\"All Tours\",\"item\":\"https:\\\/\\\/rivierafam.com.mx\\\/tours\\\/\"},{\"@type\":\"ListItem\",\"position\":3,\"name\":\"Experiencia Insta Riviera\"}]},{\"@type\":\"WebSite\",\"@id\":\"https:\\\/\\\/rivierafam.com.mx\\\/#website\",\"url\":\"https:\\\/\\\/rivierafam.com.mx\\\/\",\"name\":\"Tours in Riviera Maya - RIVIERA FAM\",\"description\":\"Private tours and day activities in Riviera Maya\",\"publisher\":{\"@id\":\"https:\\\/\\\/rivierafam.com.mx\\\/#organization\"},\"alternateName\":\"Riviera Fam\",\"potentialAction\":[{\"@type\":\"SearchAction\",\"target\":{\"@type\":\"EntryPoint\",\"urlTemplate\":\"https:\\\/\\\/rivierafam.com.mx\\\/?s={search_term_string}\"},\"query-input\":{\"@type\":\"PropertyValueSpecification\",\"valueRequired\":true,\"valueName\":\"search_term_string\"}}],\"inLanguage\":\"es\"},{\"@type\":\"Organization\",\"@id\":\"https:\\\/\\\/rivierafam.com.mx\\\/#organization\",\"name\":\"Tours in Riviera Maya - RIVIERA FAM\",\"alternateName\":\"Riviera Fam\",\"url\":\"https:\\\/\\\/rivierafam.com.mx\\\/\",\"logo\":{\"@type\":\"ImageObject\",\"inLanguage\":\"es\",\"@id\":\"https:\\\/\\\/rivierafam.com.mx\\\/#\\\/schema\\\/logo\\\/image\\\/\",\"url\":\"https:\\\/\\\/rivierafam.com.mx\\\/wp-content\\\/uploads\\\/2024\\\/06\\\/riviera-fam-logo-negro00012.png\",\"contentUrl\":\"https:\\\/\\\/rivierafam.com.mx\\\/wp-content\\\/uploads\\\/2024\\\/06\\\/riviera-fam-logo-negro00012.png\",\"width\":660,\"height\":957,\"caption\":\"Tours in Riviera Maya - RIVIERA FAM\"},\"image\":{\"@id\":\"https:\\\/\\\/rivierafam.com.mx\\\/#\\\/schema\\\/logo\\\/image\\\/\"},\"sameAs\":[\"https:\\\/\\\/www.facebook.com\\\/rivierasfam\",\"https:\\\/\\\/www.instagram.com\\\/rivierasfam\"]}]}<\/script>\n<!-- \/ Yoast SEO plugin. -->","yoast_head_json":{"title":"\ud83c\udf2e Riviera Insta Experience | - Riviera Fam","description":"Emb\u00e1rcate en nuestro Instagram Tour de la Riviera Maya para capturar y compartir los paisajes m\u00e1s impresionantes de la regi\u00f3n, sus antiguas ruinas y sus delicias culinarias, todo ello a trav\u00e9s del objetivo perfecto de tu c\u00e1mara.","robots":{"index":"index","follow":"follow","max-snippet":"max-snippet:-1","max-image-preview":"max-image-preview:large","max-video-preview":"max-video-preview:-1"},"canonical":"https:\/\/rivierafam.com.mx\/es\/producto-es\/riviera-insta-experience\/","og_locale":"es_ES","og_type":"article","og_title":"\ud83c\udf2e Riviera Insta Experience Tour | - Riviera Fam","og_description":"Emb\u00e1rcate en nuestro Instagram Tour de la Riviera Maya para capturar y compartir los paisajes m\u00e1s impresionantes de la regi\u00f3n, sus antiguas ruinas y sus delicias culinarias, todo ello a trav\u00e9s del objetivo perfecto de tu c\u00e1mara.","og_url":"https:\/\/rivierafam.com.mx\/es\/producto-es\/riviera-insta-experience\/","og_site_name":"RIVIERA FAM","article_publisher":"https:\/\/www.facebook.com\/rivierasfam","article_modified_time":"2024-06-29T20:58:39+00:00","og_image":[{"width":1080,"height":1080,"url":"https:\/\/rivierafam.com.mx\/wp-content\/uploads\/2024\/06\/tulum-tour-a-local-family-experience-riviera-fam-00022.jpg","type":"image\/jpeg"}],"twitter_card":"summary_large_image","twitter_misc":{"Tiempo de lectura":"3 minutos"},"schema":{"@context":"https:\/\/schema.org","@graph":[{"@type":"WebPage","@id":"https:\/\/rivierafam.com.mx\/es\/producto-es\/riviera-insta-experience\/","url":"https:\/\/rivierafam.com.mx\/es\/producto-es\/riviera-insta-experience\/","name":"\ud83c\udf2e Riviera Insta Experience | - Riviera Fam","isPartOf":{"@id":"https:\/\/rivierafam.com.mx\/#website"},"primaryImageOfPage":{"@id":"https:\/\/rivierafam.com.mx\/es\/producto-es\/riviera-insta-experience\/#primaryimage"},"image":{"@id":"https:\/\/rivierafam.com.mx\/es\/producto-es\/riviera-insta-experience\/#primaryimage"},"thumbnailUrl":"https:\/\/rivierafam.com.mx\/wp-content\/uploads\/2024\/06\/tulum-tour-a-local-family-experience-riviera-fam-00022.jpg","datePublished":"2024-06-06T15:13:14+00:00","dateModified":"2024-06-29T20:58:39+00:00","description":"Emb\u00e1rcate en nuestro Instagram Tour de la Riviera Maya para capturar y compartir los paisajes m\u00e1s impresionantes de la regi\u00f3n, sus antiguas ruinas y sus delicias culinarias, todo ello a trav\u00e9s del objetivo perfecto de tu c\u00e1mara.","breadcrumb":{"@id":"https:\/\/rivierafam.com.mx\/es\/producto-es\/riviera-insta-experience\/#breadcrumb"},"inLanguage":"es","potentialAction":[{"@type":"ReadAction","target":["https:\/\/rivierafam.com.mx\/es\/producto-es\/riviera-insta-experience\/"]}]},{"@type":"ImageObject","inLanguage":"es","@id":"https:\/\/rivierafam.com.mx\/es\/producto-es\/riviera-insta-experience\/#primaryimage","url":"https:\/\/rivierafam.com.mx\/wp-content\/uploads\/2024\/06\/tulum-tour-a-local-family-experience-riviera-fam-00022.jpg","contentUrl":"https:\/\/rivierafam.com.mx\/wp-content\/uploads\/2024\/06\/tulum-tour-a-local-family-experience-riviera-fam-00022.jpg","width":1080,"height":1080},{"@type":"BreadcrumbList","@id":"https:\/\/rivierafam.com.mx\/es\/producto-es\/riviera-insta-experience\/#breadcrumb","itemListElement":[{"@type":"ListItem","position":1,"name":"Portada","item":"https:\/\/rivierafam.com.mx\/es\/"},{"@type":"ListItem","position":2,"name":"All Tours","item":"https:\/\/rivierafam.com.mx\/tours\/"},{"@type":"ListItem","position":3,"name":"Experiencia Insta Riviera"}]},{"@type":"WebSite","@id":"https:\/\/rivierafam.com.mx\/#website","url":"https:\/\/rivierafam.com.mx\/","name":"Tours in Riviera Maya - RIVIERA FAM","description":"Private tours and day activities in Riviera Maya","publisher":{"@id":"https:\/\/rivierafam.com.mx\/#organization"},"alternateName":"Riviera Fam","potentialAction":[{"@type":"SearchAction","target":{"@type":"EntryPoint","urlTemplate":"https:\/\/rivierafam.com.mx\/?s={search_term_string}"},"query-input":{"@type":"PropertyValueSpecification","valueRequired":true,"valueName":"search_term_string"}}],"inLanguage":"es"},{"@type":"Organization","@id":"https:\/\/rivierafam.com.mx\/#organization","name":"Tours in Riviera Maya - RIVIERA FAM","alternateName":"Riviera Fam","url":"https:\/\/rivierafam.com.mx\/","logo":{"@type":"ImageObject","inLanguage":"es","@id":"https:\/\/rivierafam.com.mx\/#\/schema\/logo\/image\/","url":"https:\/\/rivierafam.com.mx\/wp-content\/uploads\/2024\/06\/riviera-fam-logo-negro00012.png","contentUrl":"https:\/\/rivierafam.com.mx\/wp-content\/uploads\/2024\/06\/riviera-fam-logo-negro00012.png","width":660,"height":957,"caption":"Tours in Riviera Maya - RIVIERA FAM"},"image":{"@id":"https:\/\/rivierafam.com.mx\/#\/schema\/logo\/image\/"},"sameAs":["https:\/\/www.facebook.com\/rivierasfam","https:\/\/www.instagram.com\/rivierasfam"]}]}},"_links":{"self":[{"href":"https:\/\/rivierafam.com.mx\/es\/wp-json\/wp\/v2\/product\/3085","targetHints":{"allow":["GET"]}}],"collection":[{"href":"https:\/\/rivierafam.com.mx\/es\/wp-json\/wp\/v2\/product"}],"about":[{"href":"https:\/\/rivierafam.com.mx\/es\/wp-json\/wp\/v2\/types\/product"}],"replies":[{"embeddable":true,"href":"https:\/\/rivierafam.com.mx\/es\/wp-json\/wp\/v2\/comments?post=3085"}],"wp:featuredmedia":[{"embeddable":true,"href":"https:\/\/rivierafam.com.mx\/es\/wp-json\/wp\/v2\/media\/3086"}],"wp:attachment":[{"href":"https:\/\/rivierafam.com.mx\/es\/wp-json\/wp\/v2\/media?parent=3085"}],"wp:term":[{"taxonomy":"product_brand","embeddable":true,"href":"https:\/\/rivierafam.com.mx\/es\/wp-json\/wp\/v2\/product_brand?post=3085"},{"taxonomy":"product_cat","embeddable":true,"href":"https:\/\/rivierafam.com.mx\/es\/wp-json\/wp\/v2\/product_cat?post=3085"},{"taxonomy":"product_tag","embeddable":true,"href":"https:\/\/rivierafam.com.mx\/es\/wp-json\/wp\/v2\/product_tag?post=3085"},{"taxonomy":"mwb_booking_cost","embeddable":true,"href":"https:\/\/rivierafam.com.mx\/es\/wp-json\/wp\/v2\/mwb_booking_cost?post=3085"},{"taxonomy":"mwb_booking_service","embeddable":true,"href":"https:\/\/rivierafam.com.mx\/es\/wp-json\/wp\/v2\/mwb_booking_service?post=3085"}],"curies":[{"name":"wp","href":"https:\/\/api.w.org\/{rel}","templated":true}]}}